{"id":992,"date":"2019-03-26T18:40:25","date_gmt":"2019-03-26T17:40:25","guid":{"rendered":"http:\/\/kulturtage-poing.de\/?page_id=992"},"modified":"2019-03-26T18:41:34","modified_gmt":"2019-03-26T17:41:34","slug":"ein-leben-peter-alexander","status":"publish","type":"page","link":"http:\/\/kulturtage-poing.de\/?page_id=992","title":{"rendered":"Ein Leben \u2013 Peter Alexander"},"content":{"rendered":"\n<p class=\"has-medium-font-size\">\neine Musik-Revue von <strong>Annette Lubosch<\/strong><\/p>\n\n\n\n<div class=\"wp-block-media-text alignwide\"><figure class=\"wp-block-media-text__media\"><img loading=\"lazy\" decoding=\"async\" width=\"683\" height=\"1024\" src=\"http:\/\/kulturtage-poing.de\/wp-content\/uploads\/2019\/03\/ONBL_KW_10_Kulturtage-Poing_Bildrechte_Bianca-Berndt-Patschank-683x1024.jpg\" alt=\"Bildquelle: Bianca Berndt-Patschank\" class=\"wp-image-993\"\/><\/figure><div class=\"wp-block-media-text__content\">\n<p class=\"has-large-font-size\"> <\/p>\n\n\n\n<p><\/p>\n\n\n\n<p class=\"has-medium-font-size\">mit <strong>Richard Wiedl<\/strong> (Tenor) und <strong>Sophie Mengele<\/strong> (Klavier) <\/p>\n\n\n\n<p class=\"has-medium-font-size\">Freuen Sie sich auf die\nMusik-Revue \u201eEin Leben \u2013 Peter Alexander\u201c \u2013 \u00fcber den gro\u00dfartigen Showmaster mit\nallerlei bekannten und wunderbaren Melodien und Anekdoten aus seinem\ngro\u00dfartigen Leben. <\/p>\n<\/div><\/div>\n","protected":false},"excerpt":{"rendered":"<p>eine Musik-Revue von Annette Lubosch mit Richard Wiedl (Tenor) und Sophie Mengele (Klavier) Freuen Sie sich auf die Musik-Revue \u201eEin Leben \u2013 Peter Alexander\u201c \u2013 \u00fcber den gro\u00dfartigen Showmaster mit allerlei bekannten und wunderbaren Melodien und Anekdoten aus seinem gro\u00dfartigen Leben.<\/p>\n","protected":false},"author":1,"featured_media":0,"parent":0,"menu_order":0,"comment_status":"closed","ping_status":"closed","template":"","meta":{"footnotes":""},"class_list":["post-992","page","type-page","status-publish","czr-hentry"],"_links":{"self":[{"href":"http:\/\/kulturtage-poing.de\/index.php?rest_route=\/wp\/v2\/pages\/992","targetHints":{"allow":["GET"]}}],"collection":[{"href":"http:\/\/kulturtage-poing.de\/index.php?rest_route=\/wp\/v2\/pages"}],"about":[{"href":"http:\/\/kulturtage-poing.de\/index.php?rest_route=\/wp\/v2\/types\/page"}],"author":[{"embeddable":true,"href":"http:\/\/kulturtage-poing.de\/index.php?rest_route=\/wp\/v2\/users\/1"}],"replies":[{"embeddable":true,"href":"http:\/\/kulturtage-poing.de\/index.php?rest_route=%2Fwp%2Fv2%2Fcomments&post=992"}],"version-history":[{"count":2,"href":"http:\/\/kulturtage-poing.de\/index.php?rest_route=\/wp\/v2\/pages\/992\/revisions"}],"predecessor-version":[{"id":995,"href":"http:\/\/kulturtage-poing.de\/index.php?rest_route=\/wp\/v2\/pages\/992\/revisions\/995"}],"wp:attachment":[{"href":"http:\/\/kulturtage-poing.de\/index.php?rest_route=%2Fwp%2Fv2%2Fmedia&parent=992"}],"curies":[{"name":"wp","href":"https:\/\/api.w.org\/{rel}","templated":true}]}}