{"id":1377,"date":"2022-09-22T12:53:08","date_gmt":"2022-09-22T10:53:08","guid":{"rendered":"http:\/\/kulturtage-poing.de\/?page_id=1377"},"modified":"2023-04-13T08:54:56","modified_gmt":"2023-04-13T06:54:56","slug":"adel-verpachtet","status":"publish","type":"page","link":"https:\/\/kulturtage-poing.de\/?page_id=1377","title":{"rendered":"Adel verpachtet"},"content":{"rendered":"\n<p>Adel verpachtet \u2013 Unser Nachholtermin f\u00fcr das Theaterst\u00fcck von 2022<\/p>\n\n\n<div class=\"wp-block-image\">\n<figure class=\"alignleft size-full\"><a href=\"http:\/\/kulturtage-poing.de\/wp-content\/uploads\/2022\/09\/image.png\"><img loading=\"lazy\" decoding=\"async\" width=\"283\" height=\"283\" src=\"http:\/\/kulturtage-poing.de\/wp-content\/uploads\/2022\/09\/image.png\" alt=\"\" class=\"wp-image-1364\" srcset=\"https:\/\/kulturtage-poing.de\/wp-content\/uploads\/2022\/09\/image.png 283w, https:\/\/kulturtage-poing.de\/wp-content\/uploads\/2022\/09\/image-150x150.png 150w\" sizes=\"auto, (max-width: 283px) 100vw, 283px\" \/><\/a><\/figure>\n<\/div>\n\n\n<p>Eine bunt zusammengew\u00fcrfelte Gruppe von Schauspielerinnen und Schauspieler vom Schulkind bis zum Senior probt seit Anfang 2022 gemeinsam und mit viel Spa\u00df und Freude an diesem St\u00fcck,<br>Von Neulingen auf der Poinger B\u00fchne bis hin zu alten B\u00fchnenhasen, die schon seit Jahren dabei sind \u2013 eines ist uns allen gemeinsam: die Leidenschaft zum Theater, zur Schauspielerei und zur Verwirklichung einer Theaterauff\u00fchrung.<br>Wir sind alle vollkommen infiziert von der Macht, die von den Brettern, die die Welt bedeuten ausgeht.<br>Sie hat uns alle in ihren Bann gezogen und das hoffen wir, gelingt uns bei Ihnen  ebenfalls.<\/p>\n\n\n\n<p>Wir spielen \u201eAdel verpachtet\u201c von Klaus Mitschke unter der k\u00fcnstlerischen Leitung von Michael G\u00fctlich \u2013 Lassen Sie sich \u00fcberraschen!<\/p>\n\n\n\n<p><\/p>\n\n\n\n<p><\/p>\n\n\n\n<p>C\u00e4cilie zu Selmbach-D\u00fcssel ist v\u00f6llig pleite, ignoriert diesen Zustand aber mit Stil und durch ihren ausschweifenden Lebenswandel steht das stolze Anwesen kurz vor der Versteigerung.<\/p>\n\n\n\n<p>Durch den \u00fcberraschenden Besuch der Verm\u00f6gensverwalterin und der Hauptgl\u00e4ubigerin entsteht ein heilloses Durcheinander, wobei sich die Gr\u00e4fin immer weiter in Notl\u00fcgen verstrickt.<\/p>\n\n\n\n<p>Und was hat ein Sarkophag nebst Mumie mit der ganzen Sache zu tun?<\/p>\n\n\n\n<p><br>Lassen Sie sich \u00fcberraschen und nehmen Ihre pers\u00f6nliche Essenz am Ende des St\u00fcckes mit nach Hause.<\/p>\n\n\n\n<p>Wir versprechen Ihnen einen Theaterabend, den Sie so schnell bestimmt nicht vergessen werden!<\/p>\n","protected":false},"excerpt":{"rendered":"<p>Adel verpachtet \u2013 Unser Nachholtermin f\u00fcr das Theaterst\u00fcck von 2022 Eine bunt zusammengew\u00fcrfelte Gruppe von Schauspielerinnen und Schauspieler vom Schulkind bis zum Senior probt seit Anfang 2022 gemeinsam und mit viel Spa\u00df und Freude an diesem St\u00fcck,Von Neulingen auf der Poinger B\u00fchne bis hin zu alten B\u00fchnenhasen, die schon seit Jahren dabei sind \u2013 eines [&hellip;]<\/p>\n","protected":false},"author":2,"featured_media":0,"parent":0,"menu_order":0,"comment_status":"closed","ping_status":"closed","template":"","meta":{"footnotes":""},"class_list":["post-1377","page","type-page","status-publish","czr-hentry"],"_links":{"self":[{"href":"https:\/\/kulturtage-poing.de\/index.php?rest_route=\/wp\/v2\/pages\/1377","targetHints":{"allow":["GET"]}}],"collection":[{"href":"https:\/\/kulturtage-poing.de\/index.php?rest_route=\/wp\/v2\/pages"}],"about":[{"href":"https:\/\/kulturtage-poing.de\/index.php?rest_route=\/wp\/v2\/types\/page"}],"author":[{"embeddable":true,"href":"https:\/\/kulturtage-poing.de\/index.php?rest_route=\/wp\/v2\/users\/2"}],"replies":[{"embeddable":true,"href":"https:\/\/kulturtage-poing.de\/index.php?rest_route=%2Fwp%2Fv2%2Fcomments&post=1377"}],"version-history":[{"count":4,"href":"https:\/\/kulturtage-poing.de\/index.php?rest_route=\/wp\/v2\/pages\/1377\/revisions"}],"predecessor-version":[{"id":1857,"href":"https:\/\/kulturtage-poing.de\/index.php?rest_route=\/wp\/v2\/pages\/1377\/revisions\/1857"}],"wp:attachment":[{"href":"https:\/\/kulturtage-poing.de\/index.php?rest_route=%2Fwp%2Fv2%2Fmedia&parent=1377"}],"curies":[{"name":"wp","href":"https:\/\/api.w.org\/{rel}","templated":true}]}}