{"id":1386,"date":"2022-09-22T13:26:39","date_gmt":"2022-09-22T11:26:39","guid":{"rendered":"http:\/\/kulturtage-poing.de\/?page_id=1386"},"modified":"2022-09-22T13:26:41","modified_gmt":"2022-09-22T11:26:41","slug":"barbara-sauter-2","status":"publish","type":"page","link":"https:\/\/kulturtage-poing.de\/?page_id=1386","title":{"rendered":"Barbara Sauter"},"content":{"rendered":"<div class=\"wp-block-image\">\n<figure class=\"alignleft size-large is-resized\"><a href=\"http:\/\/kulturtage-poing.de\/wp-content\/uploads\/2022\/09\/DSC_1643-scaled.jpg\"><img loading=\"lazy\" decoding=\"async\" src=\"http:\/\/kulturtage-poing.de\/wp-content\/uploads\/2022\/09\/DSC_1643-edited.jpg\" alt=\"\" class=\"wp-image-1388\" width=\"178\" height=\"267\" srcset=\"https:\/\/kulturtage-poing.de\/wp-content\/uploads\/2022\/09\/DSC_1643-edited.jpg 1581w, https:\/\/kulturtage-poing.de\/wp-content\/uploads\/2022\/09\/DSC_1643-edited-200x300.jpg 200w, https:\/\/kulturtage-poing.de\/wp-content\/uploads\/2022\/09\/DSC_1643-edited-681x1024.jpg 681w, https:\/\/kulturtage-poing.de\/wp-content\/uploads\/2022\/09\/DSC_1643-edited-768x1154.jpg 768w, https:\/\/kulturtage-poing.de\/wp-content\/uploads\/2022\/09\/DSC_1643-edited-1022x1536.jpg 1022w, https:\/\/kulturtage-poing.de\/wp-content\/uploads\/2022\/09\/DSC_1643-edited-1363x2048.jpg 1363w\" sizes=\"auto, (max-width: 178px) 100vw, 178px\" \/><\/a><\/figure>\n<\/div>\n\n\n<p>Die aus dem Allg\u00e4u stammende Mezzosopranistin studierte Gesang und Operndarstellung in M\u00fcnchen an der Musikhochschule, war lange Jahre auch in den USA t\u00e4tig und ist seither eine gefragte S\u00e4ngerin, die sich im deutschsprachigen Raum vor allem im Bereich des Liedgesangs, aber auch im Operetten- und Opernfach einen Namen gemacht hat!<\/p>\n\n\n\n<p>Ihre stimmliche Bandbreite erm\u00f6glichen ihr eine Interpretation der unterschiedlichsten Stilrichtungen und Partien \u2013 von Mezzo- bis ins Sopran- oder sogar ins Altfach!<br>Unvergessen sind die vielen Operetten- und Galaabende als kongeniales Duo mit dem Buffotenor Richard Wiedl.<br>Ihr gro\u00dfes schauspielerisches Talent \u00f6ffnen ihr auch hier T\u00fcr und Tor und l\u00e4sst ihr Publikum immer wieder aufs Neue fasziniert sein!<\/p>\n\n\n\n<p>Auf der Homepage der K\u00fcnstlerin&nbsp;<a href=\"http:\/\/www.barbara-sauter.de\/\" target=\"_blank\" rel=\"noreferrer noopener\">www.barbara-sauter.de<\/a>&nbsp;und auf der&nbsp;<a href=\"https:\/\/www.facebook.com\/pages\/Offizielle-Barbara-Sauter-Fanpage\/784343648254357\" target=\"_blank\" rel=\"noreferrer noopener\">Offiziellen Barbara Sauter Fanpage&nbsp;<\/a>auf Facebook finden Sie weitere Informationen.<\/p>\n","protected":false},"excerpt":{"rendered":"<p>Die aus dem Allg\u00e4u stammende Mezzosopranistin studierte Gesang und Operndarstellung in M\u00fcnchen an der Musikhochschule, war lange Jahre auch in den USA t\u00e4tig und ist seither eine gefragte S\u00e4ngerin, die sich im deutschsprachigen Raum vor allem im Bereich des Liedgesangs, aber auch im Operetten- und Opernfach einen Namen gemacht hat! Ihre stimmliche Bandbreite erm\u00f6glichen ihr [&hellip;]<\/p>\n","protected":false},"author":2,"featured_media":0,"parent":0,"menu_order":0,"comment_status":"closed","ping_status":"closed","template":"","meta":{"footnotes":""},"class_list":["post-1386","page","type-page","status-publish","czr-hentry"],"_links":{"self":[{"href":"https:\/\/kulturtage-poing.de\/index.php?rest_route=\/wp\/v2\/pages\/1386","targetHints":{"allow":["GET"]}}],"collection":[{"href":"https:\/\/kulturtage-poing.de\/index.php?rest_route=\/wp\/v2\/pages"}],"about":[{"href":"https:\/\/kulturtage-poing.de\/index.php?rest_route=\/wp\/v2\/types\/page"}],"author":[{"embeddable":true,"href":"https:\/\/kulturtage-poing.de\/index.php?rest_route=\/wp\/v2\/users\/2"}],"replies":[{"embeddable":true,"href":"https:\/\/kulturtage-poing.de\/index.php?rest_route=%2Fwp%2Fv2%2Fcomments&post=1386"}],"version-history":[{"count":1,"href":"https:\/\/kulturtage-poing.de\/index.php?rest_route=\/wp\/v2\/pages\/1386\/revisions"}],"predecessor-version":[{"id":1389,"href":"https:\/\/kulturtage-poing.de\/index.php?rest_route=\/wp\/v2\/pages\/1386\/revisions\/1389"}],"wp:attachment":[{"href":"https:\/\/kulturtage-poing.de\/index.php?rest_route=%2Fwp%2Fv2%2Fmedia&parent=1386"}],"curies":[{"name":"wp","href":"https:\/\/api.w.org\/{rel}","templated":true}]}}