{"id":1390,"date":"2022-09-22T13:32:50","date_gmt":"2022-09-22T11:32:50","guid":{"rendered":"http:\/\/kulturtage-poing.de\/?page_id=1390"},"modified":"2022-09-22T13:32:52","modified_gmt":"2022-09-22T11:32:52","slug":"richard-wiedl-2","status":"publish","type":"page","link":"https:\/\/kulturtage-poing.de\/?page_id=1390","title":{"rendered":"Richard Wiedl"},"content":{"rendered":"<div class=\"wp-block-image\">\n<figure class=\"alignleft size-large is-resized\"><a href=\"http:\/\/kulturtage-poing.de\/wp-content\/uploads\/2019\/07\/DSC_4748.jpg\"><img decoding=\"async\" src=\"http:\/\/kulturtage-poing.de\/wp-content\/uploads\/2022\/09\/DSC_4748-edited-3.jpg\" alt=\"\" class=\"wp-image-1394\" width=\"263\" srcset=\"https:\/\/kulturtage-poing.de\/wp-content\/uploads\/2022\/09\/DSC_4748-edited-3.jpg 1940w, https:\/\/kulturtage-poing.de\/wp-content\/uploads\/2022\/09\/DSC_4748-edited-3-300x300.jpg 300w, https:\/\/kulturtage-poing.de\/wp-content\/uploads\/2022\/09\/DSC_4748-edited-3-1024x1024.jpg 1024w, https:\/\/kulturtage-poing.de\/wp-content\/uploads\/2022\/09\/DSC_4748-edited-3-150x150.jpg 150w, https:\/\/kulturtage-poing.de\/wp-content\/uploads\/2022\/09\/DSC_4748-edited-3-768x768.jpg 768w, https:\/\/kulturtage-poing.de\/wp-content\/uploads\/2022\/09\/DSC_4748-edited-3-1536x1536.jpg 1536w\" sizes=\"(max-width: 1940px) 100vw, 1940px\" \/><\/a><\/figure>\n<\/div>\n\n\n<p>Der aus M\u00fcnchen stammende Tenor gilt als Tausendsassa auf den B\u00fchnen dieser Welt.<br>Als ausgebildeter Buffo-Tenor ist er zumeist f\u00fcr die komischen und heiteren Partien in den St\u00fccken zust\u00e4ndig und beherrscht dieses Metier, wie kein Zweiter!<\/p>\n\n\n\n<p>Als kongeniales Duo mit Barbara Sauter an seiner Seite verzauberte er schon vielfach das deutsche, wie \u00f6sterreichische Publikum \u00fcber alle Ma\u00dfen!<\/p>\n\n\n\n<p>Ob er herzergreifend singt, t\u00e4nzerisch \u00fcber die B\u00fchne wirbelt oder gar akrobatische Kunstst\u00fccke vollbringt \u2013 eines ist sicher, die Damenwelt ist seinem Charme sofort erlegen!<\/p>\n\n\n\n<p>Lassen Sie sich \u00fcberraschen, denn eines ist gewiss: f\u00fcr so manches \u00dcberraschungsmoment ist er garantiert zu haben!<\/p>\n\n\n\n<p>Lesen Sie mehr \u00fcber Richard Wiedl auf seiner&nbsp;<a href=\"http:\/\/richardwiedl.de\/\" target=\"_blank\" rel=\"noreferrer noopener\">Homepage\u2026<\/a><\/p>\n","protected":false},"excerpt":{"rendered":"<p>Der aus M\u00fcnchen stammende Tenor gilt als Tausendsassa auf den B\u00fchnen dieser Welt.Als ausgebildeter Buffo-Tenor ist er zumeist f\u00fcr die komischen und heiteren Partien in den St\u00fccken zust\u00e4ndig und beherrscht dieses Metier, wie kein Zweiter! Als kongeniales Duo mit Barbara Sauter an seiner Seite verzauberte er schon vielfach das deutsche, wie \u00f6sterreichische Publikum \u00fcber alle [&hellip;]<\/p>\n","protected":false},"author":2,"featured_media":0,"parent":0,"menu_order":0,"comment_status":"closed","ping_status":"closed","template":"","meta":{"footnotes":""},"class_list":["post-1390","page","type-page","status-publish","czr-hentry"],"_links":{"self":[{"href":"https:\/\/kulturtage-poing.de\/index.php?rest_route=\/wp\/v2\/pages\/1390","targetHints":{"allow":["GET"]}}],"collection":[{"href":"https:\/\/kulturtage-poing.de\/index.php?rest_route=\/wp\/v2\/pages"}],"about":[{"href":"https:\/\/kulturtage-poing.de\/index.php?rest_route=\/wp\/v2\/types\/page"}],"author":[{"embeddable":true,"href":"https:\/\/kulturtage-poing.de\/index.php?rest_route=\/wp\/v2\/users\/2"}],"replies":[{"embeddable":true,"href":"https:\/\/kulturtage-poing.de\/index.php?rest_route=%2Fwp%2Fv2%2Fcomments&post=1390"}],"version-history":[{"count":1,"href":"https:\/\/kulturtage-poing.de\/index.php?rest_route=\/wp\/v2\/pages\/1390\/revisions"}],"predecessor-version":[{"id":1395,"href":"https:\/\/kulturtage-poing.de\/index.php?rest_route=\/wp\/v2\/pages\/1390\/revisions\/1395"}],"wp:attachment":[{"href":"https:\/\/kulturtage-poing.de\/index.php?rest_route=%2Fwp%2Fv2%2Fmedia&parent=1390"}],"curies":[{"name":"wp","href":"https:\/\/api.w.org\/{rel}","templated":true}]}}