{"id":140,"date":"2014-05-26T11:34:39","date_gmt":"2014-05-26T09:34:39","guid":{"rendered":"http:\/\/kulturtage-poing.de\/?page_id=140"},"modified":"2016-09-24T13:21:53","modified_gmt":"2016-09-24T11:21:53","slug":"so-ein-theater-das-leben","status":"publish","type":"page","link":"https:\/\/kulturtage-poing.de\/?page_id=140","title":{"rendered":"&#8222;Jedermann&#8220;"},"content":{"rendered":"<p><a href=\"http:\/\/kulturtage-poing.de\/?attachment_id=636\" rel=\"attachment wp-att-636\"><img loading=\"lazy\" decoding=\"async\" class=\"wp-image-636 size-medium alignleft\" src=\"http:\/\/kulturtage-poing.de\/wp-content\/uploads\/2014\/05\/Jedermann-300x214.jpg\" alt=\"jedermann\" width=\"300\" height=\"214\" srcset=\"https:\/\/kulturtage-poing.de\/wp-content\/uploads\/2014\/05\/Jedermann-300x214.jpg 300w, https:\/\/kulturtage-poing.de\/wp-content\/uploads\/2014\/05\/Jedermann-768x548.jpg 768w, https:\/\/kulturtage-poing.de\/wp-content\/uploads\/2014\/05\/Jedermann-1024x731.jpg 1024w\" sizes=\"auto, (max-width: 300px) 100vw, 300px\" \/><\/a><strong>&#8222;Jedermann&#8220;<\/p>\n<p><\/strong>&#8230;jeder kennt sie, die legend\u00e4ren Salzburger Inszenierung von \u201eJedermann\u201c und auch im Brunnenhof der M\u00fcnchner Residenz spielt man das St\u00fcck seit Jahren erfolgreich.<\/p>\n<p>Alle gro\u00dfen Schauspielerinnen und Schauspieler vergangener und heutiger Zeit rei\u00dfen sich darum einmal mitspielen zu d\u00fcrfen.<\/p>\n<p>Und das nicht ohne Grund, denn \u201eJedermann\u201c ist einfach ein Erfolgsmodell.<br \/>\nDas St\u00fcck ist zeitlos und dennoch zeitkritisch wie kein Zweites. Gesellschaftskritik wie sie hier ge\u00fcbt wird, kann immer wieder aufs Neue vollkommen anders und doch immer mit der gleichen Aussage inszeniert werden. Wahr und passend wird sie immer sein! Und eines ist dabei garantiert, jeder Zuschauer wird sich auf irgendeine Art und Weise wiederfinden im Leben und Wirken des Jedermann und seiner Gef\u00e4hrten.<\/p>\n<p style=\"text-align: left;\"><strong>Am 14. und 23.10. 2016 holen wir \u201eJedermann\u201c nach Poing &#8211; Auff\u00fchrungsort ist die Aula der Anni-Pickert-Schule<br \/>\n<\/strong><br \/>\nEine bunt zusammengew\u00fcrfelte Gruppe von Schauspielerinnen und Schauspieler von 13 bis 75 Jahren probt seit Oktober 2015 gemeinsam und mit viel Spa\u00df und Freude an diesem St\u00fcck, \u00fcber 20 Schauspielerinnen und Schauspielern stehen auf der B\u00fchne bei unserem \u201eJedermann\u201c.<br \/>\nVon Kindern bis zu den Senioren, von Neulingen bis hin zu alten B\u00fchnenhasen, eines ist uns allen gemeinsam: die Leidenschaft zum Theater und zur Verwirklichung einer Theaterauff\u00fchrung.<\/p>\n<p>Einzelne Szenen haben wir schon am Ort des Geschehens geprobt und wir sind alle vollkommen infiziert von der Macht, die von den Brettern, die die Welt bedeuten ausgeht.<br \/>\nSie hat uns alle in ihren Bann gezogen und das hoffen wir, gelingt uns mit Ihnen im Oktober ebenfalls.<br \/>\nEin lebenslustiger oder doch ganz kleinlauter Jedermann, eine hinrei\u00dfende aber durchaus berechnende Buhlschaft, zahlreiche Bedienstete, Freunde und Weggef\u00e4hrten Jedermanns und nicht zuletzt Tod und Teufel erwarten Sie zu einem Theaterabend, den Sie so bestimmt nicht nochmal erleben werden.<\/p>\n<p>Lassen Sie sich \u00fcberraschen!<\/p>\n","protected":false},"excerpt":{"rendered":"<p>&#8222;Jedermann&#8220; &#8230;jeder kennt sie, die legend\u00e4ren Salzburger Inszenierung von \u201eJedermann\u201c und auch im Brunnenhof der M\u00fcnchner Residenz spielt man das St\u00fcck seit Jahren erfolgreich. Alle gro\u00dfen Schauspielerinnen und Schauspieler vergangener und heutiger Zeit rei\u00dfen sich darum einmal mitspielen zu d\u00fcrfen. Und das nicht ohne Grund, denn \u201eJedermann\u201c ist einfach ein Erfolgsmodell. Das St\u00fcck ist zeitlos [&hellip;]<\/p>\n","protected":false},"author":1,"featured_media":0,"parent":144,"menu_order":1,"comment_status":"closed","ping_status":"closed","template":"","meta":{"footnotes":""},"class_list":["post-140","page","type-page","status-publish","czr-hentry"],"_links":{"self":[{"href":"https:\/\/kulturtage-poing.de\/index.php?rest_route=\/wp\/v2\/pages\/140","targetHints":{"allow":["GET"]}}],"collection":[{"href":"https:\/\/kulturtage-poing.de\/index.php?rest_route=\/wp\/v2\/pages"}],"about":[{"href":"https:\/\/kulturtage-poing.de\/index.php?rest_route=\/wp\/v2\/types\/page"}],"author":[{"embeddable":true,"href":"https:\/\/kulturtage-poing.de\/index.php?rest_route=\/wp\/v2\/users\/1"}],"replies":[{"embeddable":true,"href":"https:\/\/kulturtage-poing.de\/index.php?rest_route=%2Fwp%2Fv2%2Fcomments&post=140"}],"version-history":[{"count":9,"href":"https:\/\/kulturtage-poing.de\/index.php?rest_route=\/wp\/v2\/pages\/140\/revisions"}],"predecessor-version":[{"id":637,"href":"https:\/\/kulturtage-poing.de\/index.php?rest_route=\/wp\/v2\/pages\/140\/revisions\/637"}],"up":[{"embeddable":true,"href":"https:\/\/kulturtage-poing.de\/index.php?rest_route=\/wp\/v2\/pages\/144"}],"wp:attachment":[{"href":"https:\/\/kulturtage-poing.de\/index.php?rest_route=%2Fwp%2Fv2%2Fmedia&parent=140"}],"curies":[{"name":"wp","href":"https:\/\/api.w.org\/{rel}","templated":true}]}}