{"id":1408,"date":"2022-09-22T14:11:00","date_gmt":"2022-09-22T12:11:00","guid":{"rendered":"http:\/\/kulturtage-poing.de\/?page_id=1408"},"modified":"2024-09-16T08:01:07","modified_gmt":"2024-09-16T06:01:07","slug":"ballettschule-des-familienzentrums-poing","status":"publish","type":"page","link":"https:\/\/kulturtage-poing.de\/?page_id=1408","title":{"rendered":"Ballettschule des Familienzentrums Poing"},"content":{"rendered":"<div class=\"wp-block-image is-resized\">\n<figure class=\"alignright size-large\"><a href=\"http:\/\/kulturtage-poing.de\/wp-content\/uploads\/2022\/09\/Doris-Rauscher_Kinder-scaled.jpg\"><img loading=\"lazy\" decoding=\"async\" width=\"844\" height=\"1024\" src=\"http:\/\/kulturtage-poing.de\/wp-content\/uploads\/2022\/09\/Doris-Rauscher_Kinder-844x1024.jpg\" alt=\"\" class=\"wp-image-1465\" style=\"width:157px;height:auto\" srcset=\"https:\/\/kulturtage-poing.de\/wp-content\/uploads\/2022\/09\/Doris-Rauscher_Kinder-844x1024.jpg 844w, https:\/\/kulturtage-poing.de\/wp-content\/uploads\/2022\/09\/Doris-Rauscher_Kinder-247x300.jpg 247w, https:\/\/kulturtage-poing.de\/wp-content\/uploads\/2022\/09\/Doris-Rauscher_Kinder-768x932.jpg 768w, https:\/\/kulturtage-poing.de\/wp-content\/uploads\/2022\/09\/Doris-Rauscher_Kinder-1266x1536.jpg 1266w, https:\/\/kulturtage-poing.de\/wp-content\/uploads\/2022\/09\/Doris-Rauscher_Kinder-1688x2048.jpg 1688w\" sizes=\"auto, (max-width: 844px) 100vw, 844px\" \/><\/a><figcaption class=\"wp-element-caption\">\u00a9Doris Rauscher, MdL<\/figcaption><\/figure>\n<\/div>\n\n\n<h3 class=\"wp-block-heading\">Ballett in Poing<\/h3>\n\n\n\n<p class=\"has-text-align-left\">Es freut uns sehr, dass wir zur diesj\u00e4hrigen Ballettmatin\u00e9e als Schirmherrin die Landtagsabgeordnete Doris Rauscher, gewinnen konnten. <\/p>\n\n\n\n<p><\/p>\n\n\n\n<p><\/p>\n\n\n\n<p><\/p>\n\n\n\n<p><\/p>\n\n\n\n<p><\/p>\n\n\n\n<p><\/p>\n\n\n\n<p><\/p>\n\n\n<div class=\"wp-block-image\">\n<figure class=\"alignleft size-full is-resized\"><a href=\"http:\/\/kulturtage-poing.de\/wp-content\/uploads\/2014\/05\/DSCN4711.jpg\"><img decoding=\"async\" src=\"http:\/\/kulturtage-poing.de\/wp-content\/uploads\/2014\/05\/DSCN4711.jpg\" alt=\"\" class=\"wp-image-219\" style=\"aspect-ratio:1.3349056603773586;width:298px;height:auto\"\/><\/a><\/figure>\n<\/div>\n\n\n<p>Im Familienzentrum wird klassisches Ballett nach der russischen Waganowa Schule f\u00fcr Kinder ab 4 1\/2 Jahren unterrichtet.<\/p>\n\n\n\n<p>Tanz vermittelt \u00c4sthetik und Kultur und lehrt uns Disziplin, Selbstvertrauen, Mitmenschlichkeit und Teamgeist. Gerade in unserer schnelllebigen Zeit ist es f\u00fcr Kinder wichtig, mit diesen Werten aufzuwachsen, um sie als selbstverst\u00e4ndlich ansehen zu k\u00f6nnen. Ballett bietet die M\u00f6glichkeit, sie zu erleben und f\u00f6rdert zudem das Koordinations- und Konzentrationsverm\u00f6gen, die Kondition und das K\u00f6rperbewusstsein. Ballett ist mithin die Basis f\u00fcr jede andere Tanzform sowie eine gute Unterst\u00fctzung f\u00fcr die verschiedensten Sportarten. Unter der Leitung der beiden Ballettlehrer Gabriele Gilardi und Alessandra Brugnetti \u00fcben die kleinen und gro\u00dfen Ballett-T\u00e4nzerinnen und -T\u00e4nzer bereits f\u00fcr ihren gro\u00dfen Auftritt.<br>(<a href=\"http:\/\/www.familienzentrum-poing.de\/\" target=\"_blank\" rel=\"noreferrer noopener\">www.familienzentrum-poing.de<\/a>)<\/p>\n\n\n\n<p>Lassen Sie sich \u00fcberraschen!<\/p>\n","protected":false},"excerpt":{"rendered":"<p>Ballett in Poing Es freut uns sehr, dass wir zur diesj\u00e4hrigen Ballettmatin\u00e9e als Schirmherrin die Landtagsabgeordnete Doris Rauscher, gewinnen konnten. Im Familienzentrum wird klassisches Ballett nach der russischen Waganowa Schule f\u00fcr Kinder ab 4 1\/2 Jahren unterrichtet. Tanz vermittelt \u00c4sthetik und Kultur und lehrt uns Disziplin, Selbstvertrauen, Mitmenschlichkeit und Teamgeist. Gerade in unserer schnelllebigen Zeit [&hellip;]<\/p>\n","protected":false},"author":2,"featured_media":0,"parent":0,"menu_order":0,"comment_status":"closed","ping_status":"closed","template":"","meta":{"footnotes":""},"class_list":["post-1408","page","type-page","status-publish","czr-hentry"],"_links":{"self":[{"href":"https:\/\/kulturtage-poing.de\/index.php?rest_route=\/wp\/v2\/pages\/1408","targetHints":{"allow":["GET"]}}],"collection":[{"href":"https:\/\/kulturtage-poing.de\/index.php?rest_route=\/wp\/v2\/pages"}],"about":[{"href":"https:\/\/kulturtage-poing.de\/index.php?rest_route=\/wp\/v2\/types\/page"}],"author":[{"embeddable":true,"href":"https:\/\/kulturtage-poing.de\/index.php?rest_route=\/wp\/v2\/users\/2"}],"replies":[{"embeddable":true,"href":"https:\/\/kulturtage-poing.de\/index.php?rest_route=%2Fwp%2Fv2%2Fcomments&post=1408"}],"version-history":[{"count":8,"href":"https:\/\/kulturtage-poing.de\/index.php?rest_route=\/wp\/v2\/pages\/1408\/revisions"}],"predecessor-version":[{"id":2074,"href":"https:\/\/kulturtage-poing.de\/index.php?rest_route=\/wp\/v2\/pages\/1408\/revisions\/2074"}],"wp:attachment":[{"href":"https:\/\/kulturtage-poing.de\/index.php?rest_route=%2Fwp%2Fv2%2Fmedia&parent=1408"}],"curies":[{"name":"wp","href":"https:\/\/api.w.org\/{rel}","templated":true}]}}