{"id":1411,"date":"2022-09-22T14:32:49","date_gmt":"2022-09-22T12:32:49","guid":{"rendered":"http:\/\/kulturtage-poing.de\/?page_id=1411"},"modified":"2022-09-23T10:07:12","modified_gmt":"2022-09-23T08:07:12","slug":"literarischer-abend","status":"publish","type":"page","link":"https:\/\/kulturtage-poing.de\/?page_id=1411","title":{"rendered":"Iny Lorentz"},"content":{"rendered":"<div class=\"wp-block-image\">\n<figure class=\"alignleft size-medium\"><a href=\"http:\/\/kulturtage-poing.de\/wp-content\/uploads\/2022\/09\/Wir-2020-4-scaled.jpg\"><img loading=\"lazy\" decoding=\"async\" width=\"300\" height=\"200\" src=\"http:\/\/kulturtage-poing.de\/wp-content\/uploads\/2022\/09\/Wir-2020-4-300x200.jpg\" alt=\"\" class=\"wp-image-1442\" srcset=\"https:\/\/kulturtage-poing.de\/wp-content\/uploads\/2022\/09\/Wir-2020-4-300x200.jpg 300w, https:\/\/kulturtage-poing.de\/wp-content\/uploads\/2022\/09\/Wir-2020-4-1024x683.jpg 1024w, https:\/\/kulturtage-poing.de\/wp-content\/uploads\/2022\/09\/Wir-2020-4-768x512.jpg 768w, https:\/\/kulturtage-poing.de\/wp-content\/uploads\/2022\/09\/Wir-2020-4-1536x1024.jpg 1536w, https:\/\/kulturtage-poing.de\/wp-content\/uploads\/2022\/09\/Wir-2020-4-2048x1365.jpg 2048w\" sizes=\"auto, (max-width: 300px) 100vw, 300px\" \/><\/a><\/figure>\n<\/div>\n\n\n<p><strong>Iny Lorentz<\/strong>&nbsp;wurde in K\u00f6ln geboren und ist dort zur Schule gegangen. Sie holte ihr Abitur auf dem Abendgymnasium nach, brach ein Medizinstudium ab und wandte sich danach der EDV zu. 1980 zog sie nach M\u00fcnchen, wo sie in einem Versicherungskonzern besch\u00e4ftigt war.<br>Sie hat schon fr\u00fch begonnen zu schreiben, aber lange Zeit nur f\u00fcr sich selbst. Erst ein paar Jahre nach dem Abitur fand sie im SF- und Fantasy-Fandom die Gelegenheit, Kurzgeschichten in Fanzeitschriften zu ver\u00f6ffentlichen. Dort hat sie 1978 ihren sp\u00e4teren Ehemann und Co-Autor Elmar getroffen. Wenig sp\u00e4ter wurde der Herausgeber einer Anthologie des Heyne-Verlags auf ihre Beitr\u00e4ge in Fanzines aufmerksam und bot ihr die erste Chance zu einer professionellen Ver\u00f6ffentlichung. <\/p>\n\n\n\n<p>Im Jahr 2003 brachte der unter dem Pseudonym&nbsp;<em>Iny Lorentz<\/em>&nbsp;geschriebene historische Roman&nbsp;<em>Die Kastratin<\/em>&nbsp;den Durchbruch. Alle folgenden Iny-Lorentz-Romane schafften den Sprung in die Bestsellerlisten und erschienen auch als&nbsp;H\u00f6rb\u00fccher. Der bislang erfolgreichste Iny-Lorentz-Roman ist&nbsp;<em>Die Wanderhure<\/em>.&nbsp;Etliche Werke wurden in andere Sprachen \u00fcbersetzt.<\/p>\n","protected":false},"excerpt":{"rendered":"<p>Iny Lorentz&nbsp;wurde in K\u00f6ln geboren und ist dort zur Schule gegangen. Sie holte ihr Abitur auf dem Abendgymnasium nach, brach ein Medizinstudium ab und wandte sich danach der EDV zu. 1980 zog sie nach M\u00fcnchen, wo sie in einem Versicherungskonzern besch\u00e4ftigt war.Sie hat schon fr\u00fch begonnen zu schreiben, aber lange Zeit nur f\u00fcr sich selbst. [&hellip;]<\/p>\n","protected":false},"author":2,"featured_media":0,"parent":0,"menu_order":0,"comment_status":"closed","ping_status":"closed","template":"","meta":{"footnotes":""},"class_list":["post-1411","page","type-page","status-publish","czr-hentry"],"_links":{"self":[{"href":"https:\/\/kulturtage-poing.de\/index.php?rest_route=\/wp\/v2\/pages\/1411","targetHints":{"allow":["GET"]}}],"collection":[{"href":"https:\/\/kulturtage-poing.de\/index.php?rest_route=\/wp\/v2\/pages"}],"about":[{"href":"https:\/\/kulturtage-poing.de\/index.php?rest_route=\/wp\/v2\/types\/page"}],"author":[{"embeddable":true,"href":"https:\/\/kulturtage-poing.de\/index.php?rest_route=\/wp\/v2\/users\/2"}],"replies":[{"embeddable":true,"href":"https:\/\/kulturtage-poing.de\/index.php?rest_route=%2Fwp%2Fv2%2Fcomments&post=1411"}],"version-history":[{"count":3,"href":"https:\/\/kulturtage-poing.de\/index.php?rest_route=\/wp\/v2\/pages\/1411\/revisions"}],"predecessor-version":[{"id":1444,"href":"https:\/\/kulturtage-poing.de\/index.php?rest_route=\/wp\/v2\/pages\/1411\/revisions\/1444"}],"wp:attachment":[{"href":"https:\/\/kulturtage-poing.de\/index.php?rest_route=%2Fwp%2Fv2%2Fmedia&parent=1411"}],"curies":[{"name":"wp","href":"https:\/\/api.w.org\/{rel}","templated":true}]}}