{"id":1439,"date":"2022-09-23T09:59:54","date_gmt":"2022-09-23T07:59:54","guid":{"rendered":"http:\/\/kulturtage-poing.de\/?page_id=1439"},"modified":"2024-07-01T15:05:03","modified_gmt":"2024-07-01T13:05:03","slug":"christian-springer","status":"publish","type":"page","link":"https:\/\/kulturtage-poing.de\/?page_id=1439","title":{"rendered":"Christian Springer"},"content":{"rendered":"\n<div class=\"wp-block-media-text is-stacked-on-mobile\" style=\"grid-template-columns:25% auto\"><figure class=\"wp-block-media-text__media\"><img loading=\"lazy\" decoding=\"async\" width=\"768\" height=\"1024\" src=\"http:\/\/kulturtage-poing.de\/wp-content\/uploads\/2024\/06\/Springer-2-768x1024.jpg\" alt=\"\" class=\"wp-image-2010 size-full\" srcset=\"https:\/\/kulturtage-poing.de\/wp-content\/uploads\/2024\/06\/Springer-2-768x1024.jpg 768w, https:\/\/kulturtage-poing.de\/wp-content\/uploads\/2024\/06\/Springer-2-225x300.jpg 225w, https:\/\/kulturtage-poing.de\/wp-content\/uploads\/2024\/06\/Springer-2-1152x1536.jpg 1152w, https:\/\/kulturtage-poing.de\/wp-content\/uploads\/2024\/06\/Springer-2-1536x2048.jpg 1536w, https:\/\/kulturtage-poing.de\/wp-content\/uploads\/2024\/06\/Springer-2-scaled.jpg 1920w\" sizes=\"auto, (max-width: 768px) 100vw, 768px\" \/><\/figure><div class=\"wp-block-media-text__content\">\n<p><strong><em>Christian Springer:<\/em><\/strong><br>Geboren Silvester 1964 in M\u00fcnchen. Kann nicht (und will nicht) Radfahren.<br><\/p>\n\n\n\n<p>\u201eLeider\u201c, sein 11. Soloprogramm<br><\/p>\n\n\n\n<p>Gr\u00fcnder des Vereins Orienthelfer e.V.<br>Gr\u00fcnder der Initiative SCHULTERSCHLUSS f\u00fcr Erinnerungskultur<br>Autor von 14 B\u00fcchern<\/p>\n<\/div><\/div>\n\n\n\n<p><\/p>\n\n\n\n<p class=\"has-text-align-left\"><br>                                                                                                                                                                  <\/p>\n","protected":false},"excerpt":{"rendered":"<p>Christian Springer:Geboren Silvester 1964 in M\u00fcnchen. Kann nicht (und will nicht) Radfahren. \u201eLeider\u201c, sein 11. Soloprogramm Gr\u00fcnder des Vereins Orienthelfer e.V.Gr\u00fcnder der Initiative SCHULTERSCHLUSS f\u00fcr ErinnerungskulturAutor von 14 B\u00fcchern<\/p>\n","protected":false},"author":2,"featured_media":0,"parent":0,"menu_order":0,"comment_status":"closed","ping_status":"closed","template":"","meta":{"footnotes":""},"class_list":["post-1439","page","type-page","status-publish","czr-hentry"],"_links":{"self":[{"href":"https:\/\/kulturtage-poing.de\/index.php?rest_route=\/wp\/v2\/pages\/1439","targetHints":{"allow":["GET"]}}],"collection":[{"href":"https:\/\/kulturtage-poing.de\/index.php?rest_route=\/wp\/v2\/pages"}],"about":[{"href":"https:\/\/kulturtage-poing.de\/index.php?rest_route=\/wp\/v2\/types\/page"}],"author":[{"embeddable":true,"href":"https:\/\/kulturtage-poing.de\/index.php?rest_route=\/wp\/v2\/users\/2"}],"replies":[{"embeddable":true,"href":"https:\/\/kulturtage-poing.de\/index.php?rest_route=%2Fwp%2Fv2%2Fcomments&post=1439"}],"version-history":[{"count":4,"href":"https:\/\/kulturtage-poing.de\/index.php?rest_route=\/wp\/v2\/pages\/1439\/revisions"}],"predecessor-version":[{"id":2016,"href":"https:\/\/kulturtage-poing.de\/index.php?rest_route=\/wp\/v2\/pages\/1439\/revisions\/2016"}],"wp:attachment":[{"href":"https:\/\/kulturtage-poing.de\/index.php?rest_route=%2Fwp%2Fv2%2Fmedia&parent=1439"}],"curies":[{"name":"wp","href":"https:\/\/api.w.org\/{rel}","templated":true}]}}