{"id":144,"date":"2014-05-26T11:40:52","date_gmt":"2014-05-26T09:40:52","guid":{"rendered":"http:\/\/kulturtage-poing.de\/?page_id=144"},"modified":"2017-10-13T19:49:01","modified_gmt":"2017-10-13T17:49:01","slug":"kulturtage-2014","status":"publish","type":"page","link":"https:\/\/kulturtage-poing.de\/?page_id=144","title":{"rendered":"Kulturtage 2017"},"content":{"rendered":"<h2 style=\"text-align: center;\"><strong>Kulturtage 2017 &#8211; Wir sagen DANKE!<br \/>\n<\/strong><\/h2>\n<p style=\"text-align: center;\">Eine aufregende, spannende und arbeitsreiche Zeit geht zu Ende.<br \/>\nDie diesj\u00e4hrigen Kulturtage waren gepr\u00e4gt von ganz besonderes Highlights<br \/>\n\u2013 jeder Abend war auf seine Weise einzigartig \u2013<br \/>\n\u00fcberw\u00e4ltigende Resonanz, ausverkaufte Stuhlreihen und jede Menge gl\u00fcckliche Menschen!<br \/>\nEinfach wundersch\u00f6n!<\/p>\n<p><img loading=\"lazy\" decoding=\"async\" class=\" wp-image-743 aligncenter\" src=\"http:\/\/kulturtage-poing.de\/wp-content\/uploads\/2013\/07\/18519928_1701588016524304_86727626500807295_n.jpg\" alt=\"\" width=\"475\" height=\"356\" srcset=\"https:\/\/kulturtage-poing.de\/wp-content\/uploads\/2013\/07\/18519928_1701588016524304_86727626500807295_n.jpg 960w, https:\/\/kulturtage-poing.de\/wp-content\/uploads\/2013\/07\/18519928_1701588016524304_86727626500807295_n-300x225.jpg 300w, https:\/\/kulturtage-poing.de\/wp-content\/uploads\/2013\/07\/18519928_1701588016524304_86727626500807295_n-768x576.jpg 768w\" sizes=\"auto, (max-width: 475px) 100vw, 475px\" \/><\/p>\n<p><strong>Ein herzliches DANKESCH\u00d6N geht an: <\/strong><\/p>\n<ul>\n<li>alle <strong>Mitwirkenden<\/strong>, die jede und jeder f\u00fcr sich \u00fcber sich hinausgewachsen sind und beeindruckende\u00a0Leistungen gezeigt haben!<\/li>\n<li>Sie \u2013 ein super tolles und \u00fcberaus <strong>zahlreiches Publikum<\/strong>, dass uns zeigt, wof\u00fcr sich alle M\u00fche mehr\u00a0als lohnt!<\/li>\n<li>alle <strong>Helferinnen und Helfer<\/strong> der einzelnen Abende, aus unserem Verein oder dar\u00fcber hinaus, ohne\u00a0die ein Gelingen solcher Veranstaltungen nicht m\u00f6glich w\u00e4re!<\/li>\n<li>alle unsere <strong>Sponsoren<\/strong>, ob gro\u00df oder klein, ohne die unsere Veranstaltungen niemals durchf\u00fchrbar\u00a0w\u00e4ren!<\/li>\n<li>das Team des <strong>Buchladens Poing<\/strong> f\u00fcr die \u00dcbernahme des Vorverkaufs in bew\u00e4hrter Art und Weise!<\/li>\n<li>alle, die jetzt nicht erw\u00e4hnt wurden, ohne die es jedoch nicht gelungen w\u00e4re diese beiden Abende auf\u00a0die Beine zu stellen!<\/li>\n<\/ul>\n<p>Wir blicken auf zwei wunderbare Veranstaltungen zur\u00fcck und sagen herzlichen Dank.<br \/>\nDer diesj\u00e4hrige Erfolg best\u00e4rkt uns weiterhin kulturell aktiv zu sein und wir freuen uns heute schon auf die n\u00e4chsten Kulturtage \u2013 2018 wieder im Oktober.<\/p>\n<p>Wenn Sie Anregungen oder Fragen haben, Lob oder Kritik loswerden m\u00f6chten &#8211; schreiben Sie uns: cornelia.guetlich@kulturtage-poing.de<\/p>\n<p>Herzliche Gr\u00fc\u00dfe<br \/>\nCornelia G\u00fctlich, 1. Vorsitzende<\/p>\n","protected":false},"excerpt":{"rendered":"<p>Kulturtage 2017 &#8211; Wir sagen DANKE! Eine aufregende, spannende und arbeitsreiche Zeit geht zu Ende. Die diesj\u00e4hrigen Kulturtage waren gepr\u00e4gt von ganz besonderes Highlights \u2013 jeder Abend war auf seine Weise einzigartig \u2013 \u00fcberw\u00e4ltigende Resonanz, ausverkaufte Stuhlreihen und jede Menge gl\u00fcckliche Menschen! Einfach wundersch\u00f6n! Ein herzliches DANKESCH\u00d6N geht an: alle Mitwirkenden, die jede und jeder [&hellip;]<\/p>\n","protected":false},"author":1,"featured_media":724,"parent":0,"menu_order":3,"comment_status":"closed","ping_status":"closed","template":"","meta":{"footnotes":""},"class_list":["post-144","page","type-page","status-publish","has-post-thumbnail","czr-hentry"],"_links":{"self":[{"href":"https:\/\/kulturtage-poing.de\/index.php?rest_route=\/wp\/v2\/pages\/144","targetHints":{"allow":["GET"]}}],"collection":[{"href":"https:\/\/kulturtage-poing.de\/index.php?rest_route=\/wp\/v2\/pages"}],"about":[{"href":"https:\/\/kulturtage-poing.de\/index.php?rest_route=\/wp\/v2\/types\/page"}],"author":[{"embeddable":true,"href":"https:\/\/kulturtage-poing.de\/index.php?rest_route=\/wp\/v2\/users\/1"}],"replies":[{"embeddable":true,"href":"https:\/\/kulturtage-poing.de\/index.php?rest_route=%2Fwp%2Fv2%2Fcomments&post=144"}],"version-history":[{"count":70,"href":"https:\/\/kulturtage-poing.de\/index.php?rest_route=\/wp\/v2\/pages\/144\/revisions"}],"predecessor-version":[{"id":763,"href":"https:\/\/kulturtage-poing.de\/index.php?rest_route=\/wp\/v2\/pages\/144\/revisions\/763"}],"wp:featuredmedia":[{"embeddable":true,"href":"https:\/\/kulturtage-poing.de\/index.php?rest_route=\/wp\/v2\/media\/724"}],"wp:attachment":[{"href":"https:\/\/kulturtage-poing.de\/index.php?rest_route=%2Fwp%2Fv2%2Fmedia&parent=144"}],"curies":[{"name":"wp","href":"https:\/\/api.w.org\/{rel}","templated":true}]}}