{"id":148,"date":"2014-05-26T11:47:46","date_gmt":"2014-05-26T09:47:46","guid":{"rendered":"http:\/\/kulturtage-poing.de\/?page_id=148"},"modified":"2016-09-24T13:18:40","modified_gmt":"2016-09-24T11:18:40","slug":"ein-romantischer-liederabend-mit-barbara-sauter","status":"publish","type":"page","link":"https:\/\/kulturtage-poing.de\/?page_id=148","title":{"rendered":"Liederabend mit Barbara Sauter"},"content":{"rendered":"<p><a href=\"http:\/\/kulturtage-poing.de\/?attachment_id=633\" rel=\"attachment wp-att-633\"><img loading=\"lazy\" decoding=\"async\" class=\"alignleft  wp-image-633\" src=\"http:\/\/kulturtage-poing.de\/wp-content\/uploads\/2014\/05\/Liederabend2016.jpg\" alt=\"liederabend2016\" width=\"478\" height=\"270\" \/><\/a><br \/>\nDer Freitag des zweiten Wochenendes steht ganz im Zeichen der klassischen Musik.<br \/>\nMezzosopranistin Barbara Sauter \u2013 in Poing schon seit den ersten Kulturtagen mit von der Partie \u2013 singt einen klassischen Liederabend in der Christuskirche.<br \/>\nZur Auff\u00fchrung kommt unter anderem der Liederzyklus \u201eFrauenliebe und \u2013leben\u201c von Robert Schumann, nach Texten von Adelbert von Chamisso.<br \/>\nDas dargestellte Frauenleben entspricht den moralischen Normen des 19. Jahrhunderts der treuen und hingebungsvollen Ehefrau und beschreibt deren Lebensweg von der ersten Liebe bis zum Tod des Ehemanns.<br \/>\nMusikalisch begleitet wird die K\u00fcnstlerin von Yuko Miura am Klavier und Pamela Rachel an der Geige, die auch mit kammermusikalischen St\u00fccken zu h\u00f6ren sein werden.<br \/>\nOb im Trio oder im Duett \u2013 freuen Sie sich auf drei Musikerinnen, deren Freude und Liebe zur Musik auch Sie begeistern wird.<\/p>\n<p><strong>Das Konzert am 21.10.2016 beginnt um 20:00 Uhr &#8211; Auff\u00fchrungsort ist die ev. Christuskirche<br \/>\n<\/strong><\/p>\n<p>Lesen Sie <a href=\"http:\/\/kulturtage-poing.de\/?page_id=546\">hier<\/a> mehr zu unseren K\u00fcnstlerinnen&#8230;<\/p>\n<p>&nbsp;<\/p>\n","protected":false},"excerpt":{"rendered":"<p>Der Freitag des zweiten Wochenendes steht ganz im Zeichen der klassischen Musik. Mezzosopranistin Barbara Sauter \u2013 in Poing schon seit den ersten Kulturtagen mit von der Partie \u2013 singt einen klassischen Liederabend in der Christuskirche. Zur Auff\u00fchrung kommt unter anderem der Liederzyklus \u201eFrauenliebe und \u2013leben\u201c von Robert Schumann, nach Texten von Adelbert von Chamisso. Das [&hellip;]<\/p>\n","protected":false},"author":1,"featured_media":0,"parent":144,"menu_order":2,"comment_status":"closed","ping_status":"closed","template":"","meta":{"footnotes":""},"class_list":["post-148","page","type-page","status-publish","czr-hentry"],"_links":{"self":[{"href":"https:\/\/kulturtage-poing.de\/index.php?rest_route=\/wp\/v2\/pages\/148","targetHints":{"allow":["GET"]}}],"collection":[{"href":"https:\/\/kulturtage-poing.de\/index.php?rest_route=\/wp\/v2\/pages"}],"about":[{"href":"https:\/\/kulturtage-poing.de\/index.php?rest_route=\/wp\/v2\/types\/page"}],"author":[{"embeddable":true,"href":"https:\/\/kulturtage-poing.de\/index.php?rest_route=\/wp\/v2\/users\/1"}],"replies":[{"embeddable":true,"href":"https:\/\/kulturtage-poing.de\/index.php?rest_route=%2Fwp%2Fv2%2Fcomments&post=148"}],"version-history":[{"count":18,"href":"https:\/\/kulturtage-poing.de\/index.php?rest_route=\/wp\/v2\/pages\/148\/revisions"}],"predecessor-version":[{"id":635,"href":"https:\/\/kulturtage-poing.de\/index.php?rest_route=\/wp\/v2\/pages\/148\/revisions\/635"}],"up":[{"embeddable":true,"href":"https:\/\/kulturtage-poing.de\/index.php?rest_route=\/wp\/v2\/pages\/144"}],"wp:attachment":[{"href":"https:\/\/kulturtage-poing.de\/index.php?rest_route=%2Fwp%2Fv2%2Fmedia&parent=148"}],"curies":[{"name":"wp","href":"https:\/\/api.w.org\/{rel}","templated":true}]}}