{"id":154,"date":"2014-05-26T12:00:51","date_gmt":"2014-05-26T10:00:51","guid":{"rendered":"http:\/\/kulturtage-poing.de\/?page_id=154"},"modified":"2016-09-24T13:23:20","modified_gmt":"2016-09-24T11:23:20","slug":"ballett-in-poing-erleben-sie-faszination-der-besonderen-art","status":"publish","type":"page","link":"https:\/\/kulturtage-poing.de\/?page_id=154","title":{"rendered":"Ballett in Poing  &#8211; Faszination der besonderen Art!"},"content":{"rendered":"<p><a href=\"http:\/\/kulturtage-poing.de\/?attachment_id=543\" rel=\"attachment wp-att-543\"><img loading=\"lazy\" decoding=\"async\" class=\"alignleft wp-image-543 size-medium\" src=\"http:\/\/kulturtage-poing.de\/wp-content\/uploads\/2014\/08\/ONBL_KW_04_Kulturtage_Poing-300x225.jpg\" alt=\"ONBL_KW_04_Kulturtage_Poing\" width=\"300\" height=\"225\" srcset=\"https:\/\/kulturtage-poing.de\/wp-content\/uploads\/2014\/08\/ONBL_KW_04_Kulturtage_Poing-300x225.jpg 300w, https:\/\/kulturtage-poing.de\/wp-content\/uploads\/2014\/08\/ONBL_KW_04_Kulturtage_Poing-768x576.jpg 768w, https:\/\/kulturtage-poing.de\/wp-content\/uploads\/2014\/08\/ONBL_KW_04_Kulturtage_Poing.jpg 960w\" sizes=\"auto, (max-width: 300px) 100vw, 300px\" \/><\/a>Unsere Kleinsten sind unsere Gr\u00f6\u00dften &#8211; und auf der B\u00fchne sowieso!<br \/>\nWie sch\u00f6n ist es doch f\u00fcr Eltern und Gro\u00dfeltern mitzuerleben, wenn die Kinder und Enkelkinder vor Lampenfieber fast platzen, weil sie ihre Sache doch besonders gut machen wollen.<br \/>\nUnd die strahlenden Kinderaugen nach einem erfolgreichen Auftritt sind doch ein wahrer Quell f\u00fcr unb\u00e4ndige Freude, nicht wahr?!<br \/>\nDie Ballettsch\u00fcler der Ballettschule des Familienzentrums fiebern schon heute ihrem gro\u00dfen Moment bei den \u201eKulturtagen\u201c entgegen, werden sie ihre hoffentlich zahlreichen Besucher mit ihrem K\u00f6nnen sicherlich verzaubern.<\/p>\n<p><strong>Am Sonntag, den 16. Oktober um 11:00 Uhr &#8211; auf der B\u00fchne des Multifunktionsraums in der Dreifachturnhalle.<\/strong><\/p>\n<p>Die Kinder sind mit ihrer Lehrerin Regina R\u00fcger schon eifrig bei den Vorbereitungen und freuen sich auf den gro\u00dfen Augenblick auf der B\u00fchne.<br \/>\nLassen Sie sich das nicht entgehen und wir entf\u00fchren Sie in die Welt des Balletts!<\/p>\n<p>Mehr \u00fcber die Ballettschule des Familienzentrums lesen Sie <a href=\"http:\/\/kulturtage-poing.de\/?page_id=284\">hier<\/a>&#8230;<\/p>\n<p>&nbsp;<\/p>\n","protected":false},"excerpt":{"rendered":"<p>Unsere Kleinsten sind unsere Gr\u00f6\u00dften &#8211; und auf der B\u00fchne sowieso! Wie sch\u00f6n ist es doch f\u00fcr Eltern und Gro\u00dfeltern mitzuerleben, wenn die Kinder und Enkelkinder vor Lampenfieber fast platzen, weil sie ihre Sache doch besonders gut machen wollen. Und die strahlenden Kinderaugen nach einem erfolgreichen Auftritt sind doch ein wahrer Quell f\u00fcr unb\u00e4ndige Freude, [&hellip;]<\/p>\n","protected":false},"author":1,"featured_media":0,"parent":144,"menu_order":3,"comment_status":"closed","ping_status":"closed","template":"","meta":{"footnotes":""},"class_list":["post-154","page","type-page","status-publish","czr-hentry"],"_links":{"self":[{"href":"https:\/\/kulturtage-poing.de\/index.php?rest_route=\/wp\/v2\/pages\/154","targetHints":{"allow":["GET"]}}],"collection":[{"href":"https:\/\/kulturtage-poing.de\/index.php?rest_route=\/wp\/v2\/pages"}],"about":[{"href":"https:\/\/kulturtage-poing.de\/index.php?rest_route=\/wp\/v2\/types\/page"}],"author":[{"embeddable":true,"href":"https:\/\/kulturtage-poing.de\/index.php?rest_route=\/wp\/v2\/users\/1"}],"replies":[{"embeddable":true,"href":"https:\/\/kulturtage-poing.de\/index.php?rest_route=%2Fwp%2Fv2%2Fcomments&post=154"}],"version-history":[{"count":15,"href":"https:\/\/kulturtage-poing.de\/index.php?rest_route=\/wp\/v2\/pages\/154\/revisions"}],"predecessor-version":[{"id":639,"href":"https:\/\/kulturtage-poing.de\/index.php?rest_route=\/wp\/v2\/pages\/154\/revisions\/639"}],"up":[{"embeddable":true,"href":"https:\/\/kulturtage-poing.de\/index.php?rest_route=\/wp\/v2\/pages\/144"}],"wp:attachment":[{"href":"https:\/\/kulturtage-poing.de\/index.php?rest_route=%2Fwp%2Fv2%2Fmedia&parent=154"}],"curies":[{"name":"wp","href":"https:\/\/api.w.org\/{rel}","templated":true}]}}