{"id":1810,"date":"2023-03-19T14:44:16","date_gmt":"2023-03-19T13:44:16","guid":{"rendered":"http:\/\/kulturtage-poing.de\/?page_id=1810"},"modified":"2023-03-19T16:06:27","modified_gmt":"2023-03-19T15:06:27","slug":"kulturtage-2023","status":"publish","type":"page","link":"https:\/\/kulturtage-poing.de\/?page_id=1810","title":{"rendered":"B\u00fcrgermedaille f\u00fcr Cornelia G\u00fctlich"},"content":{"rendered":"\n<h3 class=\"wp-block-heading\"><strong>Wir gratulieren unserer 1. Vorsitzenden Cornelia G\u00fctlich ganz herzlich zu dieser Auszeichnung.<\/strong><\/h3>\n\n\n<div class=\"wp-block-image\">\n<figure class=\"alignleft size-large is-resized\"><a href=\"http:\/\/kulturtage-poing.de\/wp-content\/uploads\/2023\/01\/DSC_6349-scaled.jpg\"><img loading=\"lazy\" decoding=\"async\" src=\"http:\/\/kulturtage-poing.de\/wp-content\/uploads\/2023\/01\/DSC_6349-685x1024.jpg\" alt=\"\" class=\"wp-image-1800\" width=\"207\" height=\"309\" srcset=\"https:\/\/kulturtage-poing.de\/wp-content\/uploads\/2023\/01\/DSC_6349-685x1024.jpg 685w, https:\/\/kulturtage-poing.de\/wp-content\/uploads\/2023\/01\/DSC_6349-201x300.jpg 201w, https:\/\/kulturtage-poing.de\/wp-content\/uploads\/2023\/01\/DSC_6349-768x1147.jpg 768w, https:\/\/kulturtage-poing.de\/wp-content\/uploads\/2023\/01\/DSC_6349-1028x1536.jpg 1028w, https:\/\/kulturtage-poing.de\/wp-content\/uploads\/2023\/01\/DSC_6349-1371x2048.jpg 1371w, https:\/\/kulturtage-poing.de\/wp-content\/uploads\/2023\/01\/DSC_6349-scaled.jpg 1714w\" sizes=\"auto, (max-width: 207px) 100vw, 207px\" \/><\/a><figcaption class=\"wp-element-caption\"><em>Cornelia G\u00fctlich mit<\/em> <br><em>1. B\u00fcrgermeister Thomas Stark<\/em><\/figcaption><\/figure>\n<\/div>\n\n\n<p>Sie erhielt am Sonntag, 15.01.23 im Rahmen des Neujahrsempfangs der Gemeinde Poing vom 1. B\u00fcrgermeister Thomas Stark, die B\u00fcrgermedaille und ist somit die j\u00fcngste Preistr\u00e4gerin der Gemeinde.<\/p>\n\n\n\n<p>Der Gemeinderat hat in seiner letzten Sitzung im Dezember 2022 Einstimmig beschlossen dass Cornelia G\u00fctlich die gemeindliche Auszeichnung erhalten soll.<\/p>\n\n\n\n<p>Cornelia G\u00fctlich die in Poing, durch ihre Verdienste um die Kultur, sowie ihr Engagement im Gemeinderat und auch in der Kirche, kein unbeschriebenes Blatt ist hat diese Auszeichnung mehr als verdient.<\/p>\n\n\n\n<p>Vor gut 10 Jahren hat sie mit ihren Eltern und ein paar kulturbegeisterten Leuten, den Verein Kulturtage Poing e.V. gegr\u00fcndet. Seither z\u00e4hlen die Kulturtage mit ihrem vielf\u00e4ltigen Programm von Kabarett, Lesungen, Theaterabenden, Lieder- und Operettenabenden oder der Ballettmatin\u00e9e zum festen Bestandteil in der Gemeinde und sind nicht mehr weg zu denken. Sie hat in ihrer Dankesrede aber immer wieder betont, dass sie ohne ihr Team, auf das man sich zu 100% verlassen kann, im Hintergrund solche Projekte nicht umsetzen k\u00f6nne. Cornelia steht immer mit an vorderster Front. Sie selbst sagt: \u201eMein Posten umfasst Arbeiten vom Chef bis zur Reinigungskraft\u201c. Sie ist \u00fcberall dort aktiv, wo Not (am Mann) an der Frau ist.<\/p>\n\n\n\n<p>Wir hoffen, dass Cornelia, noch viele Jahre aktiv am Kulturellen Leben in Poing teilnimmt, auch wenn sie aus beruflichen Gr\u00fcnden 2022 nach Grafing zog.<\/p>\n\n\n\n<p class=\"has-text-align-right\">Melanie Fuchs, f\u00fcr den Verein&nbsp;<em>Kulturtage Poing e.V.<\/em><\/p>\n","protected":false},"excerpt":{"rendered":"<p>Wir gratulieren unserer 1. Vorsitzenden Cornelia G\u00fctlich ganz herzlich zu dieser Auszeichnung. Sie erhielt am Sonntag, 15.01.23 im Rahmen des Neujahrsempfangs der Gemeinde Poing vom 1. B\u00fcrgermeister Thomas Stark, die B\u00fcrgermedaille und ist somit die j\u00fcngste Preistr\u00e4gerin der Gemeinde. Der Gemeinderat hat in seiner letzten Sitzung im Dezember 2022 Einstimmig beschlossen dass Cornelia G\u00fctlich die [&hellip;]<\/p>\n","protected":false},"author":2,"featured_media":0,"parent":0,"menu_order":0,"comment_status":"closed","ping_status":"closed","template":"","meta":{"footnotes":""},"class_list":["post-1810","page","type-page","status-publish","czr-hentry"],"_links":{"self":[{"href":"https:\/\/kulturtage-poing.de\/index.php?rest_route=\/wp\/v2\/pages\/1810","targetHints":{"allow":["GET"]}}],"collection":[{"href":"https:\/\/kulturtage-poing.de\/index.php?rest_route=\/wp\/v2\/pages"}],"about":[{"href":"https:\/\/kulturtage-poing.de\/index.php?rest_route=\/wp\/v2\/types\/page"}],"author":[{"embeddable":true,"href":"https:\/\/kulturtage-poing.de\/index.php?rest_route=\/wp\/v2\/users\/2"}],"replies":[{"embeddable":true,"href":"https:\/\/kulturtage-poing.de\/index.php?rest_route=%2Fwp%2Fv2%2Fcomments&post=1810"}],"version-history":[{"count":2,"href":"https:\/\/kulturtage-poing.de\/index.php?rest_route=\/wp\/v2\/pages\/1810\/revisions"}],"predecessor-version":[{"id":1826,"href":"https:\/\/kulturtage-poing.de\/index.php?rest_route=\/wp\/v2\/pages\/1810\/revisions\/1826"}],"wp:attachment":[{"href":"https:\/\/kulturtage-poing.de\/index.php?rest_route=%2Fwp%2Fv2%2Fmedia&parent=1810"}],"curies":[{"name":"wp","href":"https:\/\/api.w.org\/{rel}","templated":true}]}}