{"id":1815,"date":"2023-03-19T15:43:28","date_gmt":"2023-03-19T14:43:28","guid":{"rendered":"http:\/\/kulturtage-poing.de\/?page_id=1815"},"modified":"2023-03-20T12:37:57","modified_gmt":"2023-03-20T11:37:57","slug":"programm-2023","status":"publish","type":"page","link":"https:\/\/kulturtage-poing.de\/?page_id=1815","title":{"rendered":"Kulturtage 2023"},"content":{"rendered":"\n<p>Hier finden Sie den Flyer des Programms von 2023 zum Download: <a href=\"http:\/\/kulturtage-poing.de\/wp-content\/uploads\/2023\/03\/SE_Kulturtage_Poing_2023_Folder.pdf\">Kulturtage_Poing_2023_P<img decoding=\"async\" class=\"wp-image-1817\" style=\"width: NaNpx;\" src=\"http:\/\/kulturtage-poing.de\/wp-content\/uploads\/2023\/03\/SE_Kulturtage_Poing_2023_Folder.pdf\" alt=\"\">rogrammfolder<\/a><\/p>\n\n\n\n<div class=\"wp-block-columns are-vertically-aligned-bottom is-layout-flex wp-container-core-columns-is-layout-9d6595d7 wp-block-columns-is-layout-flex\">\n<div class=\"wp-block-column is-vertically-aligned-bottom is-layout-flow wp-block-column-is-layout-flow\" style=\"flex-basis:100%\">\n<figure class=\"wp-block-table is-style-regular\"><table><tbody><tr><td class=\"has-text-align-center\" data-align=\"center\"><strong>19.05.2023<\/strong><br><br><strong>19:30<\/strong><br>Einlass:<br>19:00 Uhr<br><strong><em>EINTRITT:<br>5,00 \u20ac<\/em><\/strong><\/td><td class=\"has-text-align-center\" data-align=\"center\"><img decoding=\"async\" src=\"http:\/\/kulturtage-poing.de\/wp-content\/uploads\/2014\/05\/kulturtage-poing-wort.png\" alt=\"\" style=\"width: 100px;\"><\/td><td class=\"has-text-align-center\" data-align=\"center\">Unverpacktladen<br> \u00bbbunte bOHNE\u00ab<br>Marktstra\u00dfe 5 a, Poing<\/td><td class=\"has-text-align-center\" data-align=\"center\"><strong>Literarischer Abend: <\/strong><br>Wir freuen uns sehr, die <strong>Schauspielerin Jutta Kammann <\/strong><br>(Oberschwester Ingrid aus \u201eIn aller Freundschaft\u201c) <br>f\u00fcr die Lesung gewonnen zu haben.<br>Sie liest aus ihrer Autobiografie<br> <strong>\u201eRothaarig und wild entschlossen\u201c<\/strong>  <br>und wird dar\u00fcber hinaus aus ihrem Leben erz\u00e4hlen.<br><strong><mark style=\"background-color:rgba(0, 0, 0, 0);color:#cf18aa\" class=\"has-inline-color\">Der Eintritt der Lesung geht zu 100% an <\/mark><\/strong><br><strong><mark style=\"background-color:rgba(0, 0, 0, 0);color:#cf18aa\" class=\"has-inline-color\">die  Bildungs- und Erholungsst\u00e4tte Langau e.V. <\/mark><\/strong><\/td><\/tr><tr><td class=\"has-text-align-center\" data-align=\"center\"><strong>20.05.2023<\/strong><br><br><strong>19:30<\/strong><br>Einlass:<br>18:30 Uhr<br><strong><em>EINTRITT:<br>17,00 \u20ac<\/em><\/strong><br><\/td><td class=\"has-text-align-center\" data-align=\"center\"><img loading=\"lazy\" decoding=\"async\" width=\"100\" height=\"100\" class=\"wp-image-489\" style=\"width: 100px;\" src=\"http:\/\/kulturtage-poing.de\/wp-content\/uploads\/2014\/05\/kulturtage-poing-buehne.png\" alt=\"\" srcset=\"https:\/\/kulturtage-poing.de\/wp-content\/uploads\/2014\/05\/kulturtage-poing-buehne.png 283w, https:\/\/kulturtage-poing.de\/wp-content\/uploads\/2014\/05\/kulturtage-poing-buehne-150x150.png 150w\" sizes=\"auto, (max-width: 100px) 100vw, 100px\" \/><\/td><td class=\"has-text-align-center\" data-align=\"center\">Aula, Gruber Str. 4, Poing<\/td><td class=\"has-text-align-center\" data-align=\"center\"><strong>Operettenabend:<\/strong><br>\u00bbWiener Melodien\u00ab<br> mit Barbara Sauter (Mezzosopran), Gigi Pfundmair (Sopran), <br>Richard Wiedl (Tenor), <br>dem Petershausener Kammerorchester unter der Leitung von Eugen Tluck, <br>sowie der Ballettschule des Familienzentrums Poing <br>unter der Leitung von Regina R\u00fcger,<br>Moderation: Cornelia G\u00fctlich<\/td><\/tr><tr><td class=\"has-text-align-center\" data-align=\"center\"><strong>21.05.2023<\/strong><br><strong><br>18:00 Uhr<\/strong><br>Einlass:<br>17:00 Uhr<br><strong><em>EINTRITT:<br>9,00 \u20ac<\/em><\/strong><\/td><td class=\"has-text-align-center\" data-align=\"center\"><img loading=\"lazy\" decoding=\"async\" width=\"100\" height=\"100\" class=\"wp-image-1364\" style=\"width: 100px;\" src=\"http:\/\/kulturtage-poing.de\/wp-content\/uploads\/2022\/09\/image.png\" alt=\"\" srcset=\"https:\/\/kulturtage-poing.de\/wp-content\/uploads\/2022\/09\/image.png 283w, https:\/\/kulturtage-poing.de\/wp-content\/uploads\/2022\/09\/image-150x150.png 150w\" sizes=\"auto, (max-width: 100px) 100vw, 100px\" \/><\/td><td class=\"has-text-align-center\" data-align=\"center\">Aula, Gruber Str. 4, Poing<\/td><td class=\"has-text-align-center\" data-align=\"center\"><strong><em>NACHHOLTERMIN:<\/em><\/strong><br><strong>\u201eAdel verpachtet\u201c<\/strong><br>von Klaus Mitschke unter der k\u00fcnstlerischen Leitung von Michael G\u00fctlich,<br>mit Schauspielerinnen und Schauspielern aus Poing und Umgebung. <br>Lassen Sie sich \u00fcberraschen!<\/td><\/tr><\/tbody><\/table><\/figure>\n<\/div>\n<\/div>\n","protected":false},"excerpt":{"rendered":"<p>Hier finden Sie den Flyer des Programms von 2023 zum Download: Kulturtage_Poing_2023_Programmfolder 19.05.2023 19:30Einlass:19:00 UhrEINTRITT:5,00 \u20ac Unverpacktladen \u00bbbunte bOHNE\u00abMarktstra\u00dfe 5 a, Poing Literarischer Abend: Wir freuen uns sehr, die Schauspielerin Jutta Kammann (Oberschwester Ingrid aus \u201eIn aller Freundschaft\u201c) f\u00fcr die Lesung gewonnen zu haben.Sie liest aus ihrer Autobiografie \u201eRothaarig und wild entschlossen\u201c und wird dar\u00fcber [&hellip;]<\/p>\n","protected":false},"author":2,"featured_media":1824,"parent":0,"menu_order":0,"comment_status":"closed","ping_status":"closed","template":"","meta":{"footnotes":""},"class_list":["post-1815","page","type-page","status-publish","has-post-thumbnail","czr-hentry"],"_links":{"self":[{"href":"https:\/\/kulturtage-poing.de\/index.php?rest_route=\/wp\/v2\/pages\/1815","targetHints":{"allow":["GET"]}}],"collection":[{"href":"https:\/\/kulturtage-poing.de\/index.php?rest_route=\/wp\/v2\/pages"}],"about":[{"href":"https:\/\/kulturtage-poing.de\/index.php?rest_route=\/wp\/v2\/types\/page"}],"author":[{"embeddable":true,"href":"https:\/\/kulturtage-poing.de\/index.php?rest_route=\/wp\/v2\/users\/2"}],"replies":[{"embeddable":true,"href":"https:\/\/kulturtage-poing.de\/index.php?rest_route=%2Fwp%2Fv2%2Fcomments&post=1815"}],"version-history":[{"count":5,"href":"https:\/\/kulturtage-poing.de\/index.php?rest_route=\/wp\/v2\/pages\/1815\/revisions"}],"predecessor-version":[{"id":1854,"href":"https:\/\/kulturtage-poing.de\/index.php?rest_route=\/wp\/v2\/pages\/1815\/revisions\/1854"}],"wp:featuredmedia":[{"embeddable":true,"href":"https:\/\/kulturtage-poing.de\/index.php?rest_route=\/wp\/v2\/media\/1824"}],"wp:attachment":[{"href":"https:\/\/kulturtage-poing.de\/index.php?rest_route=%2Fwp%2Fv2%2Fmedia&parent=1815"}],"curies":[{"name":"wp","href":"https:\/\/api.w.org\/{rel}","templated":true}]}}