{"id":1833,"date":"2023-03-20T12:08:28","date_gmt":"2023-03-20T11:08:28","guid":{"rendered":"http:\/\/kulturtage-poing.de\/?page_id=1833"},"modified":"2023-03-20T12:08:28","modified_gmt":"2023-03-20T11:08:28","slug":"rothaarig-und-wild-entschlossen","status":"publish","type":"page","link":"https:\/\/kulturtage-poing.de\/?page_id=1833","title":{"rendered":"&#8222;Rothaarig und wild entschlossen&#8220;"},"content":{"rendered":"<div class=\"wp-block-image\">\n<figure class=\"aligncenter size-large is-resized\"><a href=\"http:\/\/kulturtage-poing.de\/wp-content\/uploads\/2023\/03\/2021.03.15.-Jutta-Kammann-Biografie-scaled.jpg\"><img loading=\"lazy\" decoding=\"async\" src=\"http:\/\/kulturtage-poing.de\/wp-content\/uploads\/2023\/03\/2021.03.15.-Jutta-Kammann-Biografie-1024x1024.jpg\" alt=\"\" class=\"wp-image-1834\" width=\"507\" height=\"507\" srcset=\"https:\/\/kulturtage-poing.de\/wp-content\/uploads\/2023\/03\/2021.03.15.-Jutta-Kammann-Biografie-1024x1024.jpg 1024w, https:\/\/kulturtage-poing.de\/wp-content\/uploads\/2023\/03\/2021.03.15.-Jutta-Kammann-Biografie-300x300.jpg 300w, https:\/\/kulturtage-poing.de\/wp-content\/uploads\/2023\/03\/2021.03.15.-Jutta-Kammann-Biografie-150x150.jpg 150w, https:\/\/kulturtage-poing.de\/wp-content\/uploads\/2023\/03\/2021.03.15.-Jutta-Kammann-Biografie-768x768.jpg 768w, https:\/\/kulturtage-poing.de\/wp-content\/uploads\/2023\/03\/2021.03.15.-Jutta-Kammann-Biografie-1536x1536.jpg 1536w, https:\/\/kulturtage-poing.de\/wp-content\/uploads\/2023\/03\/2021.03.15.-Jutta-Kammann-Biografie-2048x2048.jpg 2048w\" sizes=\"auto, (max-width: 507px) 100vw, 507px\" \/><\/a><figcaption class=\"wp-element-caption\"><em>Bildquelle: Mia Springer<\/em><\/figcaption><\/figure>\n<\/div>\n\n\n<div class=\"wp-block-group\"><div class=\"wp-block-group__inner-container is-layout-constrained wp-block-group-is-layout-constrained\">\n<p>Wir freuen uns sehr, die <strong>Schauspielerin Jutta Kammann <\/strong>(bekannt als Oberschwester Ingrid aus der Erfolgsserie \u201eIn aller Freundschaft\u201c) f\u00fcr eine Lesung in Poing gewonnen zu haben.<\/p>\n\n\n\n<p>Schon der Untertitel \u201eAufgeben gibt&#8217;s nicht \u2013 mein Leben\u201c l\u00e4sst erahnen, dass es nat\u00fcrlich neben dem Rampenlicht der Fernsehkameras auch den Menschen Jutta Kammann gibt. Einen Menschen mit gro\u00dfen Tr\u00e4umen und W\u00fcnschen, der aber auch mit Tr\u00e4nen und Entt\u00e4uschungen fertig werden muss.<br>Trotz vieler Widrigkeiten fasst Jutta Kammann den Entschluss, Schauspielerin zu werden und l\u00e4sst sich von diesem Traum nicht mehr abbringen. Sie besucht die Schauspielschule und lernt mit Anfang 20 den 30 Jahre \u00e4lteren Regisseur Wilhelm Semmelroth kennen. 30 Jahre sind beide ein Paar. Anfangs packt er die Dinge an und sp\u00e4ter ist sie es, die ihn, als er pflegebed\u00fcrftig wird, versorgt und bis zu seinem Tod pflegt.<br>Das Engagement in der Serie \u201eIn aller Freundschaft\u201c ist nach seinem Tod ein Gl\u00fccksfall, der ihr die Existenz\u00e4ngste nehmen kann.<br>Bedingt durch eine Augenkrankheit und damit einhergehende Einschr\u00e4nkungen beschlie\u00dft sie ins Augustinum zu ziehen und findet dort noch einmal echte Freundschaft und genie\u00dft ein ereignisreiches Leben.<\/p>\n\n\n\n<p>Den Landkreis Ebersberg und auch Poing kennt sie \u00fcbrigens gut, wohnte sie doch \u00fcber 35 Jahre im nahegelegenen Zorneding.<\/p>\n\n\n\n<p>Auch das soziale Engagement ist Jutta Kammann wichtig und so war sie viele Jahre als Botschafterin der Bildungs- und Erholungsst\u00e4tte Langau e.V. t\u00e4tig, einer Einrichtung f\u00fcr Familien mit Angeh\u00f6rigen mit schwersten Handicaps.<\/p>\n\n\n\n<p>Der Eintritt der Lesung geht deshalb zu 100% an die Bildungs- und Erholungsst\u00e4tte Langau e.V., um deren wertvolle Arbeit ein bisschen zu unterst\u00fctzen.<\/p>\n<\/div><\/div>\n","protected":false},"excerpt":{"rendered":"<p>Wir freuen uns sehr, die Schauspielerin Jutta Kammann (bekannt als Oberschwester Ingrid aus der Erfolgsserie \u201eIn aller Freundschaft\u201c) f\u00fcr eine Lesung in Poing gewonnen zu haben. Schon der Untertitel \u201eAufgeben gibt&#8217;s nicht \u2013 mein Leben\u201c l\u00e4sst erahnen, dass es nat\u00fcrlich neben dem Rampenlicht der Fernsehkameras auch den Menschen Jutta Kammann gibt. Einen Menschen mit gro\u00dfen [&hellip;]<\/p>\n","protected":false},"author":2,"featured_media":0,"parent":0,"menu_order":0,"comment_status":"closed","ping_status":"closed","template":"","meta":{"footnotes":""},"class_list":["post-1833","page","type-page","status-publish","czr-hentry"],"_links":{"self":[{"href":"https:\/\/kulturtage-poing.de\/index.php?rest_route=\/wp\/v2\/pages\/1833","targetHints":{"allow":["GET"]}}],"collection":[{"href":"https:\/\/kulturtage-poing.de\/index.php?rest_route=\/wp\/v2\/pages"}],"about":[{"href":"https:\/\/kulturtage-poing.de\/index.php?rest_route=\/wp\/v2\/types\/page"}],"author":[{"embeddable":true,"href":"https:\/\/kulturtage-poing.de\/index.php?rest_route=\/wp\/v2\/users\/2"}],"replies":[{"embeddable":true,"href":"https:\/\/kulturtage-poing.de\/index.php?rest_route=%2Fwp%2Fv2%2Fcomments&post=1833"}],"version-history":[{"count":1,"href":"https:\/\/kulturtage-poing.de\/index.php?rest_route=\/wp\/v2\/pages\/1833\/revisions"}],"predecessor-version":[{"id":1835,"href":"https:\/\/kulturtage-poing.de\/index.php?rest_route=\/wp\/v2\/pages\/1833\/revisions\/1835"}],"wp:attachment":[{"href":"https:\/\/kulturtage-poing.de\/index.php?rest_route=%2Fwp%2Fv2%2Fmedia&parent=1833"}],"curies":[{"name":"wp","href":"https:\/\/api.w.org\/{rel}","templated":true}]}}