{"id":1837,"date":"2023-03-20T12:15:26","date_gmt":"2023-03-20T11:15:26","guid":{"rendered":"http:\/\/kulturtage-poing.de\/?page_id=1837"},"modified":"2023-03-20T12:15:26","modified_gmt":"2023-03-20T11:15:26","slug":"wiener-melodien","status":"publish","type":"page","link":"https:\/\/kulturtage-poing.de\/?page_id=1837","title":{"rendered":"&#8222;Wiener Melodien&#8220;"},"content":{"rendered":"\n<figure class=\"wp-block-image size-large\"><a href=\"http:\/\/kulturtage-poing.de\/wp-content\/uploads\/2023\/03\/WhatsApp-Bild-2023-03-19-um-17.26.27.jpg\"><img loading=\"lazy\" decoding=\"async\" width=\"1024\" height=\"576\" src=\"http:\/\/kulturtage-poing.de\/wp-content\/uploads\/2023\/03\/WhatsApp-Bild-2023-03-19-um-17.26.27-1024x576.jpg\" alt=\"\" class=\"wp-image-1838\" srcset=\"https:\/\/kulturtage-poing.de\/wp-content\/uploads\/2023\/03\/WhatsApp-Bild-2023-03-19-um-17.26.27-1024x576.jpg 1024w, https:\/\/kulturtage-poing.de\/wp-content\/uploads\/2023\/03\/WhatsApp-Bild-2023-03-19-um-17.26.27-300x169.jpg 300w, https:\/\/kulturtage-poing.de\/wp-content\/uploads\/2023\/03\/WhatsApp-Bild-2023-03-19-um-17.26.27-768x432.jpg 768w, https:\/\/kulturtage-poing.de\/wp-content\/uploads\/2023\/03\/WhatsApp-Bild-2023-03-19-um-17.26.27-1536x864.jpg 1536w, https:\/\/kulturtage-poing.de\/wp-content\/uploads\/2023\/03\/WhatsApp-Bild-2023-03-19-um-17.26.27.jpg 1600w\" sizes=\"auto, (max-width: 1024px) 100vw, 1024px\" \/><\/a><figcaption class=\"wp-element-caption\">Barbara Sauter (Mezzosopran)                                   Richard Wiedl (Tenor)                                 Gigi Pfundmair (Sopran)<\/figcaption><\/figure>\n\n\n\n<p>Nat\u00fcrlich ist auch in diesem Jahr wieder ein Operettenabend im Programm der Poinger Kulturtage.<\/p>\n\n\n\n<p>Unsere bekannten und beliebten Solisten, die Mezzosopranistin Barbara Sauter und der Tenor Richard Wiedl erhalten in diesem Jahr Unterst\u00fctzung von der bekannten und beliebten M\u00fcnchner Sopranistin Gigi Pfundmair.<\/p>\n\n\n\n<p>Musikalisch begleitet werden die S\u00e4nger in bew\u00e4hrter Art und Weise vom Petershausener Kammerorchester unter der Leitung von Eugen Tluck und es werden dar\u00fcber hinaus Schrammelmusiker zu h\u00f6ren sein (Martin Sch\u00e4rtl, Akkordeon, Martin Ziegenaus, Gitarre und Eugen Tluck, Geige)<\/p>\n\n\n\n<p>Auch die Ballettschule des Familienzentrums Poing unter der Leitung von Regina R\u00fcger freut sich sehr, den Abend mit ihrer t\u00e4nzerischen Darbietung zu bereichern.<\/p>\n\n\n\n<p>Dieses Mal wagen wir einen Ausflug in die Wiener Operette und Sie d\u00fcrfen sich auf bekannte und unvergessliche Melodien freuen.<br>Beispielsweise auf \u201eDrau\u00dfen in Sievering\u201c von Johann Strauss oder auf das St\u00fcck \u201eGr\u00fc\u00df mir mein Wien\u201c aus Gr\u00e4fin Mariza, sowie auf die \u201eTritsch-Tratsch-Polka\u201c oder \u201eWiener Blut\u201c.<br>Selbstverst\u00e4ndlich ist auch der \u201eDonauwalzer\u201c ein Teil des Programms, wie ein paar unbekanntere, aber dennoch genauso reizende St\u00fccke.<br>Der Vogelh\u00e4ndler und damit das beliebte \u201eSchenkt man sich Rosen in Tirol\u201c ist ebenso dabei, wie das \u201eFiakerlied\u201c und das \u201eHobellied\u201c, aber auch Melodien von Josef Lanner bereichern das Programm und ein gemeinsames Finale l\u00e4sst bestimmt keine W\u00fcnsche offen.<\/p>\n","protected":false},"excerpt":{"rendered":"<p>Nat\u00fcrlich ist auch in diesem Jahr wieder ein Operettenabend im Programm der Poinger Kulturtage. Unsere bekannten und beliebten Solisten, die Mezzosopranistin Barbara Sauter und der Tenor Richard Wiedl erhalten in diesem Jahr Unterst\u00fctzung von der bekannten und beliebten M\u00fcnchner Sopranistin Gigi Pfundmair. Musikalisch begleitet werden die S\u00e4nger in bew\u00e4hrter Art und Weise vom Petershausener Kammerorchester [&hellip;]<\/p>\n","protected":false},"author":2,"featured_media":0,"parent":0,"menu_order":0,"comment_status":"closed","ping_status":"closed","template":"","meta":{"footnotes":""},"class_list":["post-1837","page","type-page","status-publish","czr-hentry"],"_links":{"self":[{"href":"https:\/\/kulturtage-poing.de\/index.php?rest_route=\/wp\/v2\/pages\/1837","targetHints":{"allow":["GET"]}}],"collection":[{"href":"https:\/\/kulturtage-poing.de\/index.php?rest_route=\/wp\/v2\/pages"}],"about":[{"href":"https:\/\/kulturtage-poing.de\/index.php?rest_route=\/wp\/v2\/types\/page"}],"author":[{"embeddable":true,"href":"https:\/\/kulturtage-poing.de\/index.php?rest_route=\/wp\/v2\/users\/2"}],"replies":[{"embeddable":true,"href":"https:\/\/kulturtage-poing.de\/index.php?rest_route=%2Fwp%2Fv2%2Fcomments&post=1837"}],"version-history":[{"count":1,"href":"https:\/\/kulturtage-poing.de\/index.php?rest_route=\/wp\/v2\/pages\/1837\/revisions"}],"predecessor-version":[{"id":1839,"href":"https:\/\/kulturtage-poing.de\/index.php?rest_route=\/wp\/v2\/pages\/1837\/revisions\/1839"}],"wp:attachment":[{"href":"https:\/\/kulturtage-poing.de\/index.php?rest_route=%2Fwp%2Fv2%2Fmedia&parent=1837"}],"curies":[{"name":"wp","href":"https:\/\/api.w.org\/{rel}","templated":true}]}}