{"id":1943,"date":"2024-06-10T15:12:35","date_gmt":"2024-06-10T13:12:35","guid":{"rendered":"https:\/\/kulturtage-poing.de\/?page_id=1943"},"modified":"2024-07-01T15:05:49","modified_gmt":"2024-07-01T13:05:49","slug":"kabarettabend","status":"publish","type":"page","link":"https:\/\/kulturtage-poing.de\/?page_id=1943","title":{"rendered":"&#8222;LEIDER&#8220;"},"content":{"rendered":"\n<p><\/p>\n\n\n\n<div class=\"wp-block-media-text is-stacked-on-mobile\" style=\"grid-template-columns:27% auto\"><figure class=\"wp-block-media-text__media\"><img loading=\"lazy\" decoding=\"async\" width=\"762\" height=\"1024\" src=\"http:\/\/kulturtage-poing.de\/wp-content\/uploads\/2024\/06\/Springer-762x1024.jpg\" alt=\"\" class=\"wp-image-1997 size-full\" srcset=\"https:\/\/kulturtage-poing.de\/wp-content\/uploads\/2024\/06\/Springer-762x1024.jpg 762w, https:\/\/kulturtage-poing.de\/wp-content\/uploads\/2024\/06\/Springer-223x300.jpg 223w, https:\/\/kulturtage-poing.de\/wp-content\/uploads\/2024\/06\/Springer-768x1032.jpg 768w, https:\/\/kulturtage-poing.de\/wp-content\/uploads\/2024\/06\/Springer-1143x1536.jpg 1143w, https:\/\/kulturtage-poing.de\/wp-content\/uploads\/2024\/06\/Springer-1524x2048.jpg 1524w, https:\/\/kulturtage-poing.de\/wp-content\/uploads\/2024\/06\/Springer-scaled.jpg 1905w\" sizes=\"auto, (max-width: 762px) 100vw, 762px\" \/><\/figure><div class=\"wp-block-media-text__content\">\n<p>Ein Vorschlag zum Optimismus. Christian Springer f\u00e4ngt immer da an, wo andere sagen: \u201eEs geht nicht. Leider.\u201c Bremser, Blockierer und Bedenkentr\u00e4ger machen unser Leben z\u00e4h. Aber er ist im Bayern des Franz Josef Strau\u00df aufgewachsen, hat als Student Nazis aufgesp\u00fcrt, und eine linke Partei gegr\u00fcndet, aus der er sich dann selbst rausgeschmissen hat. Das hat seinen Blick gesch\u00e4rft und die Leidenschaft zur Realsatire gen\u00e4hrt.<br>Er redet schnell, l\u00e4sst keine Pointe aus und prescht mit seinem Publikum l\u00e4ssig durch ernste Themen. Wenn er von der B\u00fchne steigt, macht er im realen Leben weiter. Er setzt die kabarettistische Weltsicht um ins Tun. Dazu geh\u00f6ren Vortr\u00e4ge an Schulen und sein Verein Orienthelfer e.V.<br>Christian Springer zeigt: Auch politische Themen k\u00f6nnen rocken. Seine monatliche Kabarettsendung \u201eschlachthof\u201c moderiert er gemeinsam mit dem Kollegen Michael Altinger und wenn er dann noch eine Zeitl\u00fccke findet, schreibt er wieder ein Buch. Er ist der Kabarettist f\u00fcr Herz und Hirn, \u201ekein Prediger, sondern ein Handwerksmeister der Weltverbesserung.\u201c Denn es herrscht: Kabarettnotwendigkeit!<\/p>\n\n\n\n<p><em>M\u00fcnchen-Premiere: 24. Oktober 2024, Lustspielhaus<\/em><\/p>\n<\/div><\/div>\n","protected":false},"excerpt":{"rendered":"<p>Ein Vorschlag zum Optimismus. Christian Springer f\u00e4ngt immer da an, wo andere sagen: \u201eEs geht nicht. Leider.\u201c Bremser, Blockierer und Bedenkentr\u00e4ger machen unser Leben z\u00e4h. Aber er ist im Bayern des Franz Josef Strau\u00df aufgewachsen, hat als Student Nazis aufgesp\u00fcrt, und eine linke Partei gegr\u00fcndet, aus der er sich dann selbst rausgeschmissen hat. Das hat [&hellip;]<\/p>\n","protected":false},"author":2,"featured_media":0,"parent":0,"menu_order":0,"comment_status":"closed","ping_status":"closed","template":"","meta":{"footnotes":""},"class_list":["post-1943","page","type-page","status-publish","czr-hentry"],"_links":{"self":[{"href":"https:\/\/kulturtage-poing.de\/index.php?rest_route=\/wp\/v2\/pages\/1943","targetHints":{"allow":["GET"]}}],"collection":[{"href":"https:\/\/kulturtage-poing.de\/index.php?rest_route=\/wp\/v2\/pages"}],"about":[{"href":"https:\/\/kulturtage-poing.de\/index.php?rest_route=\/wp\/v2\/types\/page"}],"author":[{"embeddable":true,"href":"https:\/\/kulturtage-poing.de\/index.php?rest_route=\/wp\/v2\/users\/2"}],"replies":[{"embeddable":true,"href":"https:\/\/kulturtage-poing.de\/index.php?rest_route=%2Fwp%2Fv2%2Fcomments&post=1943"}],"version-history":[{"count":4,"href":"https:\/\/kulturtage-poing.de\/index.php?rest_route=\/wp\/v2\/pages\/1943\/revisions"}],"predecessor-version":[{"id":2017,"href":"https:\/\/kulturtage-poing.de\/index.php?rest_route=\/wp\/v2\/pages\/1943\/revisions\/2017"}],"wp:attachment":[{"href":"https:\/\/kulturtage-poing.de\/index.php?rest_route=%2Fwp%2Fv2%2Fmedia&parent=1943"}],"curies":[{"name":"wp","href":"https:\/\/api.w.org\/{rel}","templated":true}]}}