{"id":1978,"date":"2024-06-18T14:41:42","date_gmt":"2024-06-18T12:41:42","guid":{"rendered":"https:\/\/kulturtage-poing.de\/?page_id=1978"},"modified":"2024-06-18T14:52:48","modified_gmt":"2024-06-18T12:52:48","slug":"marie-giroux","status":"publish","type":"page","link":"https:\/\/kulturtage-poing.de\/?page_id=1978","title":{"rendered":"Marie Giroux"},"content":{"rendered":"\n<div class=\"wp-block-media-text is-stacked-on-mobile\" style=\"grid-template-columns:17% auto\"><figure class=\"wp-block-media-text__media\"><img loading=\"lazy\" decoding=\"async\" width=\"322\" height=\"448\" src=\"http:\/\/kulturtage-poing.de\/wp-content\/uploads\/2024\/06\/Marie-Bild.png\" alt=\"\" class=\"wp-image-1979 size-full\" srcset=\"https:\/\/kulturtage-poing.de\/wp-content\/uploads\/2024\/06\/Marie-Bild.png 322w, https:\/\/kulturtage-poing.de\/wp-content\/uploads\/2024\/06\/Marie-Bild-216x300.png 216w\" sizes=\"auto, (max-width: 322px) 100vw, 322px\" \/><\/figure><div class=\"wp-block-media-text__content\">\n<p class=\"has-text-align-left\">Die franz\u00f6sische Mezzosopranistin Marie Giroux absolvierte ihr Gesangsstudium an der Hochschule f\u00fcr Musik \u201eHanns Eisler\u201d in Berlin.                                                             Unter anderem trat sie an der Staatsoper Hannover und in der vielgefeierten Produktion \u201eDie Zauberfl\u00f6te in der U-Bahn\u201d von Christoph Hagel auf.                                                                         Sie singt Galas und Konzerte in renommierten S\u00e4len, wie den Philharmonien von Berlin und M\u00fcnchen und dem Gewandhaus Leipzig.<br>Neben ihrer T\u00e4tigkeit im klassischen Fach tourt sie im Duo Pariser Flair mit ihren eigenen Chanson-Kabarett-Programmen durch ganz Deutschland.                                                                                                                                                        <\/p>\n\n\n\n<p class=\"has-text-align-left\"><em>Foto: Laurence Chaperon<\/em><\/p>\n<\/div><\/div>\n\n\n\n<p class=\"has-text-align-left\"><\/p>\n","protected":false},"excerpt":{"rendered":"<p>Die franz\u00f6sische Mezzosopranistin Marie Giroux absolvierte ihr Gesangsstudium an der Hochschule f\u00fcr Musik \u201eHanns Eisler\u201d in Berlin. Unter anderem trat sie an der Staatsoper Hannover und in der vielgefeierten Produktion \u201eDie Zauberfl\u00f6te in der U-Bahn\u201d von Christoph Hagel auf. Sie singt Galas und Konzerte in renommierten S\u00e4len, wie den Philharmonien von Berlin und M\u00fcnchen und [&hellip;]<\/p>\n","protected":false},"author":2,"featured_media":0,"parent":0,"menu_order":0,"comment_status":"closed","ping_status":"closed","template":"","meta":{"footnotes":""},"class_list":["post-1978","page","type-page","status-publish","czr-hentry"],"_links":{"self":[{"href":"https:\/\/kulturtage-poing.de\/index.php?rest_route=\/wp\/v2\/pages\/1978","targetHints":{"allow":["GET"]}}],"collection":[{"href":"https:\/\/kulturtage-poing.de\/index.php?rest_route=\/wp\/v2\/pages"}],"about":[{"href":"https:\/\/kulturtage-poing.de\/index.php?rest_route=\/wp\/v2\/types\/page"}],"author":[{"embeddable":true,"href":"https:\/\/kulturtage-poing.de\/index.php?rest_route=\/wp\/v2\/users\/2"}],"replies":[{"embeddable":true,"href":"https:\/\/kulturtage-poing.de\/index.php?rest_route=%2Fwp%2Fv2%2Fcomments&post=1978"}],"version-history":[{"count":3,"href":"https:\/\/kulturtage-poing.de\/index.php?rest_route=\/wp\/v2\/pages\/1978\/revisions"}],"predecessor-version":[{"id":1993,"href":"https:\/\/kulturtage-poing.de\/index.php?rest_route=\/wp\/v2\/pages\/1978\/revisions\/1993"}],"wp:attachment":[{"href":"https:\/\/kulturtage-poing.de\/index.php?rest_route=%2Fwp%2Fv2%2Fmedia&parent=1978"}],"curies":[{"name":"wp","href":"https:\/\/api.w.org\/{rel}","templated":true}]}}