{"id":1983,"date":"2024-06-18T14:44:40","date_gmt":"2024-06-18T12:44:40","guid":{"rendered":"https:\/\/kulturtage-poing.de\/?page_id=1983"},"modified":"2024-06-18T14:53:23","modified_gmt":"2024-06-18T12:53:23","slug":"joseph-schnurr","status":"publish","type":"page","link":"https:\/\/kulturtage-poing.de\/?page_id=1983","title":{"rendered":"Joseph Schnurr"},"content":{"rendered":"\n<div class=\"wp-block-media-text is-stacked-on-mobile\" style=\"grid-template-columns:16% auto\"><figure class=\"wp-block-media-text__media\"><img loading=\"lazy\" decoding=\"async\" width=\"363\" height=\"581\" src=\"https:\/\/kulturtage-poing.de\/wp-content\/uploads\/2024\/06\/Joseph-Bild.png\" alt=\"\" class=\"wp-image-1984 size-full\" srcset=\"https:\/\/kulturtage-poing.de\/wp-content\/uploads\/2024\/06\/Joseph-Bild.png 363w, https:\/\/kulturtage-poing.de\/wp-content\/uploads\/2024\/06\/Joseph-Bild-187x300.png 187w\" sizes=\"auto, (max-width: 363px) 100vw, 363px\" \/><\/figure><div class=\"wp-block-media-text__content\">\n<p>Der kanadische Tenor Joseph Schnurr studierte an der Wilfrid Laurier University, Kanada, und an der HfM \u201eHanns Eisler\u201d in Berlin. Auftritte u.a. in der M\u00fcnchener Philharmonie, mit der Pacific Opera Victoria (Kanada), und in zahlreichen Opern und Oratorien in Europa und Kanada, z. B. als Tamino in der Zauberfl\u00f6te in Wladiwostok, Russland, Titus in Mozarts Titus im Bode-Museum Berlin,<br>in Haydns Sch\u00f6pfung im Berliner Dom, im Messias von H\u00e4ndel in Toronto<br>und Halifax (beides Kanada), in Bachs Matth\u00e4uspassion auf Malta,<br>Mozarts Requiem in Rom sowie Schubert Es-Dur Messe und Neunte<br>Symphonie von Beethoven, beide in der Berliner Philharmonie.                                              <\/p>\n\n\n\n<p><em>Foto: Laurence Chaperon<\/em>              <\/p>\n<\/div><\/div>\n","protected":false},"excerpt":{"rendered":"<p>Der kanadische Tenor Joseph Schnurr studierte an der Wilfrid Laurier University, Kanada, und an der HfM \u201eHanns Eisler\u201d in Berlin. Auftritte u.a. in der M\u00fcnchener Philharmonie, mit der Pacific Opera Victoria (Kanada), und in zahlreichen Opern und Oratorien in Europa und Kanada, z. B. als Tamino in der Zauberfl\u00f6te in Wladiwostok, Russland, Titus in Mozarts [&hellip;]<\/p>\n","protected":false},"author":2,"featured_media":0,"parent":0,"menu_order":0,"comment_status":"closed","ping_status":"closed","template":"","meta":{"footnotes":""},"class_list":["post-1983","page","type-page","status-publish","czr-hentry"],"_links":{"self":[{"href":"https:\/\/kulturtage-poing.de\/index.php?rest_route=\/wp\/v2\/pages\/1983","targetHints":{"allow":["GET"]}}],"collection":[{"href":"https:\/\/kulturtage-poing.de\/index.php?rest_route=\/wp\/v2\/pages"}],"about":[{"href":"https:\/\/kulturtage-poing.de\/index.php?rest_route=\/wp\/v2\/types\/page"}],"author":[{"embeddable":true,"href":"https:\/\/kulturtage-poing.de\/index.php?rest_route=\/wp\/v2\/users\/2"}],"replies":[{"embeddable":true,"href":"https:\/\/kulturtage-poing.de\/index.php?rest_route=%2Fwp%2Fv2%2Fcomments&post=1983"}],"version-history":[{"count":2,"href":"https:\/\/kulturtage-poing.de\/index.php?rest_route=\/wp\/v2\/pages\/1983\/revisions"}],"predecessor-version":[{"id":1994,"href":"https:\/\/kulturtage-poing.de\/index.php?rest_route=\/wp\/v2\/pages\/1983\/revisions\/1994"}],"wp:attachment":[{"href":"https:\/\/kulturtage-poing.de\/index.php?rest_route=%2Fwp%2Fv2%2Fmedia&parent=1983"}],"curies":[{"name":"wp","href":"https:\/\/api.w.org\/{rel}","templated":true}]}}