{"id":1986,"date":"2024-06-18T14:47:20","date_gmt":"2024-06-18T12:47:20","guid":{"rendered":"https:\/\/kulturtage-poing.de\/?page_id=1986"},"modified":"2024-06-18T14:54:39","modified_gmt":"2024-06-18T12:54:39","slug":"jenny-schaeuffelen","status":"publish","type":"page","link":"https:\/\/kulturtage-poing.de\/?page_id=1986","title":{"rendered":"Jenny Sch\u00e4uffelen"},"content":{"rendered":"\n<div class=\"wp-block-media-text is-stacked-on-mobile\" style=\"grid-template-columns:17% auto\"><figure class=\"wp-block-media-text__media\"><img loading=\"lazy\" decoding=\"async\" width=\"429\" height=\"709\" src=\"https:\/\/kulturtage-poing.de\/wp-content\/uploads\/2024\/06\/Jenny-Bild.png\" alt=\"\" class=\"wp-image-1987 size-full\" srcset=\"https:\/\/kulturtage-poing.de\/wp-content\/uploads\/2024\/06\/Jenny-Bild.png 429w, https:\/\/kulturtage-poing.de\/wp-content\/uploads\/2024\/06\/Jenny-Bild-182x300.png 182w\" sizes=\"auto, (max-width: 429px) 100vw, 429px\" \/><\/figure><div class=\"wp-block-media-text__content\">\n<p>Die Pianistin Jenny Sch\u00e4uffelen studierte Klavier an der Hochschule f\u00fcr<br>Musik Hanns Eisler, Berlin. Sie besuchte Meisterkurse f\u00fcr Klavier, Liedbegleitung und Klavierimprovisation. Sp\u00e4ter entdeckte sie neben dem Klavier das Akkordeon und bindet es seitdem in ihre musikalische T\u00e4tigkeit ein.                                                                                      Jenny Sch\u00e4uffelen ist als Solistin, Kammermusikerin und Klavierbegleiterin t\u00e4tig, etwa beim Schleswig-Holstein-Musikfestival als Akkordeonbegleitung beim                                            \u201eFliegenden Holl\u00e4nder f\u00fcr Kinder\u201d oder an der Neuk\u00f6llner Oper Berlin als musikalische Leitung und Klavierbegleitung bei \u201eSchumann im Liegen\u201d.                                                                                                           Mit Marie Giroux tourt sie seit Jahren erfolgreich im Duo Pariser Flair.                                 <\/p>\n\n\n\n<p><em>Foto: Laurence Chaperon<\/em>      <\/p>\n<\/div><\/div>\n","protected":false},"excerpt":{"rendered":"<p>Die Pianistin Jenny Sch\u00e4uffelen studierte Klavier an der Hochschule f\u00fcrMusik Hanns Eisler, Berlin. Sie besuchte Meisterkurse f\u00fcr Klavier, Liedbegleitung und Klavierimprovisation. Sp\u00e4ter entdeckte sie neben dem Klavier das Akkordeon und bindet es seitdem in ihre musikalische T\u00e4tigkeit ein. Jenny Sch\u00e4uffelen ist als Solistin, Kammermusikerin und Klavierbegleiterin t\u00e4tig, etwa beim Schleswig-Holstein-Musikfestival als Akkordeonbegleitung beim \u201eFliegenden Holl\u00e4nder [&hellip;]<\/p>\n","protected":false},"author":2,"featured_media":0,"parent":0,"menu_order":0,"comment_status":"closed","ping_status":"closed","template":"","meta":{"footnotes":""},"class_list":["post-1986","page","type-page","status-publish","czr-hentry"],"_links":{"self":[{"href":"https:\/\/kulturtage-poing.de\/index.php?rest_route=\/wp\/v2\/pages\/1986","targetHints":{"allow":["GET"]}}],"collection":[{"href":"https:\/\/kulturtage-poing.de\/index.php?rest_route=\/wp\/v2\/pages"}],"about":[{"href":"https:\/\/kulturtage-poing.de\/index.php?rest_route=\/wp\/v2\/types\/page"}],"author":[{"embeddable":true,"href":"https:\/\/kulturtage-poing.de\/index.php?rest_route=\/wp\/v2\/users\/2"}],"replies":[{"embeddable":true,"href":"https:\/\/kulturtage-poing.de\/index.php?rest_route=%2Fwp%2Fv2%2Fcomments&post=1986"}],"version-history":[{"count":2,"href":"https:\/\/kulturtage-poing.de\/index.php?rest_route=\/wp\/v2\/pages\/1986\/revisions"}],"predecessor-version":[{"id":1996,"href":"https:\/\/kulturtage-poing.de\/index.php?rest_route=\/wp\/v2\/pages\/1986\/revisions\/1996"}],"wp:attachment":[{"href":"https:\/\/kulturtage-poing.de\/index.php?rest_route=%2Fwp%2Fv2%2Fmedia&parent=1986"}],"curies":[{"name":"wp","href":"https:\/\/api.w.org\/{rel}","templated":true}]}}