{"id":2080,"date":"2024-10-21T12:49:50","date_gmt":"2024-10-21T10:49:50","guid":{"rendered":"https:\/\/kulturtage-poing.de\/?page_id=2080"},"modified":"2024-10-21T12:49:50","modified_gmt":"2024-10-21T10:49:50","slug":"bildergalerie-2024","status":"publish","type":"page","link":"https:\/\/kulturtage-poing.de\/?page_id=2080","title":{"rendered":"Bildergalerie 2024"},"content":{"rendered":"\n<p class=\"has-text-align-center\">auf den n\u00e4chsten Seiten sehen Sie Bilder unserer Veranstaltungen von den Kulturtagewochenenden 2024.                                             Wir haben unser 10 J\u00e4hriges Jubil\u00e4um geb\u00fchrend gefeiert mit insgesamt 7 Veranstaltungen. <\/p>\n\n\n\n<figure class=\"wp-block-image size-large\"><a href=\"http:\/\/kulturtage-poing.de\/wp-content\/uploads\/2024\/10\/DSC_9612-scaled.jpg\"><img loading=\"lazy\" decoding=\"async\" width=\"1024\" height=\"685\" src=\"http:\/\/kulturtage-poing.de\/wp-content\/uploads\/2024\/10\/DSC_9612-1024x685.jpg\" alt=\"\" class=\"wp-image-2083\" srcset=\"https:\/\/kulturtage-poing.de\/wp-content\/uploads\/2024\/10\/DSC_9612-1024x685.jpg 1024w, https:\/\/kulturtage-poing.de\/wp-content\/uploads\/2024\/10\/DSC_9612-300x201.jpg 300w, https:\/\/kulturtage-poing.de\/wp-content\/uploads\/2024\/10\/DSC_9612-768x514.jpg 768w, https:\/\/kulturtage-poing.de\/wp-content\/uploads\/2024\/10\/DSC_9612-1536x1028.jpg 1536w, https:\/\/kulturtage-poing.de\/wp-content\/uploads\/2024\/10\/DSC_9612-2048x1371.jpg 2048w\" sizes=\"auto, (max-width: 1024px) 100vw, 1024px\" \/><\/a><\/figure>\n\n\n\n<p><\/p>\n","protected":false},"excerpt":{"rendered":"<p>auf den n\u00e4chsten Seiten sehen Sie Bilder unserer Veranstaltungen von den Kulturtagewochenenden 2024. Wir haben unser 10 J\u00e4hriges Jubil\u00e4um geb\u00fchrend gefeiert mit insgesamt 7 Veranstaltungen.<\/p>\n","protected":false},"author":2,"featured_media":0,"parent":0,"menu_order":0,"comment_status":"closed","ping_status":"closed","template":"","meta":{"footnotes":""},"class_list":["post-2080","page","type-page","status-publish","czr-hentry"],"_links":{"self":[{"href":"https:\/\/kulturtage-poing.de\/index.php?rest_route=\/wp\/v2\/pages\/2080","targetHints":{"allow":["GET"]}}],"collection":[{"href":"https:\/\/kulturtage-poing.de\/index.php?rest_route=\/wp\/v2\/pages"}],"about":[{"href":"https:\/\/kulturtage-poing.de\/index.php?rest_route=\/wp\/v2\/types\/page"}],"author":[{"embeddable":true,"href":"https:\/\/kulturtage-poing.de\/index.php?rest_route=\/wp\/v2\/users\/2"}],"replies":[{"embeddable":true,"href":"https:\/\/kulturtage-poing.de\/index.php?rest_route=%2Fwp%2Fv2%2Fcomments&post=2080"}],"version-history":[{"count":1,"href":"https:\/\/kulturtage-poing.de\/index.php?rest_route=\/wp\/v2\/pages\/2080\/revisions"}],"predecessor-version":[{"id":2084,"href":"https:\/\/kulturtage-poing.de\/index.php?rest_route=\/wp\/v2\/pages\/2080\/revisions\/2084"}],"wp:attachment":[{"href":"https:\/\/kulturtage-poing.de\/index.php?rest_route=%2Fwp%2Fv2%2Fmedia&parent=2080"}],"curies":[{"name":"wp","href":"https:\/\/api.w.org\/{rel}","templated":true}]}}