{"id":2356,"date":"2025-04-08T15:41:29","date_gmt":"2025-04-08T13:41:29","guid":{"rendered":"https:\/\/kulturtage-poing.de\/?page_id=2356"},"modified":"2025-04-08T15:41:29","modified_gmt":"2025-04-08T13:41:29","slug":"marion-haass-pennings","status":"publish","type":"page","link":"https:\/\/kulturtage-poing.de\/?page_id=2356","title":{"rendered":"Marion Haass-Pennings"},"content":{"rendered":"\n<div class=\"wp-block-media-text has-media-on-the-right is-stacked-on-mobile is-vertically-aligned-center\" style=\"grid-template-columns:auto 37%\"><div class=\"wp-block-media-text__content\">\n<p>Marion Haass-Pennings, geboren in Darmstadt, aufgewachsen bei M\u00fcnchen, studierte Katholische und Feministische Theologie sowie Judaistik und Child Protection\/Against Child Abuse in M\u00fcnchen, Amsterdam und an der Gregoriana \/Vatikanstadt. Sie war in der Seelsorge, Beratung und Jugendarbeit t\u00e4tig. Neben dem Schreiben unterrichtet sie im Gymnasium Kirchheim und ist Dozentin im M\u00fcnchner Lehrhaus der Religionen.<\/p>\n\n\n\n<p>Sie ist verheiratet mit einem Niederl\u00e4nder und hat zwei S\u00f6hne.<\/p>\n\n\n\n<p>F\u00fcr das Format \u201eAuf ein Wort\u201c des BR entstanden ca. 40 Texte. 2021 erschien ihr Essay \u201e\u2026 die Gott ahnen wie ich\u201c in der Anthologie \u201eWeil Gott es so will\u201c, einem <em>Spiegel<\/em>-Bestseller.<\/p>\n\n\n\n<p>Der Volk Verlag ver\u00f6ffentlichte im Oktober 2024 ihren Deb\u00fctroman \u201eDie Wortlosen\u201c, \u00fcber den Bachmann-Preistr\u00e4ger Norbert Niemann schrieb, er sei \u201eherausragend in Sprache und \u00c4sthetik\u201c.<\/p>\n\n\n\n<p>Ihr n\u00e4chster Roman &#8211; \u00fcber eine Mutter-Tochter-Beziehung &#8211; ist fast fertiggestellt. Gegenw\u00e4rtig arbeitet sie an einem Buch, in dem sich die j\u00fcngsten Ereignisse in Israel und die Auseinandersetzung mit famili\u00e4rer Verantwortung in der Nazi-Zeit verschr\u00e4nken. Es wurde im M\u00e4rz 2025 auf der Leipziger Buchmesse vorgestellt.<\/p>\n<\/div><figure class=\"wp-block-media-text__media\"><img loading=\"lazy\" decoding=\"async\" width=\"699\" height=\"1024\" src=\"http:\/\/kulturtage-poing.de\/wp-content\/uploads\/2025\/04\/Autorinnenfoto.jpg-699x1024.png\" alt=\"\" class=\"wp-image-2357 size-full\" srcset=\"https:\/\/kulturtage-poing.de\/wp-content\/uploads\/2025\/04\/Autorinnenfoto.jpg-699x1024.png 699w, https:\/\/kulturtage-poing.de\/wp-content\/uploads\/2025\/04\/Autorinnenfoto.jpg-205x300.png 205w, https:\/\/kulturtage-poing.de\/wp-content\/uploads\/2025\/04\/Autorinnenfoto.jpg-768x1124.png 768w, https:\/\/kulturtage-poing.de\/wp-content\/uploads\/2025\/04\/Autorinnenfoto.jpg-1049x1536.png 1049w, https:\/\/kulturtage-poing.de\/wp-content\/uploads\/2025\/04\/Autorinnenfoto.jpg-1399x2048.png 1399w\" sizes=\"auto, (max-width: 699px) 100vw, 699px\" \/><\/figure><\/div>\n\n\n\n<p><\/p>\n","protected":false},"excerpt":{"rendered":"<p>Marion Haass-Pennings, geboren in Darmstadt, aufgewachsen bei M\u00fcnchen, studierte Katholische und Feministische Theologie sowie Judaistik und Child Protection\/Against Child Abuse in M\u00fcnchen, Amsterdam und an der Gregoriana \/Vatikanstadt. Sie war in der Seelsorge, Beratung und Jugendarbeit t\u00e4tig. Neben dem Schreiben unterrichtet sie im Gymnasium Kirchheim und ist Dozentin im M\u00fcnchner Lehrhaus der Religionen. Sie ist [&hellip;]<\/p>\n","protected":false},"author":2,"featured_media":0,"parent":0,"menu_order":0,"comment_status":"closed","ping_status":"closed","template":"","meta":{"footnotes":""},"class_list":["post-2356","page","type-page","status-publish","czr-hentry"],"_links":{"self":[{"href":"https:\/\/kulturtage-poing.de\/index.php?rest_route=\/wp\/v2\/pages\/2356","targetHints":{"allow":["GET"]}}],"collection":[{"href":"https:\/\/kulturtage-poing.de\/index.php?rest_route=\/wp\/v2\/pages"}],"about":[{"href":"https:\/\/kulturtage-poing.de\/index.php?rest_route=\/wp\/v2\/types\/page"}],"author":[{"embeddable":true,"href":"https:\/\/kulturtage-poing.de\/index.php?rest_route=\/wp\/v2\/users\/2"}],"replies":[{"embeddable":true,"href":"https:\/\/kulturtage-poing.de\/index.php?rest_route=%2Fwp%2Fv2%2Fcomments&post=2356"}],"version-history":[{"count":1,"href":"https:\/\/kulturtage-poing.de\/index.php?rest_route=\/wp\/v2\/pages\/2356\/revisions"}],"predecessor-version":[{"id":2358,"href":"https:\/\/kulturtage-poing.de\/index.php?rest_route=\/wp\/v2\/pages\/2356\/revisions\/2358"}],"wp:attachment":[{"href":"https:\/\/kulturtage-poing.de\/index.php?rest_route=%2Fwp%2Fv2%2Fmedia&parent=2356"}],"curies":[{"name":"wp","href":"https:\/\/api.w.org\/{rel}","templated":true}]}}