{"id":2360,"date":"2025-04-08T15:51:44","date_gmt":"2025-04-08T13:51:44","guid":{"rendered":"https:\/\/kulturtage-poing.de\/?page_id=2360"},"modified":"2025-04-08T17:08:12","modified_gmt":"2025-04-08T15:08:12","slug":"lesung-die-wortlosen","status":"publish","type":"page","link":"https:\/\/kulturtage-poing.de\/?page_id=2360","title":{"rendered":"Lesung: &#8222;Die Wortlosen&#8220;"},"content":{"rendered":"\n<p><\/p>\n\n\n\n<div class=\"wp-block-media-text is-stacked-on-mobile\" style=\"grid-template-columns:40% auto\"><figure class=\"wp-block-media-text__media\"><img loading=\"lazy\" decoding=\"async\" width=\"618\" height=\"1024\" src=\"http:\/\/kulturtage-poing.de\/wp-content\/uploads\/2025\/04\/Die-Wortlosen-Cover-618x1024.jpg\" alt=\"\" class=\"wp-image-2361 size-full\" srcset=\"https:\/\/kulturtage-poing.de\/wp-content\/uploads\/2025\/04\/Die-Wortlosen-Cover-618x1024.jpg 618w, https:\/\/kulturtage-poing.de\/wp-content\/uploads\/2025\/04\/Die-Wortlosen-Cover-181x300.jpg 181w, https:\/\/kulturtage-poing.de\/wp-content\/uploads\/2025\/04\/Die-Wortlosen-Cover-768x1273.jpg 768w, https:\/\/kulturtage-poing.de\/wp-content\/uploads\/2025\/04\/Die-Wortlosen-Cover.jpg 820w\" sizes=\"auto, (max-width: 618px) 100vw, 618px\" \/><\/figure><div class=\"wp-block-media-text__content\">\n<p>Die Autorin, Lehrkraft und Dozentin <a href=\"https:\/\/kulturtage-poing.de\/?page_id=2356\" data-type=\"page\" data-id=\"2356\">Marion Haass-Pennings<\/a> liest aus ihrem Roman \u201eDie Wortlosen\u201c.<\/p>\n\n\n\n<p>Darin deckt eine starke und sensible junge Frau nach Jahren der Suche ein dunkles Familiengeheimnis auf und findet schlie\u00dflich zu sich selbst.<\/p>\n\n\n\n<p>Ein fesselnder Abend voller Suspense!<\/p>\n\n\n\n<div class=\"wp-block-columns is-layout-flex wp-container-core-columns-is-layout-9d6595d7 wp-block-columns-is-layout-flex\">\n<div class=\"wp-block-column is-layout-flow wp-block-column-is-layout-flow\" style=\"flex-basis:100%\">\n<details class=\"wp-block-details is-layout-flow wp-block-details-is-layout-flow\"><summary>Mehr lesen <br><\/summary>\n<p>M\u00fcnchen 1969. Als Ulli mit elf ertrinkt, bricht f\u00fcr seine kleine Schwester Moon eine Welt zusammen. Die sch\u00f6ne Mutter beginnt zu trinken, der Vater vergr\u00e4bt sich in Arbeit und geht fremd. Wenigstens ist manchmal ihre Omi f\u00fcr sie da. Nur Moons Freundin Tessa wei\u00df, dass sie tote Tiere fotografiert, einen Kriegsversehrten verfolgt und sp\u00e4ter als Teenie auf schnellen Sex steht. Doch den verlorenen Bruder bekommt Moon dadurch nicht zu fassen.<\/p>\n\n\n\n<p>Die Erinnerung an Ulli treibt Moon voran. Aber weshalb tauchen immer mehr Menschen, Orte, Erlebnisse auf, die es scheinbar nie gegeben hat? Wirkt ein dunkles Geheimnis aus der Vergangenheit bis in die Gegenwart nach? Etwas hat sich in Moons Ged\u00e4chtnis gebrannt, das sie dort auf keinen Fall haben will. Auch Tessas Vater k\u00f6nnte darin verstrickt sein. Sie will endlich wissen, was in ihrer Kindheit passiert ist, und macht sich auf die Suche. Am Ende brennen nachts das alte Baumhaus und die Fotos, alle Puzzleteile fallen an ihren Platz \u2013 und Moon stellt sich der Wahrheit \u2026<\/p>\n<\/details>\n<\/div>\n<\/div>\n\n\n\n<p><\/p>\n<\/div><\/div>\n\n\n\n<p><\/p>\n\n\n\n<h2 class=\"wp-block-heading\"><strong>Alle Einnahmen und Spenden gehen an Wildwasser M\u00fcnchen e.V.<\/strong><\/h2>\n\n\n\n<p><\/p>\n","protected":false},"excerpt":{"rendered":"<p>Alle Einnahmen und Spenden gehen an Wildwasser M\u00fcnchen e.V.<\/p>\n","protected":false},"author":2,"featured_media":0,"parent":0,"menu_order":0,"comment_status":"closed","ping_status":"closed","template":"","meta":{"footnotes":""},"class_list":["post-2360","page","type-page","status-publish","czr-hentry"],"_links":{"self":[{"href":"https:\/\/kulturtage-poing.de\/index.php?rest_route=\/wp\/v2\/pages\/2360","targetHints":{"allow":["GET"]}}],"collection":[{"href":"https:\/\/kulturtage-poing.de\/index.php?rest_route=\/wp\/v2\/pages"}],"about":[{"href":"https:\/\/kulturtage-poing.de\/index.php?rest_route=\/wp\/v2\/types\/page"}],"author":[{"embeddable":true,"href":"https:\/\/kulturtage-poing.de\/index.php?rest_route=\/wp\/v2\/users\/2"}],"replies":[{"embeddable":true,"href":"https:\/\/kulturtage-poing.de\/index.php?rest_route=%2Fwp%2Fv2%2Fcomments&post=2360"}],"version-history":[{"count":6,"href":"https:\/\/kulturtage-poing.de\/index.php?rest_route=\/wp\/v2\/pages\/2360\/revisions"}],"predecessor-version":[{"id":2396,"href":"https:\/\/kulturtage-poing.de\/index.php?rest_route=\/wp\/v2\/pages\/2360\/revisions\/2396"}],"wp:attachment":[{"href":"https:\/\/kulturtage-poing.de\/index.php?rest_route=%2Fwp%2Fv2%2Fmedia&parent=2360"}],"curies":[{"name":"wp","href":"https:\/\/api.w.org\/{rel}","templated":true}]}}