{"id":2379,"date":"2025-04-08T16:32:49","date_gmt":"2025-04-08T14:32:49","guid":{"rendered":"https:\/\/kulturtage-poing.de\/?page_id=2379"},"modified":"2025-04-09T15:07:15","modified_gmt":"2025-04-09T13:07:15","slug":"konzertabend-mit-der-bigband-vaterstetten","status":"publish","type":"page","link":"https:\/\/kulturtage-poing.de\/?page_id=2379","title":{"rendered":"Konzertabend mit der Bigband Vaterstetten"},"content":{"rendered":"\n<p>Bigband POWER Vaterstetten erstmals zu Gast bei den Kulturtagen Poing!<br>Die Bigband Vaterstetten hat sich im Jahre 2023 eigens zum 50-j\u00e4hrigen Jubil\u00e4um der Musikschule gegr\u00fcndet.<\/p>\n\n\n\n<p class=\"has-text-align-center\"><img loading=\"lazy\" decoding=\"async\" width=\"200\" height=\"113\" class=\"wp-image-2380\" style=\"width: 200px;\" src=\"http:\/\/kulturtage-poing.de\/wp-content\/uploads\/2025\/04\/image.png\" alt=\"\" srcset=\"https:\/\/kulturtage-poing.de\/wp-content\/uploads\/2025\/04\/image.png 1920w, https:\/\/kulturtage-poing.de\/wp-content\/uploads\/2025\/04\/image-300x169.png 300w, https:\/\/kulturtage-poing.de\/wp-content\/uploads\/2025\/04\/image-1024x576.png 1024w, https:\/\/kulturtage-poing.de\/wp-content\/uploads\/2025\/04\/image-768x432.png 768w, https:\/\/kulturtage-poing.de\/wp-content\/uploads\/2025\/04\/image-1536x864.png 1536w\" sizes=\"auto, (max-width: 200px) 100vw, 200px\" \/><\/p>\n\n\n\n<div class=\"wp-block-media-text has-media-on-the-right is-stacked-on-mobile is-vertically-aligned-center\" style=\"grid-template-columns:auto 43%\"><div class=\"wp-block-media-text__content\">\n<p>Sie wird geleitet von Bandleader Bernd K\u00f6lmel, einem erfahrenen Dirigenten und findet seit dem Premierenkonzert im M\u00e4rz 2023 immer mehr begeisterte Zuh\u00f6rer guter und sch\u00f6ner Bigband Musik der gro\u00dfen Bigbands der 1930\/40 Jahre.<\/p>\n\n\n\n<p>Hier steht die Bigband in voller Besetzung mit 5 Saxophonen , 4 Posaunen, 4 Trompeten , Bass, Drums , Piano und Gitarre sowie Marcus Lipp als S\u00e4nger, f\u00fcr gut gemachte Swingmusik aber auch f\u00fcr groovenden Sound im Stil der Latin und Funk Musik.<\/p>\n\n\n\n<p>Die Bigband gibt bei den Kulturtagen ihre Premiere und freut sich auf viele Fans der guten alten Bigbands und hat daf\u00fcr eigens ein Programm vorbereitet, das die Herzen der Zuschauer erfreuen wird.<\/p>\n<\/div><figure class=\"wp-block-media-text__media\"><img loading=\"lazy\" decoding=\"async\" width=\"1024\" height=\"768\" src=\"http:\/\/kulturtage-poing.de\/wp-content\/uploads\/2025\/04\/Bigband-1024x768.jpg\" alt=\"\" class=\"wp-image-2401 size-full\" srcset=\"https:\/\/kulturtage-poing.de\/wp-content\/uploads\/2025\/04\/Bigband-1024x768.jpg 1024w, https:\/\/kulturtage-poing.de\/wp-content\/uploads\/2025\/04\/Bigband-300x225.jpg 300w, https:\/\/kulturtage-poing.de\/wp-content\/uploads\/2025\/04\/Bigband-768x576.jpg 768w, https:\/\/kulturtage-poing.de\/wp-content\/uploads\/2025\/04\/Bigband.jpg 1296w\" sizes=\"auto, (max-width: 1024px) 100vw, 1024px\" \/><\/figure><\/div>\n","protected":false},"excerpt":{"rendered":"<p>Bigband POWER Vaterstetten erstmals zu Gast bei den Kulturtagen Poing!Die Bigband Vaterstetten hat sich im Jahre 2023 eigens zum 50-j\u00e4hrigen Jubil\u00e4um der Musikschule gegr\u00fcndet. Sie wird geleitet von Bandleader Bernd K\u00f6lmel, einem erfahrenen Dirigenten und findet seit dem Premierenkonzert im M\u00e4rz 2023 immer mehr begeisterte Zuh\u00f6rer guter und sch\u00f6ner Bigband Musik der gro\u00dfen Bigbands der [&hellip;]<\/p>\n","protected":false},"author":2,"featured_media":0,"parent":0,"menu_order":0,"comment_status":"closed","ping_status":"closed","template":"","meta":{"footnotes":""},"class_list":["post-2379","page","type-page","status-publish","czr-hentry"],"_links":{"self":[{"href":"https:\/\/kulturtage-poing.de\/index.php?rest_route=\/wp\/v2\/pages\/2379","targetHints":{"allow":["GET"]}}],"collection":[{"href":"https:\/\/kulturtage-poing.de\/index.php?rest_route=\/wp\/v2\/pages"}],"about":[{"href":"https:\/\/kulturtage-poing.de\/index.php?rest_route=\/wp\/v2\/types\/page"}],"author":[{"embeddable":true,"href":"https:\/\/kulturtage-poing.de\/index.php?rest_route=\/wp\/v2\/users\/2"}],"replies":[{"embeddable":true,"href":"https:\/\/kulturtage-poing.de\/index.php?rest_route=%2Fwp%2Fv2%2Fcomments&post=2379"}],"version-history":[{"count":3,"href":"https:\/\/kulturtage-poing.de\/index.php?rest_route=\/wp\/v2\/pages\/2379\/revisions"}],"predecessor-version":[{"id":2405,"href":"https:\/\/kulturtage-poing.de\/index.php?rest_route=\/wp\/v2\/pages\/2379\/revisions\/2405"}],"wp:attachment":[{"href":"https:\/\/kulturtage-poing.de\/index.php?rest_route=%2Fwp%2Fv2%2Fmedia&parent=2379"}],"curies":[{"name":"wp","href":"https:\/\/api.w.org\/{rel}","templated":true}]}}