{"id":2406,"date":"2025-04-09T15:12:20","date_gmt":"2025-04-09T13:12:20","guid":{"rendered":"https:\/\/kulturtage-poing.de\/?page_id=2406"},"modified":"2025-04-09T15:12:20","modified_gmt":"2025-04-09T13:12:20","slug":"szenische-lesung","status":"publish","type":"page","link":"https:\/\/kulturtage-poing.de\/?page_id=2406","title":{"rendered":"Szenische Lesung"},"content":{"rendered":"\n<p><strong>\u201eDass ein gutes Deuschland bl\u00fche &#8230;\u201c<\/strong><\/p>\n\n\n\n<p>80 Jahre Kriegsende \u2013 dazu gestalten das Bl\u00e4ser-Ensemble OPUS 45 und Schauspieler Roman Kni\u017eka eine Geschichtsstunde der ganz besonderen Art mit Werken der Nachkriegsavantgardisten Gy\u00f6rgy Ligeti und Karl Amadeus Hartmann sowie weiterer Komponisten am Puls der Zeit wie Dmitri Schostakowitsch und Hanns Eisler. Au\u00dferdem Musik von Ludwig van Beethoven, Richard Strauss, Charles Koechlin und Jean Fran\u00e7aix. Ausgehend von der epochalen Z\u00e4sur des Jahres 1945 lassen die K\u00fcnstler*innen diese ambivalente und spannungsreiche \u00dcbergangszeit der fr\u00fchen Nachkriegsjahre zwischen Zerst\u00f6rung und Neubeginn f\u00fcr uns lebendig werden.<\/p>\n\n\n\n<p>Eine gemeinsame Veranstaltung der Aktionsgruppe <a href=\"mailto:Respekt@Poing\">Respekt@Poing<\/a> und des Vereins Kulturtage Poing e.V.<\/p>\n\n\n\n<p>Schirmherrschaft: Erster B\u00fcrgermeister Thomas Stark<\/p>\n\n\n\n<figure class=\"wp-block-gallery has-nested-images columns-default is-cropped wp-block-gallery-1 is-layout-flex wp-block-gallery-is-layout-flex\">\n<figure class=\"wp-block-image size-large\"><a href=\"https:\/\/kulturtage-poing.de\/wp-content\/uploads\/2025\/04\/Foto-Ensemble-Opus-m-Knizka-F75_6260_sRGB-scaled.jpg\"><img loading=\"lazy\" decoding=\"async\" width=\"1024\" height=\"683\" data-id=\"2387\" src=\"https:\/\/kulturtage-poing.de\/wp-content\/uploads\/2025\/04\/Foto-Ensemble-Opus-m-Knizka-F75_6260_sRGB-1024x683.jpg\" alt=\"\" class=\"wp-image-2387\" srcset=\"https:\/\/kulturtage-poing.de\/wp-content\/uploads\/2025\/04\/Foto-Ensemble-Opus-m-Knizka-F75_6260_sRGB-1024x683.jpg 1024w, https:\/\/kulturtage-poing.de\/wp-content\/uploads\/2025\/04\/Foto-Ensemble-Opus-m-Knizka-F75_6260_sRGB-300x200.jpg 300w, https:\/\/kulturtage-poing.de\/wp-content\/uploads\/2025\/04\/Foto-Ensemble-Opus-m-Knizka-F75_6260_sRGB-768x513.jpg 768w, https:\/\/kulturtage-poing.de\/wp-content\/uploads\/2025\/04\/Foto-Ensemble-Opus-m-Knizka-F75_6260_sRGB-1536x1025.jpg 1536w, https:\/\/kulturtage-poing.de\/wp-content\/uploads\/2025\/04\/Foto-Ensemble-Opus-m-Knizka-F75_6260_sRGB-2048x1367.jpg 2048w\" sizes=\"auto, (max-width: 1024px) 100vw, 1024px\" \/><\/a><\/figure>\n\n\n\n<figure class=\"wp-block-image size-large\"><a href=\"https:\/\/kulturtage-poing.de\/wp-content\/uploads\/2025\/04\/Knizka-gross-F75_6208_sRGB-scaled.jpg\"><img loading=\"lazy\" decoding=\"async\" width=\"778\" height=\"1024\" data-id=\"2388\" src=\"https:\/\/kulturtage-poing.de\/wp-content\/uploads\/2025\/04\/Knizka-gross-F75_6208_sRGB-778x1024.jpg\" alt=\"\" class=\"wp-image-2388\" srcset=\"https:\/\/kulturtage-poing.de\/wp-content\/uploads\/2025\/04\/Knizka-gross-F75_6208_sRGB-778x1024.jpg 778w, https:\/\/kulturtage-poing.de\/wp-content\/uploads\/2025\/04\/Knizka-gross-F75_6208_sRGB-228x300.jpg 228w, https:\/\/kulturtage-poing.de\/wp-content\/uploads\/2025\/04\/Knizka-gross-F75_6208_sRGB-768x1011.jpg 768w, https:\/\/kulturtage-poing.de\/wp-content\/uploads\/2025\/04\/Knizka-gross-F75_6208_sRGB-1166x1536.jpg 1166w, https:\/\/kulturtage-poing.de\/wp-content\/uploads\/2025\/04\/Knizka-gross-F75_6208_sRGB-1555x2048.jpg 1555w, https:\/\/kulturtage-poing.de\/wp-content\/uploads\/2025\/04\/Knizka-gross-F75_6208_sRGB-scaled.jpg 1944w\" sizes=\"auto, (max-width: 778px) 100vw, 778px\" \/><\/a><\/figure>\n<\/figure>\n","protected":false},"excerpt":{"rendered":"<p>\u201eDass ein gutes Deuschland bl\u00fche &#8230;\u201c 80 Jahre Kriegsende \u2013 dazu gestalten das Bl\u00e4ser-Ensemble OPUS 45 und Schauspieler Roman Kni\u017eka eine Geschichtsstunde der ganz besonderen Art mit Werken der Nachkriegsavantgardisten Gy\u00f6rgy Ligeti und Karl Amadeus Hartmann sowie weiterer Komponisten am Puls der Zeit wie Dmitri Schostakowitsch und Hanns Eisler. Au\u00dferdem Musik von Ludwig van Beethoven, [&hellip;]<\/p>\n","protected":false},"author":2,"featured_media":0,"parent":0,"menu_order":0,"comment_status":"closed","ping_status":"closed","template":"","meta":{"footnotes":""},"class_list":["post-2406","page","type-page","status-publish","czr-hentry"],"_links":{"self":[{"href":"https:\/\/kulturtage-poing.de\/index.php?rest_route=\/wp\/v2\/pages\/2406","targetHints":{"allow":["GET"]}}],"collection":[{"href":"https:\/\/kulturtage-poing.de\/index.php?rest_route=\/wp\/v2\/pages"}],"about":[{"href":"https:\/\/kulturtage-poing.de\/index.php?rest_route=\/wp\/v2\/types\/page"}],"author":[{"embeddable":true,"href":"https:\/\/kulturtage-poing.de\/index.php?rest_route=\/wp\/v2\/users\/2"}],"replies":[{"embeddable":true,"href":"https:\/\/kulturtage-poing.de\/index.php?rest_route=%2Fwp%2Fv2%2Fcomments&post=2406"}],"version-history":[{"count":1,"href":"https:\/\/kulturtage-poing.de\/index.php?rest_route=\/wp\/v2\/pages\/2406\/revisions"}],"predecessor-version":[{"id":2407,"href":"https:\/\/kulturtage-poing.de\/index.php?rest_route=\/wp\/v2\/pages\/2406\/revisions\/2407"}],"wp:attachment":[{"href":"https:\/\/kulturtage-poing.de\/index.php?rest_route=%2Fwp%2Fv2%2Fmedia&parent=2406"}],"curies":[{"name":"wp","href":"https:\/\/api.w.org\/{rel}","templated":true}]}}