{"id":241,"date":"2014-08-18T18:25:06","date_gmt":"2014-08-18T16:25:06","guid":{"rendered":"http:\/\/kulturtage-poing.de\/?page_id=241"},"modified":"2016-10-02T11:44:03","modified_gmt":"2016-10-02T09:44:03","slug":"bayrischer-abend-mit-der-musikkapelle-poing","status":"publish","type":"page","link":"https:\/\/kulturtage-poing.de\/?page_id=241","title":{"rendered":"Bei uns dahoam"},"content":{"rendered":"<p>Der Samstag des zweiten Kulturtage-Wochenendes wird vom Brauchtum gepr\u00e4gt sein.<br \/>\nEs soll einen bunten bayrischen Abend geben, an dem sich dankenswerter Weise wieder viele in Poing ans\u00e4ssige Gruppen und Vereine beteiligen, wor\u00fcber wir uns sehr freuen.<br \/>\nDie Musikkapelle Poing wird in kleinerer Besetzung dabei sein, sowie die T\u00e4nzerinnen und T\u00e4nzer des G.T.E.V. Aubergler e.V. und der Poinger Dreigsang.<br \/>\nDie Moderation des Abends \u00fcbernimmt Hans Hoesch.<\/p>\n<p>Hier treffen gute Stimmung und Tradition direkt aufeinander und garantieren Ihnen einen z\u00fcnftigen Abend \u2013 Lassen Sie sich \u00fcberraschen!<\/p>\n<p><strong>&#8222;Bei uns dahoam&#8220; am 22.10.2016 beginnt um 19:00 Uhr- Ort ist die Aula der Anni-Pickert-Schule!<\/strong><\/p>\n<p><a href=\"http:\/\/kulturtage-poing.de\/?attachment_id=577\" rel=\"attachment wp-att-577\"><img loading=\"lazy\" decoding=\"async\" class=\"alignleft wp-image-577 \" src=\"http:\/\/kulturtage-poing.de\/wp-content\/uploads\/2014\/08\/Poinger-Dreigsang-300x234.jpg\" alt=\"Poinger Dreigsang\" width=\"250\" height=\"195\" srcset=\"https:\/\/kulturtage-poing.de\/wp-content\/uploads\/2014\/08\/Poinger-Dreigsang-300x234.jpg 300w, https:\/\/kulturtage-poing.de\/wp-content\/uploads\/2014\/08\/Poinger-Dreigsang-768x598.jpg 768w, https:\/\/kulturtage-poing.de\/wp-content\/uploads\/2014\/08\/Poinger-Dreigsang.jpg 1020w\" sizes=\"auto, (max-width: 250px) 100vw, 250px\" \/><\/a><a href=\"http:\/\/kulturtage-poing.de\/?attachment_id=645\" rel=\"attachment wp-att-279\"><img loading=\"lazy\" decoding=\"async\" class=\"alignleft wp-image-645 \" src=\"http:\/\/kulturtage-poing.de\/wp-content\/uploads\/2014\/08\/MKP-300x225.jpg\" width=\"255\" height=\"191\" srcset=\"https:\/\/kulturtage-poing.de\/wp-content\/uploads\/2014\/08\/MKP-300x225.jpg 300w, https:\/\/kulturtage-poing.de\/wp-content\/uploads\/2014\/08\/MKP-768x576.jpg 768w, https:\/\/kulturtage-poing.de\/wp-content\/uploads\/2014\/08\/MKP-1024x768.jpg 1024w, https:\/\/kulturtage-poing.de\/wp-content\/uploads\/2014\/08\/MKP.jpg 2048w\" sizes=\"auto, (max-width: 255px) 100vw, 255px\" \/><\/a><a href=\"http:\/\/kulturtage-poing.de\/?attachment_id=641\" rel=\"attachment wp-att-641\"><img loading=\"lazy\" decoding=\"async\" class=\"alignleft wp-image-641 size-medium\" src=\"http:\/\/kulturtage-poing.de\/wp-content\/uploads\/2014\/08\/Hans-Hoesch-202x300.jpg\" alt=\"hans-hoesch\" width=\"202\" height=\"300\" srcset=\"https:\/\/kulturtage-poing.de\/wp-content\/uploads\/2014\/08\/Hans-Hoesch-202x300.jpg 202w, https:\/\/kulturtage-poing.de\/wp-content\/uploads\/2014\/08\/Hans-Hoesch-768x1143.jpg 768w, https:\/\/kulturtage-poing.de\/wp-content\/uploads\/2014\/08\/Hans-Hoesch-688x1024.jpg 688w, https:\/\/kulturtage-poing.de\/wp-content\/uploads\/2014\/08\/Hans-Hoesch.jpg 838w\" sizes=\"auto, (max-width: 202px) 100vw, 202px\" \/><\/a><a href=\"http:\/\/kulturtage-poing.de\/?attachment_id=640\" rel=\"attachment wp-att-631\"><img loading=\"lazy\" decoding=\"async\" class=\"alignleft wp-image-640 \" src=\"http:\/\/kulturtage-poing.de\/wp-content\/uploads\/2014\/08\/Aubergler-300x200.jpg\" width=\"252\" height=\"168\" srcset=\"https:\/\/kulturtage-poing.de\/wp-content\/uploads\/2014\/08\/Aubergler-300x200.jpg 300w, https:\/\/kulturtage-poing.de\/wp-content\/uploads\/2014\/08\/Aubergler-768x512.jpg 768w, https:\/\/kulturtage-poing.de\/wp-content\/uploads\/2014\/08\/Aubergler.jpg 800w\" sizes=\"auto, (max-width: 252px) 100vw, 252px\" \/><\/a><\/p>\n","protected":false},"excerpt":{"rendered":"<p>Der Samstag des zweiten Kulturtage-Wochenendes wird vom Brauchtum gepr\u00e4gt sein. Es soll einen bunten bayrischen Abend geben, an dem sich dankenswerter Weise wieder viele in Poing ans\u00e4ssige Gruppen und Vereine beteiligen, wor\u00fcber wir uns sehr freuen. Die Musikkapelle Poing wird in kleinerer Besetzung dabei sein, sowie die T\u00e4nzerinnen und T\u00e4nzer des G.T.E.V. Aubergler e.V. und [&hellip;]<\/p>\n","protected":false},"author":1,"featured_media":0,"parent":144,"menu_order":0,"comment_status":"closed","ping_status":"closed","template":"","meta":{"footnotes":""},"class_list":["post-241","page","type-page","status-publish","czr-hentry"],"_links":{"self":[{"href":"https:\/\/kulturtage-poing.de\/index.php?rest_route=\/wp\/v2\/pages\/241","targetHints":{"allow":["GET"]}}],"collection":[{"href":"https:\/\/kulturtage-poing.de\/index.php?rest_route=\/wp\/v2\/pages"}],"about":[{"href":"https:\/\/kulturtage-poing.de\/index.php?rest_route=\/wp\/v2\/types\/page"}],"author":[{"embeddable":true,"href":"https:\/\/kulturtage-poing.de\/index.php?rest_route=\/wp\/v2\/users\/1"}],"replies":[{"embeddable":true,"href":"https:\/\/kulturtage-poing.de\/index.php?rest_route=%2Fwp%2Fv2%2Fcomments&post=241"}],"version-history":[{"count":17,"href":"https:\/\/kulturtage-poing.de\/index.php?rest_route=\/wp\/v2\/pages\/241\/revisions"}],"predecessor-version":[{"id":647,"href":"https:\/\/kulturtage-poing.de\/index.php?rest_route=\/wp\/v2\/pages\/241\/revisions\/647"}],"up":[{"embeddable":true,"href":"https:\/\/kulturtage-poing.de\/index.php?rest_route=\/wp\/v2\/pages\/144"}],"wp:attachment":[{"href":"https:\/\/kulturtage-poing.de\/index.php?rest_route=%2Fwp%2Fv2%2Fmedia&parent=241"}],"curies":[{"name":"wp","href":"https:\/\/api.w.org\/{rel}","templated":true}]}}