{"id":249,"date":"2014-08-19T08:31:23","date_gmt":"2014-08-19T06:31:23","guid":{"rendered":"http:\/\/kulturtage-poing.de\/?page_id=249"},"modified":"2017-01-28T10:32:50","modified_gmt":"2017-01-28T09:32:50","slug":"der-weiherer-und-markus-nagy","status":"publish","type":"page","link":"https:\/\/kulturtage-poing.de\/?page_id=249","title":{"rendered":"\u00d6ha! Und andere Gest\u00e4ndnisse!"},"content":{"rendered":"<p><strong>\u00d6ha! Und andere Gest\u00e4ndnisse! <\/strong><\/p>\n<p>&#8211; ein Kabarettabend mit<strong> M\u00fcnchens Altoberb\u00fcrgermeister Christian Ude am Samstag, 13.5.2017 um 19:30 Uhr. <\/strong><\/p>\n<p>Christian Ude war 21 Jahre lang M\u00fcnchner Oberb\u00fcrgermeister und von 2005 bis 2013 Pr\u00e4sident des Deutschen St\u00e4dtetags. Au\u00dferdem wirkte er als Redakteur und Rechtsanwalt. Jetzt ist er mit Vortr\u00e4gen, Lesungen und Kabarettabenden auf Tournee und als Dozent, als Vorsitzender sozialer und kultureller Vereine und Stiftungen sowie als Berater im Stadtteil Maltepe\/Istanbul t\u00e4tig.<br \/>\n<img loading=\"lazy\" decoding=\"async\" class=\"alignleft size-medium wp-image-678\" src=\"http:\/\/kulturtage-poing.de\/wp-content\/uploads\/2013\/07\/Christian-Ude_1-1-255x300.jpg\" alt=\"\" width=\"255\" height=\"300\" srcset=\"https:\/\/kulturtage-poing.de\/wp-content\/uploads\/2013\/07\/Christian-Ude_1-1-255x300.jpg 255w, https:\/\/kulturtage-poing.de\/wp-content\/uploads\/2013\/07\/Christian-Ude_1-1-768x902.jpg 768w, https:\/\/kulturtage-poing.de\/wp-content\/uploads\/2013\/07\/Christian-Ude_1-1-872x1024.jpg 872w, https:\/\/kulturtage-poing.de\/wp-content\/uploads\/2013\/07\/Christian-Ude_1-1.jpg 1578w\" sizes=\"auto, (max-width: 255px) 100vw, 255px\" \/><\/p>\n<p style=\"text-align: center;\">\nUnd im Mai ist er in Poing zu Gast mit seinem neuen Programm:<br \/>\n<strong>\u00d6ha! Und andere Gest\u00e4ndnisse eines Oberb\u00fcrgermeisters! <\/strong><\/p>\n<p style=\"text-align: center;\">\n<p style=\"text-align: center;\">\n<p style=\"text-align: center;\">\n<p style=\"text-align: center;\">\n<p style=\"text-align: center;\">\n<p>Wenn Christian Ude aus seinem Leben erz\u00e4hlt, als Oberb\u00fcrgermeister oder Mieteranwalt, dann k\u00f6nnen Sie mit bester Unterhaltung rechnen: Diese M\u00fcnchner Geschichten sind allesamt unglaublich, aber wahr. Ob er von den einfallsreichen Entmietungspraktiken eines windigen Investors erz\u00e4hlt, von den Flusspferden im Zoo, die \u00bbabgeschoben\u00ab werden sollten, von seiner ersten Aufsichtsratssitzung bei Erdgas S\u00fcdbayern oder davon, wie er mit der 81j\u00e4hrigen Elisabeth Mann-Borgese auf dem Oktoberfest \u00bbWilde Maus\u00ab fuhr und dem Literaturhaus den legend\u00e4ren ausgestopften B\u00e4ren der Familie Mann sicherte \u2013 Christian Ude zeigt sich immer als brillanter Fabulierer, als selbstironischer Erz\u00e4hler.<\/p>\n<p>Freuen Sie sich mit uns auf einen unterhaltsamen Abend mit allerlei Interessantem aus der bayrischem Landeshauptstadt!<\/p>\n","protected":false},"excerpt":{"rendered":"<p>\u00d6ha! Und andere Gest\u00e4ndnisse! &#8211; ein Kabarettabend mit M\u00fcnchens Altoberb\u00fcrgermeister Christian Ude am Samstag, 13.5.2017 um 19:30 Uhr. Christian Ude war 21 Jahre lang M\u00fcnchner Oberb\u00fcrgermeister und von 2005 bis 2013 Pr\u00e4sident des Deutschen St\u00e4dtetags. Au\u00dferdem wirkte er als Redakteur und Rechtsanwalt. Jetzt ist er mit Vortr\u00e4gen, Lesungen und Kabarettabenden auf Tournee und als Dozent, [&hellip;]<\/p>\n","protected":false},"author":1,"featured_media":0,"parent":144,"menu_order":0,"comment_status":"closed","ping_status":"closed","template":"","meta":{"footnotes":""},"class_list":["post-249","page","type-page","status-publish","czr-hentry"],"_links":{"self":[{"href":"https:\/\/kulturtage-poing.de\/index.php?rest_route=\/wp\/v2\/pages\/249","targetHints":{"allow":["GET"]}}],"collection":[{"href":"https:\/\/kulturtage-poing.de\/index.php?rest_route=\/wp\/v2\/pages"}],"about":[{"href":"https:\/\/kulturtage-poing.de\/index.php?rest_route=\/wp\/v2\/types\/page"}],"author":[{"embeddable":true,"href":"https:\/\/kulturtage-poing.de\/index.php?rest_route=\/wp\/v2\/users\/1"}],"replies":[{"embeddable":true,"href":"https:\/\/kulturtage-poing.de\/index.php?rest_route=%2Fwp%2Fv2%2Fcomments&post=249"}],"version-history":[{"count":13,"href":"https:\/\/kulturtage-poing.de\/index.php?rest_route=\/wp\/v2\/pages\/249\/revisions"}],"predecessor-version":[{"id":693,"href":"https:\/\/kulturtage-poing.de\/index.php?rest_route=\/wp\/v2\/pages\/249\/revisions\/693"}],"up":[{"embeddable":true,"href":"https:\/\/kulturtage-poing.de\/index.php?rest_route=\/wp\/v2\/pages\/144"}],"wp:attachment":[{"href":"https:\/\/kulturtage-poing.de\/index.php?rest_route=%2Fwp%2Fv2%2Fmedia&parent=249"}],"curies":[{"name":"wp","href":"https:\/\/api.w.org\/{rel}","templated":true}]}}