{"id":25,"date":"2013-07-01T17:53:29","date_gmt":"2013-07-01T16:53:29","guid":{"rendered":"http:\/\/kulturtage-poing.de\/?page_id=25"},"modified":"2022-09-29T10:02:10","modified_gmt":"2022-09-29T08:02:10","slug":"kontakt","status":"publish","type":"page","link":"https:\/\/kulturtage-poing.de\/?page_id=25","title":{"rendered":"Kontakt"},"content":{"rendered":"\n<p class=\"has-text-align-center has-medium-font-size\">Bei Fragen oder Interesse an unserem Verein k\u00f6nnen Sie gerne Kontakt mit <strong>Cornelia G\u00fctlich<\/strong> auf nehmen. <\/p>\n\n\n\n<p><\/p>\n\n\n\n<p class=\"has-text-align-center has-medium-font-size\">Wir freuen uns \u00fcber Ihr Interesse, Ihre Fragen und Anregungen. <\/p>\n\n\n\n<p><\/p>\n\n\n\n<p class=\"has-medium-font-size\"><\/p>\n\n\n\n<p class=\"has-text-align-center has-medium-font-size\">Die Mail Adresse lautet: <span style=\"text-decoration: underline;\"><mark style=\"background-color:rgba(0, 0, 0, 0)\" class=\"has-inline-color has-vivid-cyan-blue-color\">Cornelia.Guetlich@Kulturtage-Poing.de<\/mark><\/span><\/p>\n\n\n\n<figure class=\"wp-block-image size-large\"><a href=\"http:\/\/kulturtage-poing.de\/wp-content\/uploads\/2022\/09\/Homepage-Kulturtage-Spruch.png\"><img loading=\"lazy\" decoding=\"async\" width=\"1024\" height=\"643\" src=\"http:\/\/kulturtage-poing.de\/wp-content\/uploads\/2022\/09\/Homepage-Kulturtage-Spruch-1024x643.png\" alt=\"\" class=\"wp-image-1461\" srcset=\"https:\/\/kulturtage-poing.de\/wp-content\/uploads\/2022\/09\/Homepage-Kulturtage-Spruch-1024x643.png 1024w, https:\/\/kulturtage-poing.de\/wp-content\/uploads\/2022\/09\/Homepage-Kulturtage-Spruch-300x188.png 300w, https:\/\/kulturtage-poing.de\/wp-content\/uploads\/2022\/09\/Homepage-Kulturtage-Spruch-768x482.png 768w, https:\/\/kulturtage-poing.de\/wp-content\/uploads\/2022\/09\/Homepage-Kulturtage-Spruch-1536x965.png 1536w, https:\/\/kulturtage-poing.de\/wp-content\/uploads\/2022\/09\/Homepage-Kulturtage-Spruch.png 1933w\" sizes=\"auto, (max-width: 1024px) 100vw, 1024px\" \/><\/a><\/figure>\n","protected":false},"excerpt":{"rendered":"<p>Bei Fragen oder Interesse an unserem Verein k\u00f6nnen Sie gerne Kontakt mit Cornelia G\u00fctlich auf nehmen. Wir freuen uns \u00fcber Ihr Interesse, Ihre Fragen und Anregungen. Die Mail Adresse lautet: Cornelia.Guetlich@Kulturtage-Poing.de<\/p>\n","protected":false},"author":1,"featured_media":138,"parent":0,"menu_order":9,"comment_status":"closed","ping_status":"closed","template":"","meta":{"footnotes":""},"class_list":["post-25","page","type-page","status-publish","has-post-thumbnail","czr-hentry"],"_links":{"self":[{"href":"https:\/\/kulturtage-poing.de\/index.php?rest_route=\/wp\/v2\/pages\/25","targetHints":{"allow":["GET"]}}],"collection":[{"href":"https:\/\/kulturtage-poing.de\/index.php?rest_route=\/wp\/v2\/pages"}],"about":[{"href":"https:\/\/kulturtage-poing.de\/index.php?rest_route=\/wp\/v2\/types\/page"}],"author":[{"embeddable":true,"href":"https:\/\/kulturtage-poing.de\/index.php?rest_route=\/wp\/v2\/users\/1"}],"replies":[{"embeddable":true,"href":"https:\/\/kulturtage-poing.de\/index.php?rest_route=%2Fwp%2Fv2%2Fcomments&post=25"}],"version-history":[{"count":11,"href":"https:\/\/kulturtage-poing.de\/index.php?rest_route=\/wp\/v2\/pages\/25\/revisions"}],"predecessor-version":[{"id":1463,"href":"https:\/\/kulturtage-poing.de\/index.php?rest_route=\/wp\/v2\/pages\/25\/revisions\/1463"}],"wp:featuredmedia":[{"embeddable":true,"href":"https:\/\/kulturtage-poing.de\/index.php?rest_route=\/wp\/v2\/media\/138"}],"wp:attachment":[{"href":"https:\/\/kulturtage-poing.de\/index.php?rest_route=%2Fwp%2Fv2%2Fmedia&parent=25"}],"curies":[{"name":"wp","href":"https:\/\/api.w.org\/{rel}","templated":true}]}}