{"id":259,"date":"2014-08-19T08:45:29","date_gmt":"2014-08-19T06:45:29","guid":{"rendered":"http:\/\/kulturtage-poing.de\/?page_id=259"},"modified":"2016-06-27T23:19:52","modified_gmt":"2016-06-27T21:19:52","slug":"barbara-sauter","status":"publish","type":"page","link":"https:\/\/kulturtage-poing.de\/?page_id=259","title":{"rendered":"Barbara Sauter"},"content":{"rendered":"<div id=\"attachment_149\" style=\"width: 209px\" class=\"wp-caption alignleft\"><a href=\"http:\/\/kulturtage-poing.de\/wp-content\/uploads\/2014\/05\/Barbara_Sauter.jpg\"><img loading=\"lazy\" decoding=\"async\" aria-describedby=\"caption-attachment-149\" class=\"size-medium wp-image-149\" src=\"http:\/\/kulturtage-poing.de\/wp-content\/uploads\/2014\/05\/Barbara_Sauter-199x300.jpg\" alt=\"Foto: Barbara Sauter\" width=\"199\" height=\"300\" srcset=\"https:\/\/kulturtage-poing.de\/wp-content\/uploads\/2014\/05\/Barbara_Sauter-199x300.jpg 199w, https:\/\/kulturtage-poing.de\/wp-content\/uploads\/2014\/05\/Barbara_Sauter.jpg 682w\" sizes=\"auto, (max-width: 199px) 100vw, 199px\" \/><\/a><p id=\"caption-attachment-149\" class=\"wp-caption-text\">Foto: Barbara Sauter<\/p><\/div>\n<p>&nbsp;<\/p>\n<p>Die aus dem Allg\u00e4u stammende Mezzosopranistin studierte Gesang und Operndarstellung in M\u00fcnchen an der Musikhochschule, war lange Jahre auch in den USA t\u00e4tig und ist seither eine gefragte S\u00e4ngerin, die sich im deutschsprachigen Raum vor allem im Bereich des Liedgesangs, aber auch im Operetten- und Opernfach einen Namen gemacht hat!<\/p>\n<p>Das klassisches Kunstlied hat bei ihr einen ebenso hohen Stellenwert, wie der Oratorien- und Konzertgesang.<br \/>\n\u00dcberdies genie\u00dft Sie immer wieder Ausfl\u00fcge in die Welt der Oper und der Operette, bei denen sie ihre Spielfreude und ihr schauspielerisches Talent zur Geltung bringen kann.<br \/>\nUnterst\u00fctzt von ihrer Stimme, denn diese ist so wandelbar wie sie selbst &#8211; vom Mezzo- bis ins Sopran- und sogar ins Altfach!<\/p>\n<p>Aktuelle Informationen finden Sie auf der <a title=\"Offizielle Barbara Sauter Fanpage\" href=\"https:\/\/www.facebook.com\/pages\/Offizielle-Barbara-Sauter-Fanpage\/784343648254357\">Offiziellen Barbara Sauter Fanpage <\/a>auf Facebook oder auf der Homepage der K\u00fcnstlerin: <a href=\"http:\/\/www.barbara-sauter.de\">www.barbara-sauter.de<\/a><\/p>\n<p>&nbsp;<\/p>\n","protected":false},"excerpt":{"rendered":"<p>&nbsp; Die aus dem Allg\u00e4u stammende Mezzosopranistin studierte Gesang und Operndarstellung in M\u00fcnchen an der Musikhochschule, war lange Jahre auch in den USA t\u00e4tig und ist seither eine gefragte S\u00e4ngerin, die sich im deutschsprachigen Raum vor allem im Bereich des Liedgesangs, aber auch im Operetten- und Opernfach einen Namen gemacht hat! Das klassisches Kunstlied hat [&hellip;]<\/p>\n","protected":false},"author":1,"featured_media":0,"parent":255,"menu_order":0,"comment_status":"closed","ping_status":"closed","template":"","meta":{"footnotes":""},"class_list":["post-259","page","type-page","status-publish","czr-hentry"],"_links":{"self":[{"href":"https:\/\/kulturtage-poing.de\/index.php?rest_route=\/wp\/v2\/pages\/259","targetHints":{"allow":["GET"]}}],"collection":[{"href":"https:\/\/kulturtage-poing.de\/index.php?rest_route=\/wp\/v2\/pages"}],"about":[{"href":"https:\/\/kulturtage-poing.de\/index.php?rest_route=\/wp\/v2\/types\/page"}],"author":[{"embeddable":true,"href":"https:\/\/kulturtage-poing.de\/index.php?rest_route=\/wp\/v2\/users\/1"}],"replies":[{"embeddable":true,"href":"https:\/\/kulturtage-poing.de\/index.php?rest_route=%2Fwp%2Fv2%2Fcomments&post=259"}],"version-history":[{"count":6,"href":"https:\/\/kulturtage-poing.de\/index.php?rest_route=\/wp\/v2\/pages\/259\/revisions"}],"predecessor-version":[{"id":581,"href":"https:\/\/kulturtage-poing.de\/index.php?rest_route=\/wp\/v2\/pages\/259\/revisions\/581"}],"up":[{"embeddable":true,"href":"https:\/\/kulturtage-poing.de\/index.php?rest_route=\/wp\/v2\/pages\/255"}],"wp:attachment":[{"href":"https:\/\/kulturtage-poing.de\/index.php?rest_route=%2Fwp%2Fv2%2Fmedia&parent=259"}],"curies":[{"name":"wp","href":"https:\/\/api.w.org\/{rel}","templated":true}]}}