{"id":267,"date":"2014-08-19T08:58:08","date_gmt":"2014-08-19T06:58:08","guid":{"rendered":"http:\/\/kulturtage-poing.de\/?page_id=267"},"modified":"2014-08-19T08:58:08","modified_gmt":"2014-08-19T06:58:08","slug":"yuko-miura","status":"publish","type":"page","link":"https:\/\/kulturtage-poing.de\/?page_id=267","title":{"rendered":"Yuko Miura"},"content":{"rendered":"<div id=\"attachment_268\" style=\"width: 258px\" class=\"wp-caption alignleft\"><a href=\"http:\/\/kulturtage-poing.de\/wp-content\/uploads\/2014\/08\/Yuko-Miura-001.jpg\"><img loading=\"lazy\" decoding=\"async\" aria-describedby=\"caption-attachment-268\" class=\"size-medium wp-image-268\" alt=\"Yuko Miura\" src=\"http:\/\/kulturtage-poing.de\/wp-content\/uploads\/2014\/08\/Yuko-Miura-001-248x300.jpg\" width=\"248\" height=\"300\" srcset=\"https:\/\/kulturtage-poing.de\/wp-content\/uploads\/2014\/08\/Yuko-Miura-001-248x300.jpg 248w, https:\/\/kulturtage-poing.de\/wp-content\/uploads\/2014\/08\/Yuko-Miura-001-846x1024.jpg 846w, https:\/\/kulturtage-poing.de\/wp-content\/uploads\/2014\/08\/Yuko-Miura-001.jpg 1220w\" sizes=\"auto, (max-width: 248px) 100vw, 248px\" \/><\/a><p id=\"caption-attachment-268\" class=\"wp-caption-text\">Yuko Miura<\/p><\/div>\n<p>&nbsp;<\/p>\n<p>Ihr virtuoses Klavierspiel ist den Besuchern der zahlreichen Konzerte in der Poinger Christuskirche sicherlich in Erinnerung geblieben!<br \/>\nWem das bisher entgangen ist, dem sei es hiermit empfohlen!<\/p>\n<p>Beispiellos versteht sie es in der Liedbegleitung, zu untermalen, zu unterst\u00fctzen und nicht zuletzt auch solistische Akzente zu setzen!<\/p>\n<p>Die hohe Professionalit\u00e4t und Musikalit\u00e4t dieser K\u00fcnstlerin ist herausragend!<\/p>\n<p>&nbsp;<\/p>\n","protected":false},"excerpt":{"rendered":"<p>&nbsp; Ihr virtuoses Klavierspiel ist den Besuchern der zahlreichen Konzerte in der Poinger Christuskirche sicherlich in Erinnerung geblieben! Wem das bisher entgangen ist, dem sei es hiermit empfohlen! Beispiellos versteht sie es in der Liedbegleitung, zu untermalen, zu unterst\u00fctzen und nicht zuletzt auch solistische Akzente zu setzen! Die hohe Professionalit\u00e4t und Musikalit\u00e4t dieser K\u00fcnstlerin ist [&hellip;]<\/p>\n","protected":false},"author":1,"featured_media":0,"parent":0,"menu_order":0,"comment_status":"closed","ping_status":"closed","template":"","meta":{"footnotes":""},"class_list":["post-267","page","type-page","status-publish","czr-hentry"],"_links":{"self":[{"href":"https:\/\/kulturtage-poing.de\/index.php?rest_route=\/wp\/v2\/pages\/267","targetHints":{"allow":["GET"]}}],"collection":[{"href":"https:\/\/kulturtage-poing.de\/index.php?rest_route=\/wp\/v2\/pages"}],"about":[{"href":"https:\/\/kulturtage-poing.de\/index.php?rest_route=\/wp\/v2\/types\/page"}],"author":[{"embeddable":true,"href":"https:\/\/kulturtage-poing.de\/index.php?rest_route=\/wp\/v2\/users\/1"}],"replies":[{"embeddable":true,"href":"https:\/\/kulturtage-poing.de\/index.php?rest_route=%2Fwp%2Fv2%2Fcomments&post=267"}],"version-history":[{"count":1,"href":"https:\/\/kulturtage-poing.de\/index.php?rest_route=\/wp\/v2\/pages\/267\/revisions"}],"predecessor-version":[{"id":269,"href":"https:\/\/kulturtage-poing.de\/index.php?rest_route=\/wp\/v2\/pages\/267\/revisions\/269"}],"wp:attachment":[{"href":"https:\/\/kulturtage-poing.de\/index.php?rest_route=%2Fwp%2Fv2%2Fmedia&parent=267"}],"curies":[{"name":"wp","href":"https:\/\/api.w.org\/{rel}","templated":true}]}}