{"id":284,"date":"2014-08-21T20:10:30","date_gmt":"2014-08-21T18:10:30","guid":{"rendered":"http:\/\/kulturtage-poing.de\/?page_id=284"},"modified":"2016-06-27T18:19:33","modified_gmt":"2016-06-27T16:19:33","slug":"ballettschule-des-familienzentrums-poing","status":"publish","type":"page","link":"https:\/\/kulturtage-poing.de\/?page_id=284","title":{"rendered":"Ballettschule des Familienzentrums Poing"},"content":{"rendered":"<p><strong>Ballett in Poing<\/strong><\/p>\n<p><a href=\"http:\/\/kulturtage-poing.de\/?attachment_id=543\"><img loading=\"lazy\" decoding=\"async\" class=\"alignright wp-image-543 size-medium\" src=\"http:\/\/kulturtage-poing.de\/wp-content\/uploads\/2014\/08\/ONBL_KW_04_Kulturtage_Poing-300x225.jpg\" width=\"300\" height=\"225\" srcset=\"https:\/\/kulturtage-poing.de\/wp-content\/uploads\/2014\/08\/ONBL_KW_04_Kulturtage_Poing-300x225.jpg 300w, https:\/\/kulturtage-poing.de\/wp-content\/uploads\/2014\/08\/ONBL_KW_04_Kulturtage_Poing-768x576.jpg 768w, https:\/\/kulturtage-poing.de\/wp-content\/uploads\/2014\/08\/ONBL_KW_04_Kulturtage_Poing.jpg 960w\" sizes=\"auto, (max-width: 300px) 100vw, 300px\" \/><\/a><br \/>\nIm Familienzentrum wird klassisches Ballett nach der russischen Waganowa Schule f\u00fcr Kinder ab 4 1\/2 Jahren unterrichtet.<\/p>\n<p>Tanz vermittelt \u00c4sthetik und Kultur und lehrt uns Disziplin, Selbstvertrauen, Mitmenschlichkeit und Teamgeist. Gerade in unserer schnelllebigen Zeit ist es f\u00fcr Kinder wichtig, mit diesen Werten aufzuwachsen, um sie als selbstverst\u00e4ndlich ansehen zu k\u00f6nnen. Ballett bietet die M\u00f6glichkeit, sie zu erleben und f\u00f6rdert zudem das Koordinations- und Konzentrationsverm\u00f6gen, die Kondition und das K\u00f6rperbewusstsein. Ballett ist mithin die Basis f\u00fcr jede andere Tanzform sowie eine gute Unterst\u00fctzung f\u00fcr die verschiedensten Sportarten.<br \/>\nUnsere langj\u00e4hrige, erfahrene und beliebte Ballettlehrerin und gepr\u00fcfte Ballettp\u00e4dagogin Frau R\u00fcger hat viele neue Pl\u00e4ne mit den Kindern. (<a href=\"http:\/\/www.familienzentrum-poing.de\">www.familienzentrum-poing.de<\/a>)<\/p>\n<p>Lassen Sie sich \u00fcberraschen!<\/p>\n","protected":false},"excerpt":{"rendered":"<p>Ballett in Poing Im Familienzentrum wird klassisches Ballett nach der russischen Waganowa Schule f\u00fcr Kinder ab 4 1\/2 Jahren unterrichtet. Tanz vermittelt \u00c4sthetik und Kultur und lehrt uns Disziplin, Selbstvertrauen, Mitmenschlichkeit und Teamgeist. Gerade in unserer schnelllebigen Zeit ist es f\u00fcr Kinder wichtig, mit diesen Werten aufzuwachsen, um sie als selbstverst\u00e4ndlich ansehen zu k\u00f6nnen. Ballett [&hellip;]<\/p>\n","protected":false},"author":1,"featured_media":0,"parent":154,"menu_order":0,"comment_status":"closed","ping_status":"closed","template":"","meta":{"footnotes":""},"class_list":["post-284","page","type-page","status-publish","czr-hentry"],"_links":{"self":[{"href":"https:\/\/kulturtage-poing.de\/index.php?rest_route=\/wp\/v2\/pages\/284","targetHints":{"allow":["GET"]}}],"collection":[{"href":"https:\/\/kulturtage-poing.de\/index.php?rest_route=\/wp\/v2\/pages"}],"about":[{"href":"https:\/\/kulturtage-poing.de\/index.php?rest_route=\/wp\/v2\/types\/page"}],"author":[{"embeddable":true,"href":"https:\/\/kulturtage-poing.de\/index.php?rest_route=\/wp\/v2\/users\/1"}],"replies":[{"embeddable":true,"href":"https:\/\/kulturtage-poing.de\/index.php?rest_route=%2Fwp%2Fv2%2Fcomments&post=284"}],"version-history":[{"count":2,"href":"https:\/\/kulturtage-poing.de\/index.php?rest_route=\/wp\/v2\/pages\/284\/revisions"}],"predecessor-version":[{"id":544,"href":"https:\/\/kulturtage-poing.de\/index.php?rest_route=\/wp\/v2\/pages\/284\/revisions\/544"}],"up":[{"embeddable":true,"href":"https:\/\/kulturtage-poing.de\/index.php?rest_route=\/wp\/v2\/pages\/154"}],"wp:attachment":[{"href":"https:\/\/kulturtage-poing.de\/index.php?rest_route=%2Fwp%2Fv2%2Fmedia&parent=284"}],"curies":[{"name":"wp","href":"https:\/\/api.w.org\/{rel}","templated":true}]}}