{"id":297,"date":"2014-08-21T20:26:46","date_gmt":"2014-08-21T18:26:46","guid":{"rendered":"http:\/\/kulturtage-poing.de\/?page_id=297"},"modified":"2025-04-08T16:06:28","modified_gmt":"2025-04-08T14:06:28","slug":"barbara-sauter","status":"publish","type":"page","link":"https:\/\/kulturtage-poing.de\/?page_id=297","title":{"rendered":"Barbara Sauter"},"content":{"rendered":"<p>&nbsp;<\/p>\n<p>&nbsp;<\/p>\n<p>Die aus dem Allg\u00e4u stammen<a href=\"http:\/\/kulturtage-poing.de\/wp-content\/uploads\/2024\/10\/DSC_0961-scaled.jpg\"><img loading=\"lazy\" decoding=\"async\" class=\"size-medium wp-image-2177 alignright\" src=\"http:\/\/kulturtage-poing.de\/wp-content\/uploads\/2024\/10\/DSC_0961-300x201.jpg\" alt=\"\" width=\"300\" height=\"201\" srcset=\"https:\/\/kulturtage-poing.de\/wp-content\/uploads\/2024\/10\/DSC_0961-300x201.jpg 300w, https:\/\/kulturtage-poing.de\/wp-content\/uploads\/2024\/10\/DSC_0961-1024x685.jpg 1024w, https:\/\/kulturtage-poing.de\/wp-content\/uploads\/2024\/10\/DSC_0961-768x514.jpg 768w, https:\/\/kulturtage-poing.de\/wp-content\/uploads\/2024\/10\/DSC_0961-1536x1028.jpg 1536w, https:\/\/kulturtage-poing.de\/wp-content\/uploads\/2024\/10\/DSC_0961-2048x1371.jpg 2048w\" sizes=\"auto, (max-width: 300px) 100vw, 300px\" \/><\/a>de Mezzosopranistin studierte Gesang<\/p>\n<p>und Operndarstellung in M\u00fcnchen an der Musikhochschule, war lange Jahre auch in den USA t\u00e4tig und ist seither eine gefragte S\u00e4ngerin, die sich im deutschsprachigen Raum vor allem im Bereich des Liedgesangs, aber auch im Operetten- und Opernfach einen Namen gemacht hat!<\/p>\n<p>Ihre stimmliche Bandbreite erm\u00f6glichen ihr eine Interpretation der unterschiedlichsten Stilrichtungen und Partien &#8211; von Mezzo- bis ins Sopran- oder sogar ins Altfach!<br \/>\nUnvergessen sind die vielen Operetten- und Galaabende als kongeniales Duo mit dem Buffotenor Richard Wiedl.<br \/>\nIhr gro\u00dfes schauspielerisches Talent \u00f6ffnen ihr auch hier T\u00fcr und Tor und l\u00e4sst ihr Publikum immer wieder aufs Neue fasziniert sein!<\/p>\n<p class=\"size-medium wp-image-295\">Auf der Homepage der K\u00fcnstlerin <a href=\"http:\/\/www.barbara-sauter.de\">www.barbara-sauter.de<\/a> und auf der <a title=\"Offizielle Barbara Sauter Fanpage\" href=\"https:\/\/www.facebook.com\/pages\/Offizielle-Barbara-Sauter-Fanpage\/784343648254357\">Offiziellen Barbara Sauter Fanpage <\/a>auf Facebook finden Sie weitere Informationen.<\/p>\n","protected":false},"excerpt":{"rendered":"<p>&nbsp; &nbsp; Die aus dem Allg\u00e4u stammende Mezzosopranistin studierte Gesang und Operndarstellung in M\u00fcnchen an der Musikhochschule, war lange Jahre auch in den USA t\u00e4tig und ist seither eine gefragte S\u00e4ngerin, die sich im deutschsprachigen Raum vor allem im Bereich des Liedgesangs, aber auch im Operetten- und Opernfach einen Namen gemacht hat! Ihre stimmliche Bandbreite [&hellip;]<\/p>\n","protected":false},"author":1,"featured_media":0,"parent":0,"menu_order":0,"comment_status":"closed","ping_status":"closed","template":"","meta":{"footnotes":""},"class_list":["post-297","page","type-page","status-publish","czr-hentry"],"_links":{"self":[{"href":"https:\/\/kulturtage-poing.de\/index.php?rest_route=\/wp\/v2\/pages\/297","targetHints":{"allow":["GET"]}}],"collection":[{"href":"https:\/\/kulturtage-poing.de\/index.php?rest_route=\/wp\/v2\/pages"}],"about":[{"href":"https:\/\/kulturtage-poing.de\/index.php?rest_route=\/wp\/v2\/types\/page"}],"author":[{"embeddable":true,"href":"https:\/\/kulturtage-poing.de\/index.php?rest_route=\/wp\/v2\/users\/1"}],"replies":[{"embeddable":true,"href":"https:\/\/kulturtage-poing.de\/index.php?rest_route=%2Fwp%2Fv2%2Fcomments&post=297"}],"version-history":[{"count":16,"href":"https:\/\/kulturtage-poing.de\/index.php?rest_route=\/wp\/v2\/pages\/297\/revisions"}],"predecessor-version":[{"id":2372,"href":"https:\/\/kulturtage-poing.de\/index.php?rest_route=\/wp\/v2\/pages\/297\/revisions\/2372"}],"wp:attachment":[{"href":"https:\/\/kulturtage-poing.de\/index.php?rest_route=%2Fwp%2Fv2%2Fmedia&parent=297"}],"curies":[{"name":"wp","href":"https:\/\/api.w.org\/{rel}","templated":true}]}}