{"id":367,"date":"2014-09-08T11:07:15","date_gmt":"2014-09-08T09:07:15","guid":{"rendered":"http:\/\/kulturtage-poing.de\/?page_id=367"},"modified":"2025-02-12T18:52:26","modified_gmt":"2025-02-12T17:52:26","slug":"kulturtage-poing-e-v","status":"publish","type":"page","link":"https:\/\/kulturtage-poing.de\/?page_id=367","title":{"rendered":"Kulturtage Poing e.V."},"content":{"rendered":"<h3 style=\"text-align: center;\"><a href=\"http:\/\/kulturtage-poing.de\/wp-content\/uploads\/2024\/06\/Neue-Vorstandschaft.jpg\"><img loading=\"lazy\" decoding=\"async\" class=\"alignnone wp-image-1931 size-large\" src=\"http:\/\/kulturtage-poing.de\/wp-content\/uploads\/2024\/06\/Neue-Vorstandschaft-1024x768.jpg\" alt=\"\" width=\"1024\" height=\"768\" srcset=\"https:\/\/kulturtage-poing.de\/wp-content\/uploads\/2024\/06\/Neue-Vorstandschaft-1024x768.jpg 1024w, https:\/\/kulturtage-poing.de\/wp-content\/uploads\/2024\/06\/Neue-Vorstandschaft-300x225.jpg 300w, https:\/\/kulturtage-poing.de\/wp-content\/uploads\/2024\/06\/Neue-Vorstandschaft-768x576.jpg 768w, https:\/\/kulturtage-poing.de\/wp-content\/uploads\/2024\/06\/Neue-Vorstandschaft-1536x1152.jpg 1536w, https:\/\/kulturtage-poing.de\/wp-content\/uploads\/2024\/06\/Neue-Vorstandschaft.jpg 1600w\" sizes=\"auto, (max-width: 1024px) 100vw, 1024px\" \/><\/a><\/h3>\n<p style=\"margin: 0cm; margin-bottom: .0001pt; background: #FAFAFA;\"><span style=\"font-size: 10.5pt; font-family: 'Helvetica',sans-serif; color: #5a5a5a;\">Im Jahr 2013 hat ein kleines Gr\u00fcppchen kulturbegeisterter Personen den Verein\u00a0<strong><span style=\"font-family: 'Helvetica',sans-serif;\">\u201eKulturtage Poing e.V.\u201c<\/span><\/strong>\u00a0gegr\u00fcndet, mit dem gro\u00dfen Ziel, mehrt\u00e4gige Veranstaltungen in Poing auf die Beine zu stellen, die einen m\u00f6glichst breiten kulturellen Rahmen umspannen sollte.<\/span><\/p>\n<p style=\"margin: 0cm; margin-bottom: .0001pt; background: #FAFAFA;\"><span style=\"font-size: 10.5pt; font-family: 'Helvetica',sans-serif; color: #5a5a5a;\">\u00a0<\/span><\/p>\n<p style=\"margin: 0cm; margin-bottom: .0001pt; background: #FAFAFA; font-variant-ligatures: normal; font-variant-caps: normal; orphans: 2; text-align: start; widows: 2; -webkit-text-stroke-width: 0px; text-decoration-thickness: initial; text-decoration-style: initial; text-decoration-color: initial; word-spacing: 0px;\"><span style=\"font-size: 10.5pt; font-family: 'Helvetica',sans-serif; color: #5a5a5a;\"><strong>2014<\/strong> mit 5 Tagen vom 01.-05.10. mit einem breiten Programm quer durch alle Sparten<br \/>\n<strong>2015<\/strong> mit 2 Tagen vom 09.-10.05. mit Operettenmelodien und einer Ballettauff\u00fchrung zum Muttertag<br \/>\n<strong>2016<\/strong> mit 6 Tagen vom 14.-16.10. und 21.-23.10. mit einem umfangreichen Programm mit allen Genres<br \/>\n<strong>2017<\/strong> mit 2 Tagen vom 13.-14.05. mit einem Kabarettabend mit M\u00fcnchens Altoberb\u00fcrgermeister Christian Ude und ein Operettenkonzert zum Muttertag<br \/>\n<strong>2018<\/strong> mit 6 Tagen vom 19.-21.10. und 26.-28.10. mit einem vielf\u00e4ltigen\u00a0 Programm unterschiedlicher Stilrichtungen<br \/>\n<strong>2019<\/strong> mit 2 Tagen vom 11.-12.05. mit einem Operettenkonzert, einer\u00a0 Ballettmattin\u00e9e und einer Peter-Alexander-Revue zum Muttertag<br \/>\n<strong>2020<\/strong> \u2013 <em><span style=\"color: #ff0000;\">entfallen wegen Corona<\/span><\/em><\/span><\/p>\n<p style=\"margin: 0cm; margin-bottom: .0001pt; background: #FAFAFA;\"><span style=\"font-size: 10.5pt; font-family: 'Helvetica',sans-serif; color: #5a5a5a; background: #FAFAFA;\"><strong>2021<\/strong> mit 1 Tag am 23.10.2021 mit einem Operettenkonzert,<\/span><\/p>\n<p style=\"margin: 0cm; margin-bottom: .0001pt; background: #FAFAFA;\"><span style=\"font-size: 10.5pt; font-family: 'Helvetica',sans-serif; color: #5a5a5a;\"> <strong>2022<\/strong> mit 6 Tagen vom 14.-16.10. und 20.-23.10. mit einem Programm in den unterschiedlichsten Stilrichtungen<br \/>\n<strong>2023<\/strong> mit 3 Tagen vom 19.-21.05. mit einer Lesung, einem Abend mit Wiener Melodien und einem Theaterabend<br \/>\n<b>2024<\/b> mit 6 Tagen vom 11.-13.10 und 18.-20.10.\u00a0mit einem breiten Programm quer durch alle Sparten<br \/>\n<\/span><\/p>\n<h2 style=\"text-align: center;\"><strong>in Planung:<br \/>\n<span style=\"color: #ff00ff;\">Kulturtage 2025 im Mai 2025<br \/>\nOperettenabend am 17.05.2025, restliches Programm in Vorbereitung.\u00a0<\/span><\/strong><\/h2>\n<p style=\"text-align: left;\">Wir hoffen, dass der Funke der Begeisterung allzu oft von der B\u00fchne ins Publikum \u00fcberspringen m\u00f6ge!<br \/>\nHerzlich danken m\u00f6chten wir bereits an dieser Stelle unseren zahlreichen Sponsoren und F\u00f6rderern, die unser Projekt mit kleinen und gr\u00f6\u00dferen Summe unterst\u00fctzen! Herzlichen Dank auch an den Landkreis Ebersberg, der uns im Rahmen der Kulturf\u00f6rderung unterst\u00fctzt!<\/p>\n<p style=\"text-align: left;\">Alle unsere K\u00fcnstler sind mit dem Herzen bei der Sache und sie verstehen ihren Beruf als wahre Berufung!<br \/>\nLassen Sie sich \u00fcberraschen \u2013 wir w\u00fcnschen Ihnen Abende voller Gl\u00fccksmomente f\u00fcr die Seele!<\/p>\n<p style=\"text-align: left;\">Wir sehen uns dann im Mai 2025!<br \/>\nCornelia G\u00fctlich f\u00fcr den Verein Kulturtage Poing e.V.<\/p>\n","protected":false},"excerpt":{"rendered":"<p>Im Jahr 2013 hat ein kleines Gr\u00fcppchen kulturbegeisterter Personen den Verein\u00a0\u201eKulturtage Poing e.V.\u201c\u00a0gegr\u00fcndet, mit dem gro\u00dfen Ziel, mehrt\u00e4gige Veranstaltungen in Poing auf die Beine zu stellen, die einen m\u00f6glichst breiten kulturellen Rahmen umspannen sollte. \u00a0 2014 mit 5 Tagen vom 01.-05.10. mit einem breiten Programm quer durch alle Sparten 2015 mit 2 Tagen vom 09.-10.05. [&hellip;]<\/p>\n","protected":false},"author":1,"featured_media":0,"parent":0,"menu_order":0,"comment_status":"closed","ping_status":"closed","template":"","meta":{"footnotes":""},"class_list":["post-367","page","type-page","status-publish","czr-hentry"],"_links":{"self":[{"href":"https:\/\/kulturtage-poing.de\/index.php?rest_route=\/wp\/v2\/pages\/367","targetHints":{"allow":["GET"]}}],"collection":[{"href":"https:\/\/kulturtage-poing.de\/index.php?rest_route=\/wp\/v2\/pages"}],"about":[{"href":"https:\/\/kulturtage-poing.de\/index.php?rest_route=\/wp\/v2\/types\/page"}],"author":[{"embeddable":true,"href":"https:\/\/kulturtage-poing.de\/index.php?rest_route=\/wp\/v2\/users\/1"}],"replies":[{"embeddable":true,"href":"https:\/\/kulturtage-poing.de\/index.php?rest_route=%2Fwp%2Fv2%2Fcomments&post=367"}],"version-history":[{"count":29,"href":"https:\/\/kulturtage-poing.de\/index.php?rest_route=\/wp\/v2\/pages\/367\/revisions"}],"predecessor-version":[{"id":2330,"href":"https:\/\/kulturtage-poing.de\/index.php?rest_route=\/wp\/v2\/pages\/367\/revisions\/2330"}],"wp:attachment":[{"href":"https:\/\/kulturtage-poing.de\/index.php?rest_route=%2Fwp%2Fv2%2Fmedia&parent=367"}],"curies":[{"name":"wp","href":"https:\/\/api.w.org\/{rel}","templated":true}]}}