{"id":531,"date":"2016-06-27T18:14:09","date_gmt":"2016-06-27T16:14:09","guid":{"rendered":"http:\/\/kulturtage-poing.de\/?page_id=531"},"modified":"2016-06-27T18:14:09","modified_gmt":"2016-06-27T16:14:09","slug":"tobias-pfuelb","status":"publish","type":"page","link":"https:\/\/kulturtage-poing.de\/?page_id=531","title":{"rendered":"Tobias Pf\u00fclb"},"content":{"rendered":"<p><a href=\"http:\/\/kulturtage-poing.de\/?attachment_id=532\" rel=\"attachment wp-att-532\"><img loading=\"lazy\" decoding=\"async\" class=\"alignleft wp-image-532 size-medium\" src=\"http:\/\/kulturtage-poing.de\/wp-content\/uploads\/2016\/06\/ONBL_KW_09_Kulturtage_Poing-199x300.jpg\" alt=\"ONBL_KW_09_Kulturtage_Poing\" width=\"199\" height=\"300\" srcset=\"https:\/\/kulturtage-poing.de\/wp-content\/uploads\/2016\/06\/ONBL_KW_09_Kulturtage_Poing-199x300.jpg 199w, https:\/\/kulturtage-poing.de\/wp-content\/uploads\/2016\/06\/ONBL_KW_09_Kulturtage_Poing.jpg 250w\" sizes=\"auto, (max-width: 199px) 100vw, 199px\" \/><\/a>Seine erste gesangliche Ausbildung erhielt der M\u00fcnchner im T\u00f6lzer Knabenchor, es folgte ein Studium an der Hochschule f\u00fcr Musik in M\u00fcnchen, welches er mit einem Diplom im Konzertgesang abschloss und zahlreiche Meisterklassen.<br \/>\nSeine Konzertt\u00e4tigkeit f\u00fchrte ihn mit zahlreichen Ensembles bereits durch viele verschiedene L\u00e4nder.<br \/>\nSein breitgef\u00e4chertes Repertoire aus allen Epochen des Musiktheaters eignete er sich unter anderem w\u00e4hrend der vier Jahre an, die er als festes Ensemblemitglied der Vereinigten St\u00e4dtischen B\u00fchnen Krefeld-M\u00f6nchengladbach verlebte.<br \/>\nAls freischaffender S\u00e4nger gastierte er danach bereits erfolgreich an vielen verschiedenen Theatern und Opernh\u00e4usern in Deutschland. Aktuell ist er auf Gastspielreisen in der Schweiz unterwegs.<br \/>\nNun kommt er im Oktober nach Poing und wird Sie sicherlich alle mit seinem K\u00f6nnen begeistern!<\/p>\n<p>Lesen Sie mehr \u00fcber Tobias auf seiner <a href=\"http:\/\/www.tobiaspfuelb.de\">Homepage<\/a>&#8230;<\/p>\n<p>Wir freuen uns sehr, dass der Bassist Tobias Pf\u00fclb in diesem Jahr mit von der Partie ist und unser kongeniales Duo zu einem wunderbaren Trio erg\u00e4nzt.<\/p>\n","protected":false},"excerpt":{"rendered":"<p>Seine erste gesangliche Ausbildung erhielt der M\u00fcnchner im T\u00f6lzer Knabenchor, es folgte ein Studium an der Hochschule f\u00fcr Musik in M\u00fcnchen, welches er mit einem Diplom im Konzertgesang abschloss und zahlreiche Meisterklassen. Seine Konzertt\u00e4tigkeit f\u00fchrte ihn mit zahlreichen Ensembles bereits durch viele verschiedene L\u00e4nder. Sein breitgef\u00e4chertes Repertoire aus allen Epochen des Musiktheaters eignete er sich [&hellip;]<\/p>\n","protected":false},"author":1,"featured_media":0,"parent":0,"menu_order":0,"comment_status":"closed","ping_status":"closed","template":"","meta":{"footnotes":""},"class_list":["post-531","page","type-page","status-publish","czr-hentry"],"_links":{"self":[{"href":"https:\/\/kulturtage-poing.de\/index.php?rest_route=\/wp\/v2\/pages\/531","targetHints":{"allow":["GET"]}}],"collection":[{"href":"https:\/\/kulturtage-poing.de\/index.php?rest_route=\/wp\/v2\/pages"}],"about":[{"href":"https:\/\/kulturtage-poing.de\/index.php?rest_route=\/wp\/v2\/types\/page"}],"author":[{"embeddable":true,"href":"https:\/\/kulturtage-poing.de\/index.php?rest_route=\/wp\/v2\/users\/1"}],"replies":[{"embeddable":true,"href":"https:\/\/kulturtage-poing.de\/index.php?rest_route=%2Fwp%2Fv2%2Fcomments&post=531"}],"version-history":[{"count":1,"href":"https:\/\/kulturtage-poing.de\/index.php?rest_route=\/wp\/v2\/pages\/531\/revisions"}],"predecessor-version":[{"id":533,"href":"https:\/\/kulturtage-poing.de\/index.php?rest_route=\/wp\/v2\/pages\/531\/revisions\/533"}],"wp:attachment":[{"href":"https:\/\/kulturtage-poing.de\/index.php?rest_route=%2Fwp%2Fv2%2Fmedia&parent=531"}],"curies":[{"name":"wp","href":"https:\/\/api.w.org\/{rel}","templated":true}]}}