{"id":546,"date":"2016-06-27T18:21:57","date_gmt":"2016-06-27T16:21:57","guid":{"rendered":"http:\/\/kulturtage-poing.de\/?page_id=546"},"modified":"2016-06-27T18:26:41","modified_gmt":"2016-06-27T16:26:41","slug":"liederabend-mit-barbara-sauter-die-kuenstlerinnen","status":"publish","type":"page","link":"https:\/\/kulturtage-poing.de\/?page_id=546","title":{"rendered":"Liederabend mit Barbara Sauter &#8211; die K\u00fcnstlerinnen"},"content":{"rendered":"<p>Erfahren Sie hier mehr \u00fcber unsere K\u00fcnstlerinnen:<\/p>\n<p><a href=\"http:\/\/kulturtage-poing.de\/?page_id=297\">Barbara Sauter<\/a><\/p>\n<p><a href=\"http:\/\/kulturtage-poing.de\/?page_id=267\">Yuko Miura<\/a><\/p>\n<p><a href=\"http:\/\/kulturtage-poing.de\/?page_id=548\">Pamela Rachel<\/a><\/p>\n","protected":false},"excerpt":{"rendered":"<p>Erfahren Sie hier mehr \u00fcber unsere K\u00fcnstlerinnen: Barbara Sauter Yuko Miura Pamela Rachel<\/p>\n","protected":false},"author":1,"featured_media":0,"parent":0,"menu_order":0,"comment_status":"closed","ping_status":"closed","template":"","meta":{"footnotes":""},"class_list":["post-546","page","type-page","status-publish","czr-hentry"],"_links":{"self":[{"href":"https:\/\/kulturtage-poing.de\/index.php?rest_route=\/wp\/v2\/pages\/546","targetHints":{"allow":["GET"]}}],"collection":[{"href":"https:\/\/kulturtage-poing.de\/index.php?rest_route=\/wp\/v2\/pages"}],"about":[{"href":"https:\/\/kulturtage-poing.de\/index.php?rest_route=\/wp\/v2\/types\/page"}],"author":[{"embeddable":true,"href":"https:\/\/kulturtage-poing.de\/index.php?rest_route=\/wp\/v2\/users\/1"}],"replies":[{"embeddable":true,"href":"https:\/\/kulturtage-poing.de\/index.php?rest_route=%2Fwp%2Fv2%2Fcomments&post=546"}],"version-history":[{"count":2,"href":"https:\/\/kulturtage-poing.de\/index.php?rest_route=\/wp\/v2\/pages\/546\/revisions"}],"predecessor-version":[{"id":554,"href":"https:\/\/kulturtage-poing.de\/index.php?rest_route=\/wp\/v2\/pages\/546\/revisions\/554"}],"wp:attachment":[{"href":"https:\/\/kulturtage-poing.de\/index.php?rest_route=%2Fwp%2Fv2%2Fmedia&parent=546"}],"curies":[{"name":"wp","href":"https:\/\/api.w.org\/{rel}","templated":true}]}}