{"id":548,"date":"2016-06-27T18:24:58","date_gmt":"2016-06-27T16:24:58","guid":{"rendered":"http:\/\/kulturtage-poing.de\/?page_id=548"},"modified":"2016-06-27T18:24:58","modified_gmt":"2016-06-27T16:24:58","slug":"pamela-rachel","status":"publish","type":"page","link":"https:\/\/kulturtage-poing.de\/?page_id=548","title":{"rendered":"Pamela Rachel"},"content":{"rendered":"<p><a href=\"http:\/\/kulturtage-poing.de\/?attachment_id=549\" rel=\"attachment wp-att-549\"><img loading=\"lazy\" decoding=\"async\" class=\"alignleft wp-image-549 size-medium\" src=\"http:\/\/kulturtage-poing.de\/wp-content\/uploads\/2016\/06\/ONBL_KW_11_Kulturtage_Poing-200x300.jpg\" width=\"200\" height=\"300\" srcset=\"https:\/\/kulturtage-poing.de\/wp-content\/uploads\/2016\/06\/ONBL_KW_11_Kulturtage_Poing-200x300.jpg 200w, https:\/\/kulturtage-poing.de\/wp-content\/uploads\/2016\/06\/ONBL_KW_11_Kulturtage_Poing-768x1152.jpg 768w, https:\/\/kulturtage-poing.de\/wp-content\/uploads\/2016\/06\/ONBL_KW_11_Kulturtage_Poing-683x1024.jpg 683w, https:\/\/kulturtage-poing.de\/wp-content\/uploads\/2016\/06\/ONBL_KW_11_Kulturtage_Poing.jpg 1385w\" sizes=\"auto, (max-width: 200px) 100vw, 200px\" \/><\/a>Pamela Rachel studierte in W\u00fcrzburg und Karlsruhe Violine und schloss dieses Studium mit Orchesterdiplom ab.<br \/>\nRege Kammermusikt\u00e4tigkeiten und Engagements an Theatern, in Musicals und auch bei Fernseh- und Radioproduktionen folgten, sowie die Teilnahme an zahlreichen Meisterkursen.<br \/>\nInzwischen ist sie ist freiberuflich als Geigerin unterwegs und seit 1997 au\u00dferdem Dozentin beim schw\u00e4bischen Jugendsinfonieorchester, bei dem sie zuvor Konzertmeisterin war.<br \/>\nIhr reichhaltiges Repertoire reicht von Klassik bis Rock und egal was sie spielt, sie spielt es immer mit Herzblut und das h\u00f6rt man in jedem Ton!<br \/>\nAuch in Poing war sie bereits zweimal zu h\u00f6ren, da sie seit Jahren zum festen Ensemble der Kirchenkonzerte von Angela Wiedl geh\u00f6rt und auf diesen Tourneen die Menschen deutschlandweit mit ihrem ber\u00fchrenden Geigenspiel verzaubert.<br \/>\nZu h\u00f6ren sein wird sie mal ganz virtuos solistisch auf ihrem Instrument oder aber als wunderbare Erg\u00e4nzung zu einem klangvollen Trio.<\/p>\n<p>Wir sch\u00e4tzen uns gl\u00fccklich, liebe Pamela, dass Du nun auch bei den Kulturtagen dabei sein wirst<br \/>\nund freuen uns auf einen unvergesslichen Abend f\u00fcr alle Freunde der klassischen Musik.<\/p>\n","protected":false},"excerpt":{"rendered":"<p>Pamela Rachel studierte in W\u00fcrzburg und Karlsruhe Violine und schloss dieses Studium mit Orchesterdiplom ab. Rege Kammermusikt\u00e4tigkeiten und Engagements an Theatern, in Musicals und auch bei Fernseh- und Radioproduktionen folgten, sowie die Teilnahme an zahlreichen Meisterkursen. Inzwischen ist sie ist freiberuflich als Geigerin unterwegs und seit 1997 au\u00dferdem Dozentin beim schw\u00e4bischen Jugendsinfonieorchester, bei dem sie [&hellip;]<\/p>\n","protected":false},"author":1,"featured_media":0,"parent":0,"menu_order":0,"comment_status":"closed","ping_status":"closed","template":"","meta":{"footnotes":""},"class_list":["post-548","page","type-page","status-publish","czr-hentry"],"_links":{"self":[{"href":"https:\/\/kulturtage-poing.de\/index.php?rest_route=\/wp\/v2\/pages\/548","targetHints":{"allow":["GET"]}}],"collection":[{"href":"https:\/\/kulturtage-poing.de\/index.php?rest_route=\/wp\/v2\/pages"}],"about":[{"href":"https:\/\/kulturtage-poing.de\/index.php?rest_route=\/wp\/v2\/types\/page"}],"author":[{"embeddable":true,"href":"https:\/\/kulturtage-poing.de\/index.php?rest_route=\/wp\/v2\/users\/1"}],"replies":[{"embeddable":true,"href":"https:\/\/kulturtage-poing.de\/index.php?rest_route=%2Fwp%2Fv2%2Fcomments&post=548"}],"version-history":[{"count":1,"href":"https:\/\/kulturtage-poing.de\/index.php?rest_route=\/wp\/v2\/pages\/548\/revisions"}],"predecessor-version":[{"id":550,"href":"https:\/\/kulturtage-poing.de\/index.php?rest_route=\/wp\/v2\/pages\/548\/revisions\/550"}],"wp:attachment":[{"href":"https:\/\/kulturtage-poing.de\/index.php?rest_route=%2Fwp%2Fv2%2Fmedia&parent=548"}],"curies":[{"name":"wp","href":"https:\/\/api.w.org\/{rel}","templated":true}]}}