{"id":881,"date":"2018-10-03T20:30:09","date_gmt":"2018-10-03T18:30:09","guid":{"rendered":"http:\/\/kulturtage-poing.de\/?page_id=881"},"modified":"2018-10-03T20:30:09","modified_gmt":"2018-10-03T18:30:09","slug":"der-raub-der-sabinerinnen","status":"publish","type":"page","link":"https:\/\/kulturtage-poing.de\/?page_id=881","title":{"rendered":"Der Raub der Sabinerinnen"},"content":{"rendered":"<p><img loading=\"lazy\" decoding=\"async\" class=\"alignleft  wp-image-486\" src=\"http:\/\/kulturtage-poing.de\/wp-content\/uploads\/2014\/05\/kulturtage-poing-theater.png\" alt=\"\" width=\"245\" height=\"245\" srcset=\"https:\/\/kulturtage-poing.de\/wp-content\/uploads\/2014\/05\/kulturtage-poing-theater.png 283w, https:\/\/kulturtage-poing.de\/wp-content\/uploads\/2014\/05\/kulturtage-poing-theater-150x150.png 150w\" sizes=\"auto, (max-width: 245px) 100vw, 245px\" \/>Der Raub der Sabinerinnen &#8211; Unser Theaterst\u00fcck 2018<\/p>\n<p>Eine bunt zusammengew\u00fcrfelte Gruppe von Schauspielerinnen und Schauspieler vom Schulkind bis zum Senior probt seit Anfang 2018 gemeinsam und mit viel Spa\u00df und Freude an diesem St\u00fcck,<br \/>\nVon Neulingen auf der Poinger B\u00fchne bis hin zu alten B\u00fchnenhasen, die schon seit Jahren dabei sind &#8211; eines ist uns allen gemeinsam: die Leidenschaft zum Theater, zur Schauspielerei und zur Verwirklichung einer Theaterauff\u00fchrung.<br \/>\nWir sind alle vollkommen infiziert von der Macht, die von den Brettern, die die Welt bedeuten ausgeht.<br \/>\nSie hat uns alle in ihren Bann gezogen und das hoffen wir, gelingt uns mit Ihnen im Oktober ebenfalls.<\/p>\n<p>Wir spielen &#8222;Der Raub der Sabinerinnen&#8220; von Franz und Paul von Sch\u00f6nthan in einer Bearbeitung unter reichlicher Verwendung reizender Anekdoten von Curt Goetz &#8211; es darf also gelacht werden!<\/p>\n<div class=\"text_exposed_show\">\n<p>Lassen Sie sich von den Wirrungen und Irrungen im Hause der Familie des Professors Gollwitz oder auf der B\u00fchne der Theaterdirektion Emanuel Striese gefangen nehmen und verfolgen Sie das Schicksal der einzelnen Personen bis zum Schluss.<br \/>\nLassen Sie sich \u00fcberraschen und nehmen Ihre pers\u00f6nliche Essenz am Ende des St\u00fcckes mit nach Hause.<\/p>\n<p>Wir versprechen Ihnen einen Theaterabend, den Sie so schnell bestimmt nicht vergessen werden!<\/p>\n<\/div>\n","protected":false},"excerpt":{"rendered":"<p>Der Raub der Sabinerinnen &#8211; Unser Theaterst\u00fcck 2018 Eine bunt zusammengew\u00fcrfelte Gruppe von Schauspielerinnen und Schauspieler vom Schulkind bis zum Senior probt seit Anfang 2018 gemeinsam und mit viel Spa\u00df und Freude an diesem St\u00fcck, Von Neulingen auf der Poinger B\u00fchne bis hin zu alten B\u00fchnenhasen, die schon seit Jahren dabei sind &#8211; eines ist [&hellip;]<\/p>\n","protected":false},"author":1,"featured_media":0,"parent":0,"menu_order":0,"comment_status":"closed","ping_status":"closed","template":"","meta":{"footnotes":""},"class_list":["post-881","page","type-page","status-publish","czr-hentry"],"_links":{"self":[{"href":"https:\/\/kulturtage-poing.de\/index.php?rest_route=\/wp\/v2\/pages\/881","targetHints":{"allow":["GET"]}}],"collection":[{"href":"https:\/\/kulturtage-poing.de\/index.php?rest_route=\/wp\/v2\/pages"}],"about":[{"href":"https:\/\/kulturtage-poing.de\/index.php?rest_route=\/wp\/v2\/types\/page"}],"author":[{"embeddable":true,"href":"https:\/\/kulturtage-poing.de\/index.php?rest_route=\/wp\/v2\/users\/1"}],"replies":[{"embeddable":true,"href":"https:\/\/kulturtage-poing.de\/index.php?rest_route=%2Fwp%2Fv2%2Fcomments&post=881"}],"version-history":[{"count":1,"href":"https:\/\/kulturtage-poing.de\/index.php?rest_route=\/wp\/v2\/pages\/881\/revisions"}],"predecessor-version":[{"id":882,"href":"https:\/\/kulturtage-poing.de\/index.php?rest_route=\/wp\/v2\/pages\/881\/revisions\/882"}],"wp:attachment":[{"href":"https:\/\/kulturtage-poing.de\/index.php?rest_route=%2Fwp%2Fv2%2Fmedia&parent=881"}],"curies":[{"name":"wp","href":"https:\/\/api.w.org\/{rel}","templated":true}]}}