{"id":883,"date":"2018-10-03T20:33:50","date_gmt":"2018-10-03T18:33:50","guid":{"rendered":"http:\/\/kulturtage-poing.de\/?page_id=883"},"modified":"2018-10-03T20:33:50","modified_gmt":"2018-10-03T18:33:50","slug":"kaempfe-nie-mit-fraun","status":"publish","type":"page","link":"https:\/\/kulturtage-poing.de\/?page_id=883","title":{"rendered":"K\u00e4mpfe nie mit Frau&#8217;n"},"content":{"rendered":"<h2 style=\"text-align: center;\">\u201eK\u00e4mpfe nie mit Frau\u2019n\u201c<br \/>\nbeschwingte Melodien aus der Welt der Operette<\/h2>\n<h2><img loading=\"lazy\" decoding=\"async\" class=\"alignleft size-full wp-image-884\" src=\"http:\/\/kulturtage-poing.de\/wp-content\/uploads\/2018\/10\/Operettenabend_2018.png\" alt=\"\" width=\"1280\" height=\"720\" srcset=\"https:\/\/kulturtage-poing.de\/wp-content\/uploads\/2018\/10\/Operettenabend_2018.png 1280w, https:\/\/kulturtage-poing.de\/wp-content\/uploads\/2018\/10\/Operettenabend_2018-300x169.png 300w, https:\/\/kulturtage-poing.de\/wp-content\/uploads\/2018\/10\/Operettenabend_2018-768x432.png 768w, https:\/\/kulturtage-poing.de\/wp-content\/uploads\/2018\/10\/Operettenabend_2018-1024x576.png 1024w\" sizes=\"auto, (max-width: 1280px) 100vw, 1280px\" \/><\/h2>\n<p style=\"text-align: center;\">\nmit Barbara Sauter (Mezzosopran), Richard Wiedl (Tenor), Frederic Jost (Bass)<br \/>\nund dem Petershausener Kammerorchester unter der Leitung von Eugen Tluck, sowie der Ballettschule des Familienzentrums Poing unter der Leitung von Regina R\u00fcger,<br \/>\nModeration: Cornelia G\u00fctlich<\/p>\n<div class=\"text_exposed_show\">\n<p>Am 20. Oktober ist es wieder soweit, unser bew\u00e4hrtes Ensemble wird sie mit beschwingten Operettenmelodien durch den Abend begleiten.<br \/>\nWir freuen uns, Ihnen nun schon zum f\u00fcnften Mal unser \u201eTraumpaar der Operette\u201c pr\u00e4sentieren zu d\u00fcrfen, dass sofort wieder begeistert zugesagt hat, f\u00fcr Sie zu singen.<br \/>\nMezzosopranistin Barbara Sauter und Tenor Richard Wiedl bekommen dieses Jahr Verst\u00e4rkung vom jungen Anzinger Bassisten Frederic Jost, worauf wir ganz besonders stolz sind, die Moderation \u00fcbernimmt Cornelia G\u00fctlich.<\/p>\n<p>Begleitet werden die S\u00e4nger in bew\u00e4hrter Manier von den Musikerinnen und Musikern des Petershausener Kammerorchesters unter der Leitung von Eugen Tluck. Au\u00dferdem d\u00fcrfen Sie sich wieder auf Ballettsch\u00fclerinnen der Ballettschule des Familienzentrums unter der Leitung von Regina R\u00fcger freuen, die Sie mit Darbietungen begeistern werden.<\/p>\n<p>\u201eK\u00e4mpfe nie mit Frau\u2019n\u201c \u2013 kommen Sie und lassen Sie sie \u00fcberraschen, was sich Barbara Sauter und Cornelia G\u00fctlich zu diesem Motto ausdenken werden, um Richard Wiedl und Frederic Jost davon zu \u00fcberzeugen, dass man sich mit ihnen besser nie anlegen sollte\u2026<br \/>\nFolgen Sie uns dabei auf die Spuren des Zigeunerbarons, reisen Sie mit uns nach Paris und bewundern Sie dort \u201edie Dubarry\u201c oder entdecken Sie die Vorz\u00fcge des Vogelh\u00e4ndlers, bevor wir uns alle zur \u201eSaison in Salzburg\u201c treffen.<br \/>\nLassen Sie sich mitrei\u00dfen von bekannten und beschwingten Melodien aus der Welt der Operette.<span class=\"text_exposed_show\"><br \/>\nEs wird wie in den vergangenen Jahren auch, ein wahres Feuerwerk der Unterhaltung werden.<\/span><\/p>\n<\/div>\n","protected":false},"excerpt":{"rendered":"<p>\u201eK\u00e4mpfe nie mit Frau\u2019n\u201c beschwingte Melodien aus der Welt der Operette mit Barbara Sauter (Mezzosopran), Richard Wiedl (Tenor), Frederic Jost (Bass) und dem Petershausener Kammerorchester unter der Leitung von Eugen Tluck, sowie der Ballettschule des Familienzentrums Poing unter der Leitung von Regina R\u00fcger, Moderation: Cornelia G\u00fctlich Am 20. Oktober ist es wieder soweit, unser bew\u00e4hrtes [&hellip;]<\/p>\n","protected":false},"author":1,"featured_media":0,"parent":0,"menu_order":0,"comment_status":"closed","ping_status":"closed","template":"","meta":{"footnotes":""},"class_list":["post-883","page","type-page","status-publish","czr-hentry"],"_links":{"self":[{"href":"https:\/\/kulturtage-poing.de\/index.php?rest_route=\/wp\/v2\/pages\/883","targetHints":{"allow":["GET"]}}],"collection":[{"href":"https:\/\/kulturtage-poing.de\/index.php?rest_route=\/wp\/v2\/pages"}],"about":[{"href":"https:\/\/kulturtage-poing.de\/index.php?rest_route=\/wp\/v2\/types\/page"}],"author":[{"embeddable":true,"href":"https:\/\/kulturtage-poing.de\/index.php?rest_route=\/wp\/v2\/users\/1"}],"replies":[{"embeddable":true,"href":"https:\/\/kulturtage-poing.de\/index.php?rest_route=%2Fwp%2Fv2%2Fcomments&post=883"}],"version-history":[{"count":1,"href":"https:\/\/kulturtage-poing.de\/index.php?rest_route=\/wp\/v2\/pages\/883\/revisions"}],"predecessor-version":[{"id":885,"href":"https:\/\/kulturtage-poing.de\/index.php?rest_route=\/wp\/v2\/pages\/883\/revisions\/885"}],"wp:attachment":[{"href":"https:\/\/kulturtage-poing.de\/index.php?rest_route=%2Fwp%2Fv2%2Fmedia&parent=883"}],"curies":[{"name":"wp","href":"https:\/\/api.w.org\/{rel}","templated":true}]}}