{"id":886,"date":"2018-10-03T20:36:03","date_gmt":"2018-10-03T18:36:03","guid":{"rendered":"http:\/\/kulturtage-poing.de\/?page_id=886"},"modified":"2018-10-03T20:36:03","modified_gmt":"2018-10-03T18:36:03","slug":"ballettmattinee-aschenputtel","status":"publish","type":"page","link":"https:\/\/kulturtage-poing.de\/?page_id=886","title":{"rendered":"Ballettmattin\u00e9e: Aschenputtel"},"content":{"rendered":"<h2 style=\"text-align: center;\">Ballettmattin\u00e9e: &#8222;Aschenputtel&#8220;<br \/>\nmit der Ballettschule des Familienzentrums Poing.<\/h2>\n<p><img loading=\"lazy\" decoding=\"async\" class=\"alignleft  wp-image-487\" src=\"http:\/\/kulturtage-poing.de\/wp-content\/uploads\/2014\/05\/kulturtage-poing-ballett.png\" alt=\"\" width=\"267\" height=\"266\" srcset=\"https:\/\/kulturtage-poing.de\/wp-content\/uploads\/2014\/05\/kulturtage-poing-ballett.png 284w, https:\/\/kulturtage-poing.de\/wp-content\/uploads\/2014\/05\/kulturtage-poing-ballett-150x150.png 150w\" sizes=\"auto, (max-width: 267px) 100vw, 267px\" \/><\/p>\n<p>&nbsp;<\/p>\n<p>Eine sch\u00f6ne Tradition, die wir auch in diesem Jahr fortf\u00fchren m\u00f6chten, ist die Ballettmattin\u00e9e mit der Ballettschule des Familienzentrums Poing.<br \/>\nWir freuen uns auf eine Veranstaltung, die f\u00fcr leuchtende und strahlende Kinderaugen, sowie stolze Eltern und Gro\u00dfeltern sowie Geschwister sorgen wird.<\/p>\n<div class=\"text_exposed_show\">\n<p>Die M\u00e4dchen proben mit Feuereifer einmal in der Woche mit ihrer Lehrerin Regina R\u00fcger, die mit ihren Choreografien jedes Mal aufs Neue zu beeindrucken und \u00fcberraschen wei\u00df.<br \/>\nBezaubernde Darbietungen haben wir in der Vergangenheit gesehen und wir d\u00fcrfen alle gespannt sein, womit uns die Ballettsch\u00fclerinnen in diesem Jahr faszinieren werden.<br \/>\nDie Freude der M\u00e4dchen beim Tanzen zu erleben ist auch f\u00fcr die Zuschauer eine Wonne und so freuen wir uns bereits jetzt auf die Darbietungen.<\/p>\n<\/div>\n","protected":false},"excerpt":{"rendered":"<p>Ballettmattin\u00e9e: &#8222;Aschenputtel&#8220; mit der Ballettschule des Familienzentrums Poing. &nbsp; Eine sch\u00f6ne Tradition, die wir auch in diesem Jahr fortf\u00fchren m\u00f6chten, ist die Ballettmattin\u00e9e mit der Ballettschule des Familienzentrums Poing. Wir freuen uns auf eine Veranstaltung, die f\u00fcr leuchtende und strahlende Kinderaugen, sowie stolze Eltern und Gro\u00dfeltern sowie Geschwister sorgen wird. Die M\u00e4dchen proben mit Feuereifer [&hellip;]<\/p>\n","protected":false},"author":1,"featured_media":0,"parent":0,"menu_order":0,"comment_status":"closed","ping_status":"closed","template":"","meta":{"footnotes":""},"class_list":["post-886","page","type-page","status-publish","czr-hentry"],"_links":{"self":[{"href":"https:\/\/kulturtage-poing.de\/index.php?rest_route=\/wp\/v2\/pages\/886","targetHints":{"allow":["GET"]}}],"collection":[{"href":"https:\/\/kulturtage-poing.de\/index.php?rest_route=\/wp\/v2\/pages"}],"about":[{"href":"https:\/\/kulturtage-poing.de\/index.php?rest_route=\/wp\/v2\/types\/page"}],"author":[{"embeddable":true,"href":"https:\/\/kulturtage-poing.de\/index.php?rest_route=\/wp\/v2\/users\/1"}],"replies":[{"embeddable":true,"href":"https:\/\/kulturtage-poing.de\/index.php?rest_route=%2Fwp%2Fv2%2Fcomments&post=886"}],"version-history":[{"count":1,"href":"https:\/\/kulturtage-poing.de\/index.php?rest_route=\/wp\/v2\/pages\/886\/revisions"}],"predecessor-version":[{"id":887,"href":"https:\/\/kulturtage-poing.de\/index.php?rest_route=\/wp\/v2\/pages\/886\/revisions\/887"}],"wp:attachment":[{"href":"https:\/\/kulturtage-poing.de\/index.php?rest_route=%2Fwp%2Fv2%2Fmedia&parent=886"}],"curies":[{"name":"wp","href":"https:\/\/api.w.org\/{rel}","templated":true}]}}