{"id":888,"date":"2018-10-03T20:39:12","date_gmt":"2018-10-03T18:39:12","guid":{"rendered":"http:\/\/kulturtage-poing.de\/?page_id=888"},"modified":"2018-10-03T20:40:14","modified_gmt":"2018-10-03T18:40:14","slug":"wide-open-spaces","status":"publish","type":"page","link":"https:\/\/kulturtage-poing.de\/?page_id=888","title":{"rendered":"WIDE OPEN SPACES"},"content":{"rendered":"<p><img loading=\"lazy\" decoding=\"async\" class=\"alignleft size-full wp-image-889\" src=\"http:\/\/kulturtage-poing.de\/wp-content\/uploads\/2018\/10\/Lake-Osoyoos-.jpg\" alt=\"\" width=\"1400\" height=\"720\" srcset=\"https:\/\/kulturtage-poing.de\/wp-content\/uploads\/2018\/10\/Lake-Osoyoos-.jpg 1400w, https:\/\/kulturtage-poing.de\/wp-content\/uploads\/2018\/10\/Lake-Osoyoos--300x154.jpg 300w, https:\/\/kulturtage-poing.de\/wp-content\/uploads\/2018\/10\/Lake-Osoyoos--768x395.jpg 768w, https:\/\/kulturtage-poing.de\/wp-content\/uploads\/2018\/10\/Lake-Osoyoos--1024x527.jpg 1024w\" sizes=\"auto, (max-width: 1400px) 100vw, 1400px\" \/><\/p>\n<p>&nbsp;<\/p>\n<p>&nbsp;<\/p>\n<p>&nbsp;<\/p>\n<p>&nbsp;<\/p>\n<p>&nbsp;<\/p>\n<p>&nbsp;<\/p>\n<p>&nbsp;<\/p>\n<p>&nbsp;<\/p>\n<p>&nbsp;<\/p>\n<p style=\"text-align: center;\">Lake Osoyoos &#8211; \u00a9 Photos by Bettina &#8211; all rights reserved 2018<\/p>\n<h2 style=\"text-align: center;\">WIDE OPEN SPACES &#8211; An Image of British Columbia, Canada<\/h2>\n<p>Unber\u00fchrte Landschaft, wilde Tiere in Freiheit, unvorstellbare Gr\u00f6\u00dfendimensionen und Weite\u2026. das ist Canada! Lassen Sie sich entf\u00fchren auf eine Reise in Bildern.<\/p>\n<p>Wir zeigen Fotographien von Bettina Engler, die Canada in seiner Einzigartigkeit, in seiner Vielfalt und Farbenpracht zeigen.<br \/>\nBettina Engler, die seit 7 Jahren in Canada lebt, fotografiert schon lange leidenschaftlich in ihrer Freizeit und freut sich darauf, Aufnahmen aus ihrer Wahlheimat British Columbia nun hier in Deutschland zu zeigen.<\/p>\n<div class=\"text_exposed_show\">\n<p>Die Ausstellung kann jeweils eine Stunde vor den Veranstaltungen und in den Pausen besucht werden.<br \/>\nZus\u00e4tzlich ist es m\u00f6glich die Ausstellung an folgenden Tagen zu besuchen:<br \/>\nSonntag, 21.10.2018 \u2013 von 14 bis 18 Uhr<br \/>\nSonntag, 28.10.2018 \u2013 von 14 bis 17 Uhr<\/p>\n<p>Der Eintritt ist frei!<\/p>\n<\/div>\n","protected":false},"excerpt":{"rendered":"<p>&nbsp; &nbsp; &nbsp; &nbsp; &nbsp; &nbsp; &nbsp; &nbsp; &nbsp; Lake Osoyoos &#8211; \u00a9 Photos by Bettina &#8211; all rights reserved 2018 WIDE OPEN SPACES &#8211; An Image of British Columbia, Canada Unber\u00fchrte Landschaft, wilde Tiere in Freiheit, unvorstellbare Gr\u00f6\u00dfendimensionen und Weite\u2026. das ist Canada! Lassen Sie sich entf\u00fchren auf eine Reise in Bildern. Wir zeigen [&hellip;]<\/p>\n","protected":false},"author":1,"featured_media":0,"parent":0,"menu_order":0,"comment_status":"closed","ping_status":"closed","template":"","meta":{"footnotes":""},"class_list":["post-888","page","type-page","status-publish","czr-hentry"],"_links":{"self":[{"href":"https:\/\/kulturtage-poing.de\/index.php?rest_route=\/wp\/v2\/pages\/888","targetHints":{"allow":["GET"]}}],"collection":[{"href":"https:\/\/kulturtage-poing.de\/index.php?rest_route=\/wp\/v2\/pages"}],"about":[{"href":"https:\/\/kulturtage-poing.de\/index.php?rest_route=\/wp\/v2\/types\/page"}],"author":[{"embeddable":true,"href":"https:\/\/kulturtage-poing.de\/index.php?rest_route=\/wp\/v2\/users\/1"}],"replies":[{"embeddable":true,"href":"https:\/\/kulturtage-poing.de\/index.php?rest_route=%2Fwp%2Fv2%2Fcomments&post=888"}],"version-history":[{"count":2,"href":"https:\/\/kulturtage-poing.de\/index.php?rest_route=\/wp\/v2\/pages\/888\/revisions"}],"predecessor-version":[{"id":891,"href":"https:\/\/kulturtage-poing.de\/index.php?rest_route=\/wp\/v2\/pages\/888\/revisions\/891"}],"wp:attachment":[{"href":"https:\/\/kulturtage-poing.de\/index.php?rest_route=%2Fwp%2Fv2%2Fmedia&parent=888"}],"curies":[{"name":"wp","href":"https:\/\/api.w.org\/{rel}","templated":true}]}}