{"id":896,"date":"2018-10-03T20:45:56","date_gmt":"2018-10-03T18:45:56","guid":{"rendered":"http:\/\/kulturtage-poing.de\/?page_id=896"},"modified":"2018-10-03T20:45:56","modified_gmt":"2018-10-03T18:45:56","slug":"spaetsommerromantik","status":"publish","type":"page","link":"https:\/\/kulturtage-poing.de\/?page_id=896","title":{"rendered":"Sp\u00e4tsommerromantik"},"content":{"rendered":"<h2>Sp\u00e4tsommerromantik \u2013 ein Arien- und Kammermusikabend<\/h2>\n<p><img loading=\"lazy\" decoding=\"async\" class=\"alignleft size-full wp-image-897\" src=\"http:\/\/kulturtage-poing.de\/wp-content\/uploads\/2018\/10\/Arienabend_2018.png\" alt=\"\" width=\"1280\" height=\"720\" srcset=\"https:\/\/kulturtage-poing.de\/wp-content\/uploads\/2018\/10\/Arienabend_2018.png 1280w, https:\/\/kulturtage-poing.de\/wp-content\/uploads\/2018\/10\/Arienabend_2018-300x169.png 300w, https:\/\/kulturtage-poing.de\/wp-content\/uploads\/2018\/10\/Arienabend_2018-768x432.png 768w, https:\/\/kulturtage-poing.de\/wp-content\/uploads\/2018\/10\/Arienabend_2018-1024x576.png 1024w\" sizes=\"auto, (max-width: 1280px) 100vw, 1280px\" \/><\/p>\n<p>&nbsp;<\/p>\n<p>&nbsp;<\/p>\n<p>&nbsp;<\/p>\n<p>&nbsp;<\/p>\n<p style=\"text-align: center;\">Musikalisch begleitet werden die Mezzosopranistin Barbara Sauter und der Anzinger Bassist Frederic Jost in bew\u00e4hrter Weise von Yuko Miura am Klavier und Pamela Rachel sowie Ayano Miura an der Geige, die auch kammermusikalische Kostbarkeiten zu Geh\u00f6r bringen werden, Moderation: Cornelia G\u00fctlich<\/p>\n<p>Zur Auff\u00fchrung kommen Arien und Lieder u.a. von Mozart, Dvo\u0159\u00e1k und Korngold sowie Schostakowitsch.<br \/>\n<span class=\"text_exposed_show\">Freuen Sie sich auf Musiker, deren Liebe zur Musik auch Sie begeistern wird. <\/span><\/p>\n","protected":false},"excerpt":{"rendered":"<p>Sp\u00e4tsommerromantik \u2013 ein Arien- und Kammermusikabend &nbsp; &nbsp; &nbsp; &nbsp; Musikalisch begleitet werden die Mezzosopranistin Barbara Sauter und der Anzinger Bassist Frederic Jost in bew\u00e4hrter Weise von Yuko Miura am Klavier und Pamela Rachel sowie Ayano Miura an der Geige, die auch kammermusikalische Kostbarkeiten zu Geh\u00f6r bringen werden, Moderation: Cornelia G\u00fctlich Zur Auff\u00fchrung kommen Arien [&hellip;]<\/p>\n","protected":false},"author":1,"featured_media":0,"parent":0,"menu_order":0,"comment_status":"closed","ping_status":"closed","template":"","meta":{"footnotes":""},"class_list":["post-896","page","type-page","status-publish","czr-hentry"],"_links":{"self":[{"href":"https:\/\/kulturtage-poing.de\/index.php?rest_route=\/wp\/v2\/pages\/896","targetHints":{"allow":["GET"]}}],"collection":[{"href":"https:\/\/kulturtage-poing.de\/index.php?rest_route=\/wp\/v2\/pages"}],"about":[{"href":"https:\/\/kulturtage-poing.de\/index.php?rest_route=\/wp\/v2\/types\/page"}],"author":[{"embeddable":true,"href":"https:\/\/kulturtage-poing.de\/index.php?rest_route=\/wp\/v2\/users\/1"}],"replies":[{"embeddable":true,"href":"https:\/\/kulturtage-poing.de\/index.php?rest_route=%2Fwp%2Fv2%2Fcomments&post=896"}],"version-history":[{"count":1,"href":"https:\/\/kulturtage-poing.de\/index.php?rest_route=\/wp\/v2\/pages\/896\/revisions"}],"predecessor-version":[{"id":898,"href":"https:\/\/kulturtage-poing.de\/index.php?rest_route=\/wp\/v2\/pages\/896\/revisions\/898"}],"wp:attachment":[{"href":"https:\/\/kulturtage-poing.de\/index.php?rest_route=%2Fwp%2Fv2%2Fmedia&parent=896"}],"curies":[{"name":"wp","href":"https:\/\/api.w.org\/{rel}","templated":true}]}}