{"id":92,"date":"2013-10-19T19:08:22","date_gmt":"2013-10-19T17:08:22","guid":{"rendered":"http:\/\/kulturtage-poing.de\/?page_id=92"},"modified":"2014-08-06T20:30:37","modified_gmt":"2014-08-06T18:30:37","slug":"mitglied-werden","status":"publish","type":"page","link":"https:\/\/kulturtage-poing.de\/?page_id=92","title":{"rendered":"Mitglied werden"},"content":{"rendered":"<p>Unser Verein freut sich sehr \u00fcber weitere Mitglieder. Das Beitrittsformular k\u00f6nnen Sie sich ganz bequem hier herunterladen, ausf\u00fcllen und uns zusenden.<br \/>\nAktive und f\u00f6rdernde Mitglieder sind gleicherma\u00dfen herzlich willkommen!<\/p>\n<p><strong><em>(Zum Herunterladen bitte untenstehendes Symbol anklicken)<\/em><\/strong><\/p>\n<div id=\"attachment_94\" style=\"width: 164px\" class=\"wp-caption alignnone\"><a href=\"http:\/\/kulturtage-poing.de\/wp-content\/uploads\/2013\/10\/KTP_Mitgliedsantrag_v01.pdf\" target=\"_blank\"><img loading=\"lazy\" decoding=\"async\" aria-describedby=\"caption-attachment-94\" class=\" wp-image-94  \" alt=\"Mitgliedsantrag Kulturtage Poing e.V.\" src=\"http:\/\/kulturtage-poing.de\/wp-content\/uploads\/2013\/10\/PDF.png\" width=\"154\" height=\"154\" srcset=\"https:\/\/kulturtage-poing.de\/wp-content\/uploads\/2013\/10\/PDF.png 256w, https:\/\/kulturtage-poing.de\/wp-content\/uploads\/2013\/10\/PDF-150x150.png 150w\" sizes=\"auto, (max-width: 154px) 100vw, 154px\" \/><\/a><p id=\"caption-attachment-94\" class=\"wp-caption-text\">Mitgliedsantrag<br \/>Kulturtage Poing e.V.<\/p><\/div>\n","protected":false},"excerpt":{"rendered":"<p>Unser Verein freut sich sehr \u00fcber weitere Mitglieder. Das Beitrittsformular k\u00f6nnen Sie sich ganz bequem hier herunterladen, ausf\u00fcllen und uns zusenden. Aktive und f\u00f6rdernde Mitglieder sind gleicherma\u00dfen herzlich willkommen! (Zum Herunterladen bitte untenstehendes Symbol anklicken)<\/p>\n","protected":false},"author":1,"featured_media":139,"parent":0,"menu_order":3,"comment_status":"closed","ping_status":"closed","template":"","meta":{"footnotes":""},"class_list":["post-92","page","type-page","status-publish","has-post-thumbnail","czr-hentry"],"_links":{"self":[{"href":"https:\/\/kulturtage-poing.de\/index.php?rest_route=\/wp\/v2\/pages\/92","targetHints":{"allow":["GET"]}}],"collection":[{"href":"https:\/\/kulturtage-poing.de\/index.php?rest_route=\/wp\/v2\/pages"}],"about":[{"href":"https:\/\/kulturtage-poing.de\/index.php?rest_route=\/wp\/v2\/types\/page"}],"author":[{"embeddable":true,"href":"https:\/\/kulturtage-poing.de\/index.php?rest_route=\/wp\/v2\/users\/1"}],"replies":[{"embeddable":true,"href":"https:\/\/kulturtage-poing.de\/index.php?rest_route=%2Fwp%2Fv2%2Fcomments&post=92"}],"version-history":[{"count":7,"href":"https:\/\/kulturtage-poing.de\/index.php?rest_route=\/wp\/v2\/pages\/92\/revisions"}],"predecessor-version":[{"id":218,"href":"https:\/\/kulturtage-poing.de\/index.php?rest_route=\/wp\/v2\/pages\/92\/revisions\/218"}],"wp:featuredmedia":[{"embeddable":true,"href":"https:\/\/kulturtage-poing.de\/index.php?rest_route=\/wp\/v2\/media\/139"}],"wp:attachment":[{"href":"https:\/\/kulturtage-poing.de\/index.php?rest_route=%2Fwp%2Fv2%2Fmedia&parent=92"}],"curies":[{"name":"wp","href":"https:\/\/api.w.org\/{rel}","templated":true}]}}