{"id":964,"date":"2019-03-26T17:19:49","date_gmt":"2019-03-26T16:19:49","guid":{"rendered":"http:\/\/kulturtage-poing.de\/?page_id=964"},"modified":"2019-03-31T12:12:52","modified_gmt":"2019-03-31T10:12:52","slug":"kulturtage-2019","status":"publish","type":"page","link":"https:\/\/kulturtage-poing.de\/?page_id=964","title":{"rendered":"Kulturtage 2019"},"content":{"rendered":"<p>Hier finden Sie den Flyer des Programms von 2019 zum Download: <a href=\"http:\/\/kulturtage-poing.de\/wp-content\/uploads\/2019\/03\/Kulturtage_Poing_2019_Programmfolder.pdf\">Kulturtage_Poing_2019_Programmfolder<\/a><\/p>\n<table>\n<tbody>\n<tr>\n<td style=\"text-align: center;\" width=\"90\"><strong>11. Mai\u00a0 2019\u00a0 <\/strong><strong><br \/>\n19:30 Uhr<br \/>\n<\/strong>Einlass:<br \/>\n18:30 Uhr<\/td>\n<td width=\"123\"><strong><img loading=\"lazy\" decoding=\"async\" class=\"alignleft size-full wp-image-489\" src=\"http:\/\/kulturtage-poing.de\/wp-content\/uploads\/2014\/05\/kulturtage-poing-buehne.png\" alt=\"\" width=\"283\" height=\"283\" srcset=\"https:\/\/kulturtage-poing.de\/wp-content\/uploads\/2014\/05\/kulturtage-poing-buehne.png 283w, https:\/\/kulturtage-poing.de\/wp-content\/uploads\/2014\/05\/kulturtage-poing-buehne-150x150.png 150w\" sizes=\"auto, (max-width: 283px) 100vw, 283px\" \/><\/strong><\/td>\n<td style=\"text-align: center;\" width=\"122\"><strong>Aula<\/strong>, Gruber Str. 4, Poing<\/td>\n<td style=\"text-align: center;\" width=\"291\"><a href=\"http:\/\/kulturtage-poing.de\/?page_id=979\"><strong>\u201eShakespeare gr\u00fc\u00dft das Schwarzwaldm\u00e4del\u201c <\/strong><\/a><\/p>\n<p style=\"text-align: center;\">mit Barbara Sauter (Sopran), Richard Wiedl (Tenor) und Frederic Jost (Bass), sowie dem Petershausener Kammerorchester (Ltg: Eugen Tluck) und der Ballettschule des Familienzentrums Poing (Ltg: Regina R\u00fcger),<br \/>\nModeration: Cornelia G\u00fctlich<\/p>\n<\/td>\n<\/tr>\n<tr>\n<td style=\"text-align: center;\" width=\"90\"><strong>12. Mai 2019<\/strong><strong><br \/>\n<\/strong><strong>11:00 Uhr<br \/>\n<\/strong>Einlass:<br \/>\n10:30 Uhr<\/td>\n<td width=\"123\"><img loading=\"lazy\" decoding=\"async\" class=\"alignleft wp-image-487 size-full\" src=\"http:\/\/kulturtage-poing.de\/wp-content\/uploads\/2014\/05\/kulturtage-poing-ballett.png\" alt=\"\" width=\"284\" height=\"283\" srcset=\"https:\/\/kulturtage-poing.de\/wp-content\/uploads\/2014\/05\/kulturtage-poing-ballett.png 284w, https:\/\/kulturtage-poing.de\/wp-content\/uploads\/2014\/05\/kulturtage-poing-ballett-150x150.png 150w\" sizes=\"auto, (max-width: 284px) 100vw, 284px\" \/><\/td>\n<td style=\"text-align: center;\" width=\"122\"><strong>Dreifachturnhalle<\/strong>,<br \/>\nPlieninger Str. 22, Poing<\/td>\n<td style=\"text-align: center;\" width=\"291\"><strong><a href=\"http:\/\/kulturtage-poing.de\/?page_id=989\">&#8222;Ballettmatin\u00e9e zum Muttertag\u201c<\/a><br \/>\n<\/strong>mit der Ballettschule des Familienzentrums Poing<br \/>\nunter der Leitung von Regina R\u00fcger<\/td>\n<\/tr>\n<tr>\n<td style=\"text-align: center;\" width=\"90\"><strong>12. Mai\u00a0 2019\u00a0 <\/strong><strong><br \/>\n18:00 Uhr<br \/>\n<\/strong>Einlass:<br \/>\n17:00 Uhr<\/td>\n<td width=\"123\"><img loading=\"lazy\" decoding=\"async\" class=\"alignleft size-full wp-image-490\" src=\"http:\/\/kulturtage-poing.de\/wp-content\/uploads\/2014\/05\/kulturtage-poing-musik.png\" alt=\"\" width=\"283\" height=\"283\" srcset=\"https:\/\/kulturtage-poing.de\/wp-content\/uploads\/2014\/05\/kulturtage-poing-musik.png 283w, https:\/\/kulturtage-poing.de\/wp-content\/uploads\/2014\/05\/kulturtage-poing-musik-150x150.png 150w\" sizes=\"auto, (max-width: 283px) 100vw, 283px\" \/><\/td>\n<td style=\"text-align: center;\" width=\"122\"><strong>Aula<\/strong>, Gruber Str. 4, Poing<\/td>\n<td style=\"text-align: center;\" width=\"291\"><strong><a href=\"http:\/\/kulturtage-poing.de\/?page_id=992\">\u201eEin Leben \u2013 Peter Alexander\u201c<\/a><br \/>\n<\/strong><\/p>\n<p style=\"text-align: center;\">eine Musik-Revue von Annette Lubosch mit Richard Wiedl (Tenor)<br \/>\nund Sophie Mengele (Klavier)<\/p>\n<\/td>\n<\/tr>\n<\/tbody>\n<\/table>\n<p style=\"text-align: center;\"><strong>\u201eLeben mit Holz\u201c<br \/>\n<\/strong><img loading=\"lazy\" decoding=\"async\" class=\"wp-image-976 alignleft\" src=\"http:\/\/kulturtage-poing.de\/wp-content\/uploads\/2019\/03\/ONBL_KW_11_Kulturtage-Poing.jpg\" alt=\"\" width=\"290\" height=\"206\" srcset=\"https:\/\/kulturtage-poing.de\/wp-content\/uploads\/2019\/03\/ONBL_KW_11_Kulturtage-Poing.jpg 2756w, https:\/\/kulturtage-poing.de\/wp-content\/uploads\/2019\/03\/ONBL_KW_11_Kulturtage-Poing-300x213.jpg 300w, https:\/\/kulturtage-poing.de\/wp-content\/uploads\/2019\/03\/ONBL_KW_11_Kulturtage-Poing-768x546.jpg 768w, https:\/\/kulturtage-poing.de\/wp-content\/uploads\/2019\/03\/ONBL_KW_11_Kulturtage-Poing-1024x728.jpg 1024w\" sizes=\"auto, (max-width: 290px) 100vw, 290px\" \/><\/p>\n<p>Auch in diesem Jahr freuen wir uns \u00fcber eine Ausstellung bei den Kulturtagen.<\/p>\n<p style=\"text-align: center;\">Unter dem Motto \u201eLeben mit Holz\u201c gibt es Holzschalen von Gisela Bruhn und selbstgefertigte Schreibger\u00e4te aus Holz und Acryl von Rochus Mayr zu bewundern.<br \/>\nDie Ausstellung kann jeweils eine Stunde vor den Abendveranstaltungen besucht werden.<\/p>\n<p>Zus\u00e4tzlich ist die Ausstellung auch<\/p>\n<p style=\"text-align: center;\">am\u00a0 Samstag, 11.5. von 14-18 Uhr &amp;<\/p>\n<p style=\"text-align: center;\">am Sonntag, 12.5. von 14-17 Uhr<\/p>\n<p style=\"text-align: center;\">f\u00fcr Ausstellungsbesucher ge\u00f6ffnet, der Eintritt zur Ausstellung ist frei.<\/p>\n<h1 style=\"text-align: center;\">Wir freuen uns auf Ihren Besuch!<\/h1>\n","protected":false},"excerpt":{"rendered":"<p>Hier finden Sie den Flyer des Programms von 2019 zum Download: Kulturtage_Poing_2019_Programmfolder 11. Mai\u00a0 2019\u00a0 19:30 Uhr Einlass: 18:30 Uhr Aula, Gruber Str. 4, Poing \u201eShakespeare gr\u00fc\u00dft das Schwarzwaldm\u00e4del\u201c mit Barbara Sauter (Sopran), Richard Wiedl (Tenor) und Frederic Jost (Bass), sowie dem Petershausener Kammerorchester (Ltg: Eugen Tluck) und der Ballettschule des Familienzentrums Poing (Ltg: Regina [&hellip;]<\/p>\n","protected":false},"author":1,"featured_media":998,"parent":0,"menu_order":0,"comment_status":"closed","ping_status":"closed","template":"","meta":{"footnotes":""},"class_list":["post-964","page","type-page","status-publish","has-post-thumbnail","czr-hentry"],"_links":{"self":[{"href":"https:\/\/kulturtage-poing.de\/index.php?rest_route=\/wp\/v2\/pages\/964","targetHints":{"allow":["GET"]}}],"collection":[{"href":"https:\/\/kulturtage-poing.de\/index.php?rest_route=\/wp\/v2\/pages"}],"about":[{"href":"https:\/\/kulturtage-poing.de\/index.php?rest_route=\/wp\/v2\/types\/page"}],"author":[{"embeddable":true,"href":"https:\/\/kulturtage-poing.de\/index.php?rest_route=\/wp\/v2\/users\/1"}],"replies":[{"embeddable":true,"href":"https:\/\/kulturtage-poing.de\/index.php?rest_route=%2Fwp%2Fv2%2Fcomments&post=964"}],"version-history":[{"count":11,"href":"https:\/\/kulturtage-poing.de\/index.php?rest_route=\/wp\/v2\/pages\/964\/revisions"}],"predecessor-version":[{"id":1022,"href":"https:\/\/kulturtage-poing.de\/index.php?rest_route=\/wp\/v2\/pages\/964\/revisions\/1022"}],"wp:featuredmedia":[{"embeddable":true,"href":"https:\/\/kulturtage-poing.de\/index.php?rest_route=\/wp\/v2\/media\/998"}],"wp:attachment":[{"href":"https:\/\/kulturtage-poing.de\/index.php?rest_route=%2Fwp%2Fv2%2Fmedia&parent=964"}],"curies":[{"name":"wp","href":"https:\/\/api.w.org\/{rel}","templated":true}]}}